{"id":1001,"date":"2023-07-03T17:12:15","date_gmt":"2023-07-03T15:12:15","guid":{"rendered":"https:\/\/carbone0.fr\/?post_type=product&#038;p=1001"},"modified":"2024-10-10T15:35:01","modified_gmt":"2024-10-10T13:35:01","slug":"casque-lazer-genesis-taille-l-58-61","status":"publish","type":"product","link":"https:\/\/carbone0.fr\/index.php\/produit\/casque-lazer-genesis-taille-l-58-61\/","title":{"rendered":"Casque Lazer Genesis Taille L 58-61"},"content":{"rendered":"<h1>Casque Lazer Genesis Taille L 58-61<\/h1>\n<p>r\u00e9f. BLC2227890077<\/p>\n<h2>La vitesse de la l\u00e9g\u00e8ret\u00e9<\/h2>\n<p>&nbsp;<\/p>\n<p>Genesis, le casque le plus l\u00e9ger jamais con\u00e7u par Lazer, redistribue les cartes pour le cyclisme de haut niveau. Si l\u00e9ger que vous oublierez qu&#8217;il est sur votre t\u00eate ! Dot\u00e9 d&#8217;une version ultra-l\u00e9g\u00e8re de notre Advanced Rollsys System<sup>\u00ae<\/sup>\u00a0et du panier de t\u00eate r\u00e9glable qui cr\u00e9e un ajustement facile \u00e0 r\u00e9gler et toujours parfait. Enti\u00e8rement ventil\u00e9 pour un rafra\u00eechissement maximal. Ensembles de rembourrage course ou confort inclus pour chasser le poids ou augmenter le confort.<\/p>\n","protected":false},"excerpt":{"rendered":"<p>Casque Lazer Genesis Taille L 58-61 r\u00e9f. BLC2227890077 La vitesse de la l\u00e9g\u00e8ret\u00e9 &nbsp; Genesis, le casque le plus l\u00e9ger jamais con\u00e7u par Lazer, redistribue les cartes pour le cyclisme de haut niveau. Si l\u00e9ger que vous oublierez qu&#8217;il est sur votre t\u00eate ! Dot\u00e9 d&#8217;une version ultra-l\u00e9g\u00e8re de notre Advanced Rollsys System\u00ae\u00a0et du panier [&hellip;]<\/p>\n","protected":false},"featured_media":1047,"comment_status":"open","ping_status":"closed","template":"","meta":{"_monsterinsights_skip_tracking":false,"_monsterinsights_sitenote_active":false,"_monsterinsights_sitenote_note":"","_monsterinsights_sitenote_category":0},"product_brand":[],"product_cat":[54],"product_tag":[55,119,56],"class_list":{"0":"post-1001","1":"product","2":"type-product","3":"status-publish","4":"has-post-thumbnail","6":"product_cat-casques","7":"product_tag-casque","8":"product_tag-genesis","9":"product_tag-lazer","11":"first","12":"outofstock","13":"taxable","14":"shipping-taxable","15":"purchasable","16":"product-type-simple"},"yoast_head":"<!-- This site is optimized with the Yoast SEO plugin v27.5 - https:\/\/yoast.com\/product\/yoast-seo-wordpress\/ -->\n<title>Casque Lazer Genesis Taille L 58-61 - Carbone0<\/title>\n<meta name=\"robots\" content=\"index, follow, max-snippet:-1, max-image-preview:large, max-video-preview:-1\" \/>\n<link rel=\"canonical\" href=\"https:\/\/carbone0.fr\/index.php\/produit\/casque-lazer-genesis-taille-l-58-61\/\" \/>\n<meta property=\"og:locale\" content=\"fr_FR\" \/>\n<meta property=\"og:type\" content=\"article\" \/>\n<meta property=\"og:title\" content=\"Casque Lazer Genesis Taille L 58-61 - Carbone0\" \/>\n<meta property=\"og:description\" content=\"Casque Lazer Genesis Taille L 58-61 r\u00e9f. BLC2227890077 La vitesse de la l\u00e9g\u00e8ret\u00e9 &nbsp; Genesis, le casque le plus l\u00e9ger jamais con\u00e7u par Lazer, redistribue les cartes pour le cyclisme de haut niveau. Si l\u00e9ger que vous oublierez qu&#8217;il est sur votre t\u00eate ! Dot\u00e9 d&#8217;une version ultra-l\u00e9g\u00e8re de notre Advanced Rollsys System\u00ae\u00a0et du panier [&hellip;]\" \/>\n<meta property=\"og:url\" content=\"https:\/\/carbone0.fr\/index.php\/produit\/casque-lazer-genesis-taille-l-58-61\/\" \/>\n<meta property=\"og:site_name\" content=\"Carbone0\" \/>\n<meta property=\"article:modified_time\" content=\"2024-10-10T13:35:01+00:00\" \/>\n<meta property=\"og:image\" content=\"https:\/\/carbone0.fr\/wp-content\/uploads\/2023\/07\/My-project-1-1.png\" \/>\n\t<meta property=\"og:image:width\" content=\"568\" \/>\n\t<meta property=\"og:image:height\" content=\"568\" \/>\n\t<meta property=\"og:image:type\" content=\"image\/png\" \/>\n<meta name=\"twitter:card\" content=\"summary_large_image\" \/>\n<meta name=\"twitter:label1\" content=\"Dur\u00e9e de lecture estim\u00e9e\" \/>\n\t<meta name=\"twitter:data1\" content=\"1 minute\" \/>\n<script type=\"application\/ld+json\" class=\"yoast-schema-graph\">{\"@context\":\"https:\\\/\\\/schema.org\",\"@graph\":[{\"@type\":\"WebPage\",\"@id\":\"https:\\\/\\\/carbone0.fr\\\/index.php\\\/produit\\\/casque-lazer-genesis-taille-l-58-61\\\/\",\"url\":\"https:\\\/\\\/carbone0.fr\\\/index.php\\\/produit\\\/casque-lazer-genesis-taille-l-58-61\\\/\",\"name\":\"Casque Lazer Genesis Taille L 58-61 - Carbone0\",\"isPartOf\":{\"@id\":\"https:\\\/\\\/carbone0.fr\\\/#website\"},\"primaryImageOfPage\":{\"@id\":\"https:\\\/\\\/carbone0.fr\\\/index.php\\\/produit\\\/casque-lazer-genesis-taille-l-58-61\\\/#primaryimage\"},\"image\":{\"@id\":\"https:\\\/\\\/carbone0.fr\\\/index.php\\\/produit\\\/casque-lazer-genesis-taille-l-58-61\\\/#primaryimage\"},\"thumbnailUrl\":\"https:\\\/\\\/carbone0.fr\\\/wp-content\\\/uploads\\\/2023\\\/07\\\/My-project-1-1.png\",\"datePublished\":\"2023-07-03T15:12:15+00:00\",\"dateModified\":\"2024-10-10T13:35:01+00:00\",\"breadcrumb\":{\"@id\":\"https:\\\/\\\/carbone0.fr\\\/index.php\\\/produit\\\/casque-lazer-genesis-taille-l-58-61\\\/#breadcrumb\"},\"inLanguage\":\"fr-FR\",\"potentialAction\":[{\"@type\":\"ReadAction\",\"target\":[\"https:\\\/\\\/carbone0.fr\\\/index.php\\\/produit\\\/casque-lazer-genesis-taille-l-58-61\\\/\"]}]},{\"@type\":\"ImageObject\",\"inLanguage\":\"fr-FR\",\"@id\":\"https:\\\/\\\/carbone0.fr\\\/index.php\\\/produit\\\/casque-lazer-genesis-taille-l-58-61\\\/#primaryimage\",\"url\":\"https:\\\/\\\/carbone0.fr\\\/wp-content\\\/uploads\\\/2023\\\/07\\\/My-project-1-1.png\",\"contentUrl\":\"https:\\\/\\\/carbone0.fr\\\/wp-content\\\/uploads\\\/2023\\\/07\\\/My-project-1-1.png\",\"width\":568,\"height\":568,\"caption\":\"Casque Lazer Genesis\"},{\"@type\":\"BreadcrumbList\",\"@id\":\"https:\\\/\\\/carbone0.fr\\\/index.php\\\/produit\\\/casque-lazer-genesis-taille-l-58-61\\\/#breadcrumb\",\"itemListElement\":[{\"@type\":\"ListItem\",\"position\":1,\"name\":\"Accueil\",\"item\":\"https:\\\/\\\/carbone0.fr\\\/\"},{\"@type\":\"ListItem\",\"position\":2,\"name\":\"Boutique\",\"item\":\"https:\\\/\\\/carbone0.fr\\\/index.php\\\/boutique\\\/\"},{\"@type\":\"ListItem\",\"position\":3,\"name\":\"Casque Lazer Genesis Taille L 58-61\"}]},{\"@type\":\"WebSite\",\"@id\":\"https:\\\/\\\/carbone0.fr\\\/#website\",\"url\":\"https:\\\/\\\/carbone0.fr\\\/\",\"name\":\"Carbone0\",\"description\":\"LEGER-ECONOMIQUE-DURABLE\",\"publisher\":{\"@id\":\"https:\\\/\\\/carbone0.fr\\\/#organization\"},\"potentialAction\":[{\"@type\":\"SearchAction\",\"target\":{\"@type\":\"EntryPoint\",\"urlTemplate\":\"https:\\\/\\\/carbone0.fr\\\/?s={search_term_string}\"},\"query-input\":{\"@type\":\"PropertyValueSpecification\",\"valueRequired\":true,\"valueName\":\"search_term_string\"}}],\"inLanguage\":\"fr-FR\"},{\"@type\":\"Organization\",\"@id\":\"https:\\\/\\\/carbone0.fr\\\/#organization\",\"name\":\"Carbone0\",\"url\":\"https:\\\/\\\/carbone0.fr\\\/\",\"logo\":{\"@type\":\"ImageObject\",\"inLanguage\":\"fr-FR\",\"@id\":\"https:\\\/\\\/carbone0.fr\\\/#\\\/schema\\\/logo\\\/image\\\/\",\"url\":\"https:\\\/\\\/carbone0.fr\\\/wp-content\\\/uploads\\\/2025\\\/06\\\/logoLangloisConcept10carre1024_1.webp\",\"contentUrl\":\"https:\\\/\\\/carbone0.fr\\\/wp-content\\\/uploads\\\/2025\\\/06\\\/logoLangloisConcept10carre1024_1.webp\",\"width\":768,\"height\":1024,\"caption\":\"Carbone0\"},\"image\":{\"@id\":\"https:\\\/\\\/carbone0.fr\\\/#\\\/schema\\\/logo\\\/image\\\/\"},\"sameAs\":[\"https:\\\/\\\/www.instagram.com\\\/langlois_concept_caen\\\/\",\"https:\\\/\\\/www.youtube.com\\\/@Vincent_Langlois_Carbone0\"]}]}<\/script>\n<!-- \/ Yoast SEO plugin. -->","yoast_head_json":{"title":"Casque Lazer Genesis Taille L 58-61 - Carbone0","robots":{"index":"index","follow":"follow","max-snippet":"max-snippet:-1","max-image-preview":"max-image-preview:large","max-video-preview":"max-video-preview:-1"},"canonical":"https:\/\/carbone0.fr\/index.php\/produit\/casque-lazer-genesis-taille-l-58-61\/","og_locale":"fr_FR","og_type":"article","og_title":"Casque Lazer Genesis Taille L 58-61 - Carbone0","og_description":"Casque Lazer Genesis Taille L 58-61 r\u00e9f. BLC2227890077 La vitesse de la l\u00e9g\u00e8ret\u00e9 &nbsp; Genesis, le casque le plus l\u00e9ger jamais con\u00e7u par Lazer, redistribue les cartes pour le cyclisme de haut niveau. Si l\u00e9ger que vous oublierez qu&#8217;il est sur votre t\u00eate ! Dot\u00e9 d&#8217;une version ultra-l\u00e9g\u00e8re de notre Advanced Rollsys System\u00ae\u00a0et du panier [&hellip;]","og_url":"https:\/\/carbone0.fr\/index.php\/produit\/casque-lazer-genesis-taille-l-58-61\/","og_site_name":"Carbone0","article_modified_time":"2024-10-10T13:35:01+00:00","og_image":[{"width":568,"height":568,"url":"https:\/\/carbone0.fr\/wp-content\/uploads\/2023\/07\/My-project-1-1.png","type":"image\/png"}],"twitter_card":"summary_large_image","twitter_misc":{"Dur\u00e9e de lecture estim\u00e9e":"1 minute"},"schema":{"@context":"https:\/\/schema.org","@graph":[{"@type":"WebPage","@id":"https:\/\/carbone0.fr\/index.php\/produit\/casque-lazer-genesis-taille-l-58-61\/","url":"https:\/\/carbone0.fr\/index.php\/produit\/casque-lazer-genesis-taille-l-58-61\/","name":"Casque Lazer Genesis Taille L 58-61 - Carbone0","isPartOf":{"@id":"https:\/\/carbone0.fr\/#website"},"primaryImageOfPage":{"@id":"https:\/\/carbone0.fr\/index.php\/produit\/casque-lazer-genesis-taille-l-58-61\/#primaryimage"},"image":{"@id":"https:\/\/carbone0.fr\/index.php\/produit\/casque-lazer-genesis-taille-l-58-61\/#primaryimage"},"thumbnailUrl":"https:\/\/carbone0.fr\/wp-content\/uploads\/2023\/07\/My-project-1-1.png","datePublished":"2023-07-03T15:12:15+00:00","dateModified":"2024-10-10T13:35:01+00:00","breadcrumb":{"@id":"https:\/\/carbone0.fr\/index.php\/produit\/casque-lazer-genesis-taille-l-58-61\/#breadcrumb"},"inLanguage":"fr-FR","potentialAction":[{"@type":"ReadAction","target":["https:\/\/carbone0.fr\/index.php\/produit\/casque-lazer-genesis-taille-l-58-61\/"]}]},{"@type":"ImageObject","inLanguage":"fr-FR","@id":"https:\/\/carbone0.fr\/index.php\/produit\/casque-lazer-genesis-taille-l-58-61\/#primaryimage","url":"https:\/\/carbone0.fr\/wp-content\/uploads\/2023\/07\/My-project-1-1.png","contentUrl":"https:\/\/carbone0.fr\/wp-content\/uploads\/2023\/07\/My-project-1-1.png","width":568,"height":568,"caption":"Casque Lazer Genesis"},{"@type":"BreadcrumbList","@id":"https:\/\/carbone0.fr\/index.php\/produit\/casque-lazer-genesis-taille-l-58-61\/#breadcrumb","itemListElement":[{"@type":"ListItem","position":1,"name":"Accueil","item":"https:\/\/carbone0.fr\/"},{"@type":"ListItem","position":2,"name":"Boutique","item":"https:\/\/carbone0.fr\/index.php\/boutique\/"},{"@type":"ListItem","position":3,"name":"Casque Lazer Genesis Taille L 58-61"}]},{"@type":"WebSite","@id":"https:\/\/carbone0.fr\/#website","url":"https:\/\/carbone0.fr\/","name":"Carbone0","description":"LEGER-ECONOMIQUE-DURABLE","publisher":{"@id":"https:\/\/carbone0.fr\/#organization"},"potentialAction":[{"@type":"SearchAction","target":{"@type":"EntryPoint","urlTemplate":"https:\/\/carbone0.fr\/?s={search_term_string}"},"query-input":{"@type":"PropertyValueSpecification","valueRequired":true,"valueName":"search_term_string"}}],"inLanguage":"fr-FR"},{"@type":"Organization","@id":"https:\/\/carbone0.fr\/#organization","name":"Carbone0","url":"https:\/\/carbone0.fr\/","logo":{"@type":"ImageObject","inLanguage":"fr-FR","@id":"https:\/\/carbone0.fr\/#\/schema\/logo\/image\/","url":"https:\/\/carbone0.fr\/wp-content\/uploads\/2025\/06\/logoLangloisConcept10carre1024_1.webp","contentUrl":"https:\/\/carbone0.fr\/wp-content\/uploads\/2025\/06\/logoLangloisConcept10carre1024_1.webp","width":768,"height":1024,"caption":"Carbone0"},"image":{"@id":"https:\/\/carbone0.fr\/#\/schema\/logo\/image\/"},"sameAs":["https:\/\/www.instagram.com\/langlois_concept_caen\/","https:\/\/www.youtube.com\/@Vincent_Langlois_Carbone0"]}]}},"jetpack_sharing_enabled":true,"_links":{"self":[{"href":"https:\/\/carbone0.fr\/index.php\/wp-json\/wp\/v2\/product\/1001","targetHints":{"allow":["GET"]}}],"collection":[{"href":"https:\/\/carbone0.fr\/index.php\/wp-json\/wp\/v2\/product"}],"about":[{"href":"https:\/\/carbone0.fr\/index.php\/wp-json\/wp\/v2\/types\/product"}],"replies":[{"embeddable":true,"href":"https:\/\/carbone0.fr\/index.php\/wp-json\/wp\/v2\/comments?post=1001"}],"wp:featuredmedia":[{"embeddable":true,"href":"https:\/\/carbone0.fr\/index.php\/wp-json\/wp\/v2\/media\/1047"}],"wp:attachment":[{"href":"https:\/\/carbone0.fr\/index.php\/wp-json\/wp\/v2\/media?parent=1001"}],"wp:term":[{"taxonomy":"product_brand","embeddable":true,"href":"https:\/\/carbone0.fr\/index.php\/wp-json\/wp\/v2\/product_brand?post=1001"},{"taxonomy":"product_cat","embeddable":true,"href":"https:\/\/carbone0.fr\/index.php\/wp-json\/wp\/v2\/product_cat?post=1001"},{"taxonomy":"product_tag","embeddable":true,"href":"https:\/\/carbone0.fr\/index.php\/wp-json\/wp\/v2\/product_tag?post=1001"}],"curies":[{"name":"wp","href":"https:\/\/api.w.org\/{rel}","templated":true}]}}