{"id":1091,"date":"2023-09-23T20:25:46","date_gmt":"2023-09-23T18:25:46","guid":{"rendered":"https:\/\/carbone0.fr\/?post_type=product&#038;p=1091"},"modified":"2023-10-12T10:28:48","modified_gmt":"2023-10-12T08:28:48","slug":"home-trainer-elite-novo-smart-pack-incl-tapis-travel-block","status":"publish","type":"product","link":"https:\/\/carbone0.fr\/index.php\/produit\/home-trainer-elite-novo-smart-pack-incl-tapis-travel-block\/","title":{"rendered":"Home Trainer Elite Novo Smart Pack &#8211; Incl Tapis &#038; Travel Block"},"content":{"rendered":"<div id=\"malwarebytes-root\" style=\"position: fixed; inset: 0px 0px auto; z-index: 2147483647; width: 100%;\" tabindex=\"-1\"><\/div>\n<h1 class=\"text-headline-1-expanded break-words mb-lg\" data-qa-id=\"adview_title\">Home Trainer Elite Novo Smart Pack &#8211; Incl Tapis &amp; Travel Block<\/h1>\n<h3>&#8211; Home trainer connect\u00e9 &#8211; Silencieux &#8211; Simulation d&#8217;une pente de 6% au maximum &#8211;<\/h3>\n<ul>\n<li>Ce home trainer connect\u00e9 Novo Smart de Elite est un produit parfait pour s&#8217;entra\u00eener en int\u00e9rieur.<\/li>\n<li>Le home trainer peut supporter jusqu&#8217;\u00e0 900 watts et peut simuler une pente de 6% au maximum.<\/li>\n<li>Vous pourrez mesurer avec pr\u00e9cision votre puissance, votre cadence et votre vitesse.<\/li>\n<li>Vous pourrez connecter cette machine \u00e0 vos applications de simulation de cyclisme qu&#8217;elles soient sur smartphone ou PC.<\/li>\n<li>La r\u00e9sistance de la machine se r\u00e8gle selon le type de trajet (mont\u00e9e\/descente) et selon la dur\u00e9e de votre course.<\/li>\n<li>Mesure en temps r\u00e9el de la puissance, la cadence et la vitesse Associable avec vos applications de simulation de cyclisme Smartphone ou PC<\/li>\n<li>\u00a0Livr\u00e9 avec tapis et support de roue avant<\/li>\n<li>Compatible avec : Zwift, Trainer Road, Kinomap, Perf-Pro, Veloreality et Virtual Training<\/li>\n<li>S&#8217;adapte \u00e0 toutes les roues qui ont un diam\u00e8tre de 24\u2033 \u00e0 29\u2033<\/li>\n<\/ul>\n","protected":false},"excerpt":{"rendered":"<p>Home Trainer Elite Novo Smart Pack &#8211; Incl Tapis &amp; Travel Block &#8211; Home trainer connect\u00e9 &#8211; Silencieux &#8211; Simulation d&#8217;une pente de 6% au maximum &#8211; Ce home trainer connect\u00e9 Novo Smart de Elite est un produit parfait pour s&#8217;entra\u00eener en int\u00e9rieur. Le home trainer peut supporter jusqu&#8217;\u00e0 900 watts et peut simuler une [&hellip;]<\/p>\n","protected":false},"featured_media":1092,"comment_status":"open","ping_status":"closed","template":"","meta":{"_monsterinsights_skip_tracking":false,"_monsterinsights_sitenote_active":false,"_monsterinsights_sitenote_note":"","_monsterinsights_sitenote_category":0},"product_brand":[],"product_cat":[77],"product_tag":[116,115,117,118],"class_list":{"0":"post-1091","1":"product","2":"type-product","3":"status-publish","4":"has-post-thumbnail","6":"product_cat-accessoires","7":"product_tag-elite","8":"product_tag-home-trainer","9":"product_tag-novo","10":"product_tag-smart","12":"first","13":"outofstock","14":"sale","15":"taxable","16":"shipping-taxable","17":"purchasable","18":"product-type-simple"},"yoast_head":"<!-- This site is optimized with the Yoast SEO plugin v27.4 - https:\/\/yoast.com\/product\/yoast-seo-wordpress\/ -->\n<title>Home Trainer Elite Novo Smart Pack - Incl Tapis &amp; Travel Block - Carbone0<\/title>\n<meta name=\"robots\" content=\"index, follow, max-snippet:-1, max-image-preview:large, max-video-preview:-1\" \/>\n<link rel=\"canonical\" href=\"https:\/\/carbone0.fr\/index.php\/produit\/home-trainer-elite-novo-smart-pack-incl-tapis-travel-block\/\" \/>\n<meta property=\"og:locale\" content=\"fr_FR\" \/>\n<meta property=\"og:type\" content=\"article\" \/>\n<meta property=\"og:title\" content=\"Home Trainer Elite Novo Smart Pack - Incl Tapis &amp; Travel Block - Carbone0\" \/>\n<meta property=\"og:description\" content=\"Home Trainer Elite Novo Smart Pack &#8211; Incl Tapis &amp; Travel Block &#8211; Home trainer connect\u00e9 &#8211; Silencieux &#8211; Simulation d&#8217;une pente de 6% au maximum &#8211; Ce home trainer connect\u00e9 Novo Smart de Elite est un produit parfait pour s&#8217;entra\u00eener en int\u00e9rieur. Le home trainer peut supporter jusqu&#8217;\u00e0 900 watts et peut simuler une [&hellip;]\" \/>\n<meta property=\"og:url\" content=\"https:\/\/carbone0.fr\/index.php\/produit\/home-trainer-elite-novo-smart-pack-incl-tapis-travel-block\/\" \/>\n<meta property=\"og:site_name\" content=\"Carbone0\" \/>\n<meta property=\"article:modified_time\" content=\"2023-10-12T08:28:48+00:00\" \/>\n<meta property=\"og:image\" content=\"https:\/\/carbone0.fr\/wp-content\/uploads\/2023\/09\/EL0111330.jpg.thumb_.572.572-2.png\" \/>\n\t<meta property=\"og:image:width\" content=\"572\" \/>\n\t<meta property=\"og:image:height\" content=\"572\" \/>\n\t<meta property=\"og:image:type\" content=\"image\/png\" \/>\n<meta name=\"twitter:card\" content=\"summary_large_image\" \/>\n<meta name=\"twitter:label1\" content=\"Dur\u00e9e de lecture estim\u00e9e\" \/>\n\t<meta name=\"twitter:data1\" content=\"1 minute\" \/>\n<script type=\"application\/ld+json\" class=\"yoast-schema-graph\">{\"@context\":\"https:\\\/\\\/schema.org\",\"@graph\":[{\"@type\":\"WebPage\",\"@id\":\"https:\\\/\\\/carbone0.fr\\\/index.php\\\/produit\\\/home-trainer-elite-novo-smart-pack-incl-tapis-travel-block\\\/\",\"url\":\"https:\\\/\\\/carbone0.fr\\\/index.php\\\/produit\\\/home-trainer-elite-novo-smart-pack-incl-tapis-travel-block\\\/\",\"name\":\"Home Trainer Elite Novo Smart Pack - Incl Tapis & Travel Block - Carbone0\",\"isPartOf\":{\"@id\":\"https:\\\/\\\/carbone0.fr\\\/#website\"},\"primaryImageOfPage\":{\"@id\":\"https:\\\/\\\/carbone0.fr\\\/index.php\\\/produit\\\/home-trainer-elite-novo-smart-pack-incl-tapis-travel-block\\\/#primaryimage\"},\"image\":{\"@id\":\"https:\\\/\\\/carbone0.fr\\\/index.php\\\/produit\\\/home-trainer-elite-novo-smart-pack-incl-tapis-travel-block\\\/#primaryimage\"},\"thumbnailUrl\":\"https:\\\/\\\/carbone0.fr\\\/wp-content\\\/uploads\\\/2023\\\/09\\\/EL0111330.jpg.thumb_.572.572-2.png\",\"datePublished\":\"2023-09-23T18:25:46+00:00\",\"dateModified\":\"2023-10-12T08:28:48+00:00\",\"breadcrumb\":{\"@id\":\"https:\\\/\\\/carbone0.fr\\\/index.php\\\/produit\\\/home-trainer-elite-novo-smart-pack-incl-tapis-travel-block\\\/#breadcrumb\"},\"inLanguage\":\"fr-FR\",\"potentialAction\":[{\"@type\":\"ReadAction\",\"target\":[\"https:\\\/\\\/carbone0.fr\\\/index.php\\\/produit\\\/home-trainer-elite-novo-smart-pack-incl-tapis-travel-block\\\/\"]}]},{\"@type\":\"ImageObject\",\"inLanguage\":\"fr-FR\",\"@id\":\"https:\\\/\\\/carbone0.fr\\\/index.php\\\/produit\\\/home-trainer-elite-novo-smart-pack-incl-tapis-travel-block\\\/#primaryimage\",\"url\":\"https:\\\/\\\/carbone0.fr\\\/wp-content\\\/uploads\\\/2023\\\/09\\\/EL0111330.jpg.thumb_.572.572-2.png\",\"contentUrl\":\"https:\\\/\\\/carbone0.fr\\\/wp-content\\\/uploads\\\/2023\\\/09\\\/EL0111330.jpg.thumb_.572.572-2.png\",\"width\":572,\"height\":572,\"caption\":\"Home Trainer\"},{\"@type\":\"BreadcrumbList\",\"@id\":\"https:\\\/\\\/carbone0.fr\\\/index.php\\\/produit\\\/home-trainer-elite-novo-smart-pack-incl-tapis-travel-block\\\/#breadcrumb\",\"itemListElement\":[{\"@type\":\"ListItem\",\"position\":1,\"name\":\"Accueil\",\"item\":\"https:\\\/\\\/carbone0.fr\\\/\"},{\"@type\":\"ListItem\",\"position\":2,\"name\":\"Boutique\",\"item\":\"https:\\\/\\\/carbone0.fr\\\/index.php\\\/boutique\\\/\"},{\"@type\":\"ListItem\",\"position\":3,\"name\":\"Home Trainer Elite Novo Smart Pack &#8211; Incl Tapis &#038; Travel Block\"}]},{\"@type\":\"WebSite\",\"@id\":\"https:\\\/\\\/carbone0.fr\\\/#website\",\"url\":\"https:\\\/\\\/carbone0.fr\\\/\",\"name\":\"Carbone0\",\"description\":\"LEGER-ECONOMIQUE-DURABLE\",\"publisher\":{\"@id\":\"https:\\\/\\\/carbone0.fr\\\/#organization\"},\"potentialAction\":[{\"@type\":\"SearchAction\",\"target\":{\"@type\":\"EntryPoint\",\"urlTemplate\":\"https:\\\/\\\/carbone0.fr\\\/?s={search_term_string}\"},\"query-input\":{\"@type\":\"PropertyValueSpecification\",\"valueRequired\":true,\"valueName\":\"search_term_string\"}}],\"inLanguage\":\"fr-FR\"},{\"@type\":\"Organization\",\"@id\":\"https:\\\/\\\/carbone0.fr\\\/#organization\",\"name\":\"Carbone0\",\"url\":\"https:\\\/\\\/carbone0.fr\\\/\",\"logo\":{\"@type\":\"ImageObject\",\"inLanguage\":\"fr-FR\",\"@id\":\"https:\\\/\\\/carbone0.fr\\\/#\\\/schema\\\/logo\\\/image\\\/\",\"url\":\"https:\\\/\\\/carbone0.fr\\\/wp-content\\\/uploads\\\/2025\\\/06\\\/logoLangloisConcept10carre1024_1.webp\",\"contentUrl\":\"https:\\\/\\\/carbone0.fr\\\/wp-content\\\/uploads\\\/2025\\\/06\\\/logoLangloisConcept10carre1024_1.webp\",\"width\":768,\"height\":1024,\"caption\":\"Carbone0\"},\"image\":{\"@id\":\"https:\\\/\\\/carbone0.fr\\\/#\\\/schema\\\/logo\\\/image\\\/\"},\"sameAs\":[\"https:\\\/\\\/www.instagram.com\\\/langlois_concept_caen\\\/\",\"https:\\\/\\\/www.youtube.com\\\/@Vincent_Langlois_Carbone0\"]}]}<\/script>\n<!-- \/ Yoast SEO plugin. -->","yoast_head_json":{"title":"Home Trainer Elite Novo Smart Pack - Incl Tapis & Travel Block - Carbone0","robots":{"index":"index","follow":"follow","max-snippet":"max-snippet:-1","max-image-preview":"max-image-preview:large","max-video-preview":"max-video-preview:-1"},"canonical":"https:\/\/carbone0.fr\/index.php\/produit\/home-trainer-elite-novo-smart-pack-incl-tapis-travel-block\/","og_locale":"fr_FR","og_type":"article","og_title":"Home Trainer Elite Novo Smart Pack - Incl Tapis & Travel Block - Carbone0","og_description":"Home Trainer Elite Novo Smart Pack &#8211; Incl Tapis &amp; Travel Block &#8211; Home trainer connect\u00e9 &#8211; Silencieux &#8211; Simulation d&#8217;une pente de 6% au maximum &#8211; Ce home trainer connect\u00e9 Novo Smart de Elite est un produit parfait pour s&#8217;entra\u00eener en int\u00e9rieur. Le home trainer peut supporter jusqu&#8217;\u00e0 900 watts et peut simuler une [&hellip;]","og_url":"https:\/\/carbone0.fr\/index.php\/produit\/home-trainer-elite-novo-smart-pack-incl-tapis-travel-block\/","og_site_name":"Carbone0","article_modified_time":"2023-10-12T08:28:48+00:00","og_image":[{"width":572,"height":572,"url":"https:\/\/carbone0.fr\/wp-content\/uploads\/2023\/09\/EL0111330.jpg.thumb_.572.572-2.png","type":"image\/png"}],"twitter_card":"summary_large_image","twitter_misc":{"Dur\u00e9e de lecture estim\u00e9e":"1 minute"},"schema":{"@context":"https:\/\/schema.org","@graph":[{"@type":"WebPage","@id":"https:\/\/carbone0.fr\/index.php\/produit\/home-trainer-elite-novo-smart-pack-incl-tapis-travel-block\/","url":"https:\/\/carbone0.fr\/index.php\/produit\/home-trainer-elite-novo-smart-pack-incl-tapis-travel-block\/","name":"Home Trainer Elite Novo Smart Pack - Incl Tapis & Travel Block - Carbone0","isPartOf":{"@id":"https:\/\/carbone0.fr\/#website"},"primaryImageOfPage":{"@id":"https:\/\/carbone0.fr\/index.php\/produit\/home-trainer-elite-novo-smart-pack-incl-tapis-travel-block\/#primaryimage"},"image":{"@id":"https:\/\/carbone0.fr\/index.php\/produit\/home-trainer-elite-novo-smart-pack-incl-tapis-travel-block\/#primaryimage"},"thumbnailUrl":"https:\/\/carbone0.fr\/wp-content\/uploads\/2023\/09\/EL0111330.jpg.thumb_.572.572-2.png","datePublished":"2023-09-23T18:25:46+00:00","dateModified":"2023-10-12T08:28:48+00:00","breadcrumb":{"@id":"https:\/\/carbone0.fr\/index.php\/produit\/home-trainer-elite-novo-smart-pack-incl-tapis-travel-block\/#breadcrumb"},"inLanguage":"fr-FR","potentialAction":[{"@type":"ReadAction","target":["https:\/\/carbone0.fr\/index.php\/produit\/home-trainer-elite-novo-smart-pack-incl-tapis-travel-block\/"]}]},{"@type":"ImageObject","inLanguage":"fr-FR","@id":"https:\/\/carbone0.fr\/index.php\/produit\/home-trainer-elite-novo-smart-pack-incl-tapis-travel-block\/#primaryimage","url":"https:\/\/carbone0.fr\/wp-content\/uploads\/2023\/09\/EL0111330.jpg.thumb_.572.572-2.png","contentUrl":"https:\/\/carbone0.fr\/wp-content\/uploads\/2023\/09\/EL0111330.jpg.thumb_.572.572-2.png","width":572,"height":572,"caption":"Home Trainer"},{"@type":"BreadcrumbList","@id":"https:\/\/carbone0.fr\/index.php\/produit\/home-trainer-elite-novo-smart-pack-incl-tapis-travel-block\/#breadcrumb","itemListElement":[{"@type":"ListItem","position":1,"name":"Accueil","item":"https:\/\/carbone0.fr\/"},{"@type":"ListItem","position":2,"name":"Boutique","item":"https:\/\/carbone0.fr\/index.php\/boutique\/"},{"@type":"ListItem","position":3,"name":"Home Trainer Elite Novo Smart Pack &#8211; Incl Tapis &#038; Travel Block"}]},{"@type":"WebSite","@id":"https:\/\/carbone0.fr\/#website","url":"https:\/\/carbone0.fr\/","name":"Carbone0","description":"LEGER-ECONOMIQUE-DURABLE","publisher":{"@id":"https:\/\/carbone0.fr\/#organization"},"potentialAction":[{"@type":"SearchAction","target":{"@type":"EntryPoint","urlTemplate":"https:\/\/carbone0.fr\/?s={search_term_string}"},"query-input":{"@type":"PropertyValueSpecification","valueRequired":true,"valueName":"search_term_string"}}],"inLanguage":"fr-FR"},{"@type":"Organization","@id":"https:\/\/carbone0.fr\/#organization","name":"Carbone0","url":"https:\/\/carbone0.fr\/","logo":{"@type":"ImageObject","inLanguage":"fr-FR","@id":"https:\/\/carbone0.fr\/#\/schema\/logo\/image\/","url":"https:\/\/carbone0.fr\/wp-content\/uploads\/2025\/06\/logoLangloisConcept10carre1024_1.webp","contentUrl":"https:\/\/carbone0.fr\/wp-content\/uploads\/2025\/06\/logoLangloisConcept10carre1024_1.webp","width":768,"height":1024,"caption":"Carbone0"},"image":{"@id":"https:\/\/carbone0.fr\/#\/schema\/logo\/image\/"},"sameAs":["https:\/\/www.instagram.com\/langlois_concept_caen\/","https:\/\/www.youtube.com\/@Vincent_Langlois_Carbone0"]}]}},"jetpack_sharing_enabled":true,"_links":{"self":[{"href":"https:\/\/carbone0.fr\/index.php\/wp-json\/wp\/v2\/product\/1091","targetHints":{"allow":["GET"]}}],"collection":[{"href":"https:\/\/carbone0.fr\/index.php\/wp-json\/wp\/v2\/product"}],"about":[{"href":"https:\/\/carbone0.fr\/index.php\/wp-json\/wp\/v2\/types\/product"}],"replies":[{"embeddable":true,"href":"https:\/\/carbone0.fr\/index.php\/wp-json\/wp\/v2\/comments?post=1091"}],"wp:featuredmedia":[{"embeddable":true,"href":"https:\/\/carbone0.fr\/index.php\/wp-json\/wp\/v2\/media\/1092"}],"wp:attachment":[{"href":"https:\/\/carbone0.fr\/index.php\/wp-json\/wp\/v2\/media?parent=1091"}],"wp:term":[{"taxonomy":"product_brand","embeddable":true,"href":"https:\/\/carbone0.fr\/index.php\/wp-json\/wp\/v2\/product_brand?post=1091"},{"taxonomy":"product_cat","embeddable":true,"href":"https:\/\/carbone0.fr\/index.php\/wp-json\/wp\/v2\/product_cat?post=1091"},{"taxonomy":"product_tag","embeddable":true,"href":"https:\/\/carbone0.fr\/index.php\/wp-json\/wp\/v2\/product_tag?post=1091"}],"curies":[{"name":"wp","href":"https:\/\/api.w.org\/{rel}","templated":true}]}}