{"id":1124,"date":"2023-11-04T19:51:12","date_gmt":"2023-11-04T18:51:12","guid":{"rendered":"https:\/\/carbone0.fr\/?post_type=product&#038;p=1124"},"modified":"2024-11-12T13:33:35","modified_gmt":"2024-11-12T12:33:35","slug":"roulement-de-roue-6802-cema-ceramique-hybride-15-x-24-x-5","status":"publish","type":"product","link":"https:\/\/carbone0.fr\/index.php\/produit\/roulement-de-roue-6802-cema-ceramique-hybride-15-x-24-x-5\/","title":{"rendered":"Roulement de roue &#8211; CEMA C\u00e9ramique Hybride &#8211; G5 Si3N4"},"content":{"rendered":"<h1>Roulement de roue &#8211; CEMA C\u00e9ramique Hybride &#8211; G5 Si3N4<\/h1>\n<h3><span style=\"color: #0000ff;\">Plus de 70 r\u00e9f\u00e9rences de roulements disponibles, merci de prendre contact pour un devis.<\/span><\/h3>\n<ul>\n<li>Billes c\u00e9ramiques\u00a0<strong>G5 Si3N4<\/strong><\/li>\n<li>Joint LLB caoutchouc en nitrile et insert en acier.<\/li>\n<li>Le joint LLB dispose de deux l\u00e8vres fines sans contact, il apporte donc un meilleur rendement que les autres.<\/li>\n<li>Le rendement est nettement am\u00e9lior\u00e9 tout en pr\u00e9servant une excellente \u00e9tanch\u00e9it\u00e9.<\/li>\n<li>A partir de 19.95\u20ac (roulement 608 8 x 22 x 7 )<\/li>\n<\/ul>\n","protected":false},"excerpt":{"rendered":"<p>Roulement de roue &#8211; CEMA C\u00e9ramique Hybride &#8211; G5 Si3N4 Plus de 70 r\u00e9f\u00e9rences de roulements disponibles, merci de prendre contact pour un devis. Billes c\u00e9ramiques\u00a0G5 Si3N4 Joint LLB caoutchouc en nitrile et insert en acier. Le joint LLB dispose de deux l\u00e8vres fines sans contact, il apporte donc un meilleur rendement que les autres. [&hellip;]<\/p>\n","protected":false},"featured_media":1128,"comment_status":"open","ping_status":"closed","template":"","meta":{"_monsterinsights_skip_tracking":false,"_monsterinsights_sitenote_active":false,"_monsterinsights_sitenote_note":"","_monsterinsights_sitenote_category":0},"product_brand":[],"product_cat":[80,84],"product_tag":[129,130,128,127,100,102,132,131],"class_list":{"0":"post-1124","1":"product","2":"type-product","3":"status-publish","4":"has-post-thumbnail","6":"product_cat-roues","7":"product_cat-roulements","8":"product_tag-boitier","9":"product_tag-cema","10":"product_tag-ceramic","11":"product_tag-ceramique","12":"product_tag-roue","13":"product_tag-roulement","14":"product_tag-si3n4","15":"product_tag-skf","17":"first","18":"onbackorder","19":"taxable","20":"shipping-taxable","21":"purchasable","22":"product-type-simple"},"yoast_head":"<!-- This site is optimized with the Yoast SEO plugin v27.4 - https:\/\/yoast.com\/product\/yoast-seo-wordpress\/ -->\n<title>Roulement de roue - CEMA C\u00e9ramique Hybride - G5 Si3N4 - Carbone0<\/title>\n<meta name=\"robots\" content=\"index, follow, max-snippet:-1, max-image-preview:large, max-video-preview:-1\" \/>\n<link rel=\"canonical\" href=\"https:\/\/carbone0.fr\/index.php\/produit\/roulement-de-roue-6802-cema-ceramique-hybride-15-x-24-x-5\/\" \/>\n<meta property=\"og:locale\" content=\"fr_FR\" \/>\n<meta property=\"og:type\" content=\"article\" \/>\n<meta property=\"og:title\" content=\"Roulement de roue - CEMA C\u00e9ramique Hybride - G5 Si3N4 - Carbone0\" \/>\n<meta property=\"og:description\" content=\"Roulement de roue &#8211; CEMA C\u00e9ramique Hybride &#8211; G5 Si3N4 Plus de 70 r\u00e9f\u00e9rences de roulements disponibles, merci de prendre contact pour un devis. Billes c\u00e9ramiques\u00a0G5 Si3N4 Joint LLB caoutchouc en nitrile et insert en acier. Le joint LLB dispose de deux l\u00e8vres fines sans contact, il apporte donc un meilleur rendement que les autres. [&hellip;]\" \/>\n<meta property=\"og:url\" content=\"https:\/\/carbone0.fr\/index.php\/produit\/roulement-de-roue-6802-cema-ceramique-hybride-15-x-24-x-5\/\" \/>\n<meta property=\"og:site_name\" content=\"Carbone0\" \/>\n<meta property=\"article:modified_time\" content=\"2024-11-12T12:33:35+00:00\" \/>\n<meta property=\"og:image\" content=\"https:\/\/carbone0.fr\/wp-content\/uploads\/2023\/11\/roulement-6802-cema-ceramique-hybride1.png\" \/>\n\t<meta property=\"og:image:width\" content=\"720\" \/>\n\t<meta property=\"og:image:height\" content=\"720\" \/>\n\t<meta property=\"og:image:type\" content=\"image\/png\" \/>\n<meta name=\"twitter:card\" content=\"summary_large_image\" \/>\n<script type=\"application\/ld+json\" class=\"yoast-schema-graph\">{\"@context\":\"https:\\\/\\\/schema.org\",\"@graph\":[{\"@type\":\"WebPage\",\"@id\":\"https:\\\/\\\/carbone0.fr\\\/index.php\\\/produit\\\/roulement-de-roue-6802-cema-ceramique-hybride-15-x-24-x-5\\\/\",\"url\":\"https:\\\/\\\/carbone0.fr\\\/index.php\\\/produit\\\/roulement-de-roue-6802-cema-ceramique-hybride-15-x-24-x-5\\\/\",\"name\":\"Roulement de roue - CEMA C\u00e9ramique Hybride - G5 Si3N4 - Carbone0\",\"isPartOf\":{\"@id\":\"https:\\\/\\\/carbone0.fr\\\/#website\"},\"primaryImageOfPage\":{\"@id\":\"https:\\\/\\\/carbone0.fr\\\/index.php\\\/produit\\\/roulement-de-roue-6802-cema-ceramique-hybride-15-x-24-x-5\\\/#primaryimage\"},\"image\":{\"@id\":\"https:\\\/\\\/carbone0.fr\\\/index.php\\\/produit\\\/roulement-de-roue-6802-cema-ceramique-hybride-15-x-24-x-5\\\/#primaryimage\"},\"thumbnailUrl\":\"https:\\\/\\\/carbone0.fr\\\/wp-content\\\/uploads\\\/2023\\\/11\\\/roulement-6802-cema-ceramique-hybride1.png\",\"datePublished\":\"2023-11-04T18:51:12+00:00\",\"dateModified\":\"2024-11-12T12:33:35+00:00\",\"breadcrumb\":{\"@id\":\"https:\\\/\\\/carbone0.fr\\\/index.php\\\/produit\\\/roulement-de-roue-6802-cema-ceramique-hybride-15-x-24-x-5\\\/#breadcrumb\"},\"inLanguage\":\"fr-FR\",\"potentialAction\":[{\"@type\":\"ReadAction\",\"target\":[\"https:\\\/\\\/carbone0.fr\\\/index.php\\\/produit\\\/roulement-de-roue-6802-cema-ceramique-hybride-15-x-24-x-5\\\/\"]}]},{\"@type\":\"ImageObject\",\"inLanguage\":\"fr-FR\",\"@id\":\"https:\\\/\\\/carbone0.fr\\\/index.php\\\/produit\\\/roulement-de-roue-6802-cema-ceramique-hybride-15-x-24-x-5\\\/#primaryimage\",\"url\":\"https:\\\/\\\/carbone0.fr\\\/wp-content\\\/uploads\\\/2023\\\/11\\\/roulement-6802-cema-ceramique-hybride1.png\",\"contentUrl\":\"https:\\\/\\\/carbone0.fr\\\/wp-content\\\/uploads\\\/2023\\\/11\\\/roulement-6802-cema-ceramique-hybride1.png\",\"width\":720,\"height\":720,\"caption\":\"Roulement c\u00e9ramique\"},{\"@type\":\"BreadcrumbList\",\"@id\":\"https:\\\/\\\/carbone0.fr\\\/index.php\\\/produit\\\/roulement-de-roue-6802-cema-ceramique-hybride-15-x-24-x-5\\\/#breadcrumb\",\"itemListElement\":[{\"@type\":\"ListItem\",\"position\":1,\"name\":\"Accueil\",\"item\":\"https:\\\/\\\/carbone0.fr\\\/\"},{\"@type\":\"ListItem\",\"position\":2,\"name\":\"Boutique\",\"item\":\"https:\\\/\\\/carbone0.fr\\\/index.php\\\/boutique\\\/\"},{\"@type\":\"ListItem\",\"position\":3,\"name\":\"Roulement de roue &#8211; CEMA C\u00e9ramique Hybride &#8211; G5 Si3N4\"}]},{\"@type\":\"WebSite\",\"@id\":\"https:\\\/\\\/carbone0.fr\\\/#website\",\"url\":\"https:\\\/\\\/carbone0.fr\\\/\",\"name\":\"Carbone0\",\"description\":\"LEGER-ECONOMIQUE-DURABLE\",\"publisher\":{\"@id\":\"https:\\\/\\\/carbone0.fr\\\/#organization\"},\"potentialAction\":[{\"@type\":\"SearchAction\",\"target\":{\"@type\":\"EntryPoint\",\"urlTemplate\":\"https:\\\/\\\/carbone0.fr\\\/?s={search_term_string}\"},\"query-input\":{\"@type\":\"PropertyValueSpecification\",\"valueRequired\":true,\"valueName\":\"search_term_string\"}}],\"inLanguage\":\"fr-FR\"},{\"@type\":\"Organization\",\"@id\":\"https:\\\/\\\/carbone0.fr\\\/#organization\",\"name\":\"Carbone0\",\"url\":\"https:\\\/\\\/carbone0.fr\\\/\",\"logo\":{\"@type\":\"ImageObject\",\"inLanguage\":\"fr-FR\",\"@id\":\"https:\\\/\\\/carbone0.fr\\\/#\\\/schema\\\/logo\\\/image\\\/\",\"url\":\"https:\\\/\\\/carbone0.fr\\\/wp-content\\\/uploads\\\/2025\\\/06\\\/logoLangloisConcept10carre1024_1.webp\",\"contentUrl\":\"https:\\\/\\\/carbone0.fr\\\/wp-content\\\/uploads\\\/2025\\\/06\\\/logoLangloisConcept10carre1024_1.webp\",\"width\":768,\"height\":1024,\"caption\":\"Carbone0\"},\"image\":{\"@id\":\"https:\\\/\\\/carbone0.fr\\\/#\\\/schema\\\/logo\\\/image\\\/\"},\"sameAs\":[\"https:\\\/\\\/www.instagram.com\\\/langlois_concept_caen\\\/\",\"https:\\\/\\\/www.youtube.com\\\/@Vincent_Langlois_Carbone0\"]}]}<\/script>\n<!-- \/ Yoast SEO plugin. -->","yoast_head_json":{"title":"Roulement de roue - CEMA C\u00e9ramique Hybride - G5 Si3N4 - Carbone0","robots":{"index":"index","follow":"follow","max-snippet":"max-snippet:-1","max-image-preview":"max-image-preview:large","max-video-preview":"max-video-preview:-1"},"canonical":"https:\/\/carbone0.fr\/index.php\/produit\/roulement-de-roue-6802-cema-ceramique-hybride-15-x-24-x-5\/","og_locale":"fr_FR","og_type":"article","og_title":"Roulement de roue - CEMA C\u00e9ramique Hybride - G5 Si3N4 - Carbone0","og_description":"Roulement de roue &#8211; CEMA C\u00e9ramique Hybride &#8211; G5 Si3N4 Plus de 70 r\u00e9f\u00e9rences de roulements disponibles, merci de prendre contact pour un devis. Billes c\u00e9ramiques\u00a0G5 Si3N4 Joint LLB caoutchouc en nitrile et insert en acier. Le joint LLB dispose de deux l\u00e8vres fines sans contact, il apporte donc un meilleur rendement que les autres. [&hellip;]","og_url":"https:\/\/carbone0.fr\/index.php\/produit\/roulement-de-roue-6802-cema-ceramique-hybride-15-x-24-x-5\/","og_site_name":"Carbone0","article_modified_time":"2024-11-12T12:33:35+00:00","og_image":[{"width":720,"height":720,"url":"https:\/\/carbone0.fr\/wp-content\/uploads\/2023\/11\/roulement-6802-cema-ceramique-hybride1.png","type":"image\/png"}],"twitter_card":"summary_large_image","schema":{"@context":"https:\/\/schema.org","@graph":[{"@type":"WebPage","@id":"https:\/\/carbone0.fr\/index.php\/produit\/roulement-de-roue-6802-cema-ceramique-hybride-15-x-24-x-5\/","url":"https:\/\/carbone0.fr\/index.php\/produit\/roulement-de-roue-6802-cema-ceramique-hybride-15-x-24-x-5\/","name":"Roulement de roue - CEMA C\u00e9ramique Hybride - G5 Si3N4 - Carbone0","isPartOf":{"@id":"https:\/\/carbone0.fr\/#website"},"primaryImageOfPage":{"@id":"https:\/\/carbone0.fr\/index.php\/produit\/roulement-de-roue-6802-cema-ceramique-hybride-15-x-24-x-5\/#primaryimage"},"image":{"@id":"https:\/\/carbone0.fr\/index.php\/produit\/roulement-de-roue-6802-cema-ceramique-hybride-15-x-24-x-5\/#primaryimage"},"thumbnailUrl":"https:\/\/carbone0.fr\/wp-content\/uploads\/2023\/11\/roulement-6802-cema-ceramique-hybride1.png","datePublished":"2023-11-04T18:51:12+00:00","dateModified":"2024-11-12T12:33:35+00:00","breadcrumb":{"@id":"https:\/\/carbone0.fr\/index.php\/produit\/roulement-de-roue-6802-cema-ceramique-hybride-15-x-24-x-5\/#breadcrumb"},"inLanguage":"fr-FR","potentialAction":[{"@type":"ReadAction","target":["https:\/\/carbone0.fr\/index.php\/produit\/roulement-de-roue-6802-cema-ceramique-hybride-15-x-24-x-5\/"]}]},{"@type":"ImageObject","inLanguage":"fr-FR","@id":"https:\/\/carbone0.fr\/index.php\/produit\/roulement-de-roue-6802-cema-ceramique-hybride-15-x-24-x-5\/#primaryimage","url":"https:\/\/carbone0.fr\/wp-content\/uploads\/2023\/11\/roulement-6802-cema-ceramique-hybride1.png","contentUrl":"https:\/\/carbone0.fr\/wp-content\/uploads\/2023\/11\/roulement-6802-cema-ceramique-hybride1.png","width":720,"height":720,"caption":"Roulement c\u00e9ramique"},{"@type":"BreadcrumbList","@id":"https:\/\/carbone0.fr\/index.php\/produit\/roulement-de-roue-6802-cema-ceramique-hybride-15-x-24-x-5\/#breadcrumb","itemListElement":[{"@type":"ListItem","position":1,"name":"Accueil","item":"https:\/\/carbone0.fr\/"},{"@type":"ListItem","position":2,"name":"Boutique","item":"https:\/\/carbone0.fr\/index.php\/boutique\/"},{"@type":"ListItem","position":3,"name":"Roulement de roue &#8211; CEMA C\u00e9ramique Hybride &#8211; G5 Si3N4"}]},{"@type":"WebSite","@id":"https:\/\/carbone0.fr\/#website","url":"https:\/\/carbone0.fr\/","name":"Carbone0","description":"LEGER-ECONOMIQUE-DURABLE","publisher":{"@id":"https:\/\/carbone0.fr\/#organization"},"potentialAction":[{"@type":"SearchAction","target":{"@type":"EntryPoint","urlTemplate":"https:\/\/carbone0.fr\/?s={search_term_string}"},"query-input":{"@type":"PropertyValueSpecification","valueRequired":true,"valueName":"search_term_string"}}],"inLanguage":"fr-FR"},{"@type":"Organization","@id":"https:\/\/carbone0.fr\/#organization","name":"Carbone0","url":"https:\/\/carbone0.fr\/","logo":{"@type":"ImageObject","inLanguage":"fr-FR","@id":"https:\/\/carbone0.fr\/#\/schema\/logo\/image\/","url":"https:\/\/carbone0.fr\/wp-content\/uploads\/2025\/06\/logoLangloisConcept10carre1024_1.webp","contentUrl":"https:\/\/carbone0.fr\/wp-content\/uploads\/2025\/06\/logoLangloisConcept10carre1024_1.webp","width":768,"height":1024,"caption":"Carbone0"},"image":{"@id":"https:\/\/carbone0.fr\/#\/schema\/logo\/image\/"},"sameAs":["https:\/\/www.instagram.com\/langlois_concept_caen\/","https:\/\/www.youtube.com\/@Vincent_Langlois_Carbone0"]}]}},"jetpack_sharing_enabled":true,"_links":{"self":[{"href":"https:\/\/carbone0.fr\/index.php\/wp-json\/wp\/v2\/product\/1124","targetHints":{"allow":["GET"]}}],"collection":[{"href":"https:\/\/carbone0.fr\/index.php\/wp-json\/wp\/v2\/product"}],"about":[{"href":"https:\/\/carbone0.fr\/index.php\/wp-json\/wp\/v2\/types\/product"}],"replies":[{"embeddable":true,"href":"https:\/\/carbone0.fr\/index.php\/wp-json\/wp\/v2\/comments?post=1124"}],"wp:featuredmedia":[{"embeddable":true,"href":"https:\/\/carbone0.fr\/index.php\/wp-json\/wp\/v2\/media\/1128"}],"wp:attachment":[{"href":"https:\/\/carbone0.fr\/index.php\/wp-json\/wp\/v2\/media?parent=1124"}],"wp:term":[{"taxonomy":"product_brand","embeddable":true,"href":"https:\/\/carbone0.fr\/index.php\/wp-json\/wp\/v2\/product_brand?post=1124"},{"taxonomy":"product_cat","embeddable":true,"href":"https:\/\/carbone0.fr\/index.php\/wp-json\/wp\/v2\/product_cat?post=1124"},{"taxonomy":"product_tag","embeddable":true,"href":"https:\/\/carbone0.fr\/index.php\/wp-json\/wp\/v2\/product_tag?post=1124"}],"curies":[{"name":"wp","href":"https:\/\/api.w.org\/{rel}","templated":true}]}}