{"id":1287,"date":"2024-03-27T14:28:46","date_gmt":"2024-03-27T13:28:46","guid":{"rendered":"https:\/\/carbone0.fr\/?post_type=product&#038;p=1287"},"modified":"2024-04-26T10:37:04","modified_gmt":"2024-04-26T08:37:04","slug":"roues-velo-route-carbone-dt-swiss-prc-1400-disc-brake-35mm-12-142-12-100","status":"publish","type":"product","link":"https:\/\/carbone0.fr\/index.php\/produit\/roues-velo-route-carbone-dt-swiss-prc-1400-disc-brake-35mm-12-142-12-100\/","title":{"rendered":"Roues v\u00e9lo route carbone DT Swiss &#8211; PRC 1400 Disc Brake 35mm &#8211; 12\/142 12\/100"},"content":{"rendered":"<h1>Roues v\u00e9lo route carbone DT Swiss &#8211; PRC 1400 Disc Brake 35mm &#8211; 12\/142 12\/100<\/h1>\n<p>&nbsp;<\/p>\n<p><span style=\"color: #0000ff;\"><strong>Description<\/strong><\/span><\/p>\n<p>Destin\u00e9es \u00e0 une utilisation polyvalente pour affronter tous les profils de parcours, les DT Swiss PRC 1400 SPLINE DB 35 offrent un montage haut de gamme. Que ce soit dans les cols, les routes vallonn\u00e9es ou des portions plates, ces roues offriront rendement et performance. Elles apportent \u00e9galement un excellent freinage avec leur syst\u00e8me de frein \u00e0 disque Centerlock, et une fiabilit\u00e9 accrue gr\u00e2ce au syst\u00e8me tubeless ready.<\/p>\n<p>Jantes larges<\/p>\n<p>Une jante plus large permet au pneu de s&#8217;\u00e9largir, offrant diff\u00e9rents avantages. Le pneu a une meilleure assise, ce qui permet de moins le gonfler pour obtenir plus de confort. A pression identique avec une jante moins large, le pneu se d\u00e9forme moins et optimise le comportement dans les virages. La surface de contact avec le sol change de forme, d&#8217;ovale dans le sens longitudinal \u00e0 oval dans le sens transversal permettant une r\u00e9sistance au roulement r\u00e9duite, donc un meilleur roulement. Le profil du pneu et de la jante est aussi plus rectiligne, ce qui a pour incidence de r\u00e9duire la r\u00e9sistance a\u00e9rodynamique.<\/p>\n<p>Technologie SPLINE<\/p>\n<p>Les roues Spline sont \u00e9quip\u00e9es du syst\u00e8me de roue libre DT Swiss Ratchet System 36T pour une fluidit\u00e9 exceptionnelle et des reprises de p\u00e9dalage efficaces. Les moyeux sont compatibles uniquement avec les rayons straight pull, plus r\u00e9sistants que les rayons classiques, offrant une roue plus rigide et r\u00e9active. La forme des ancrages sp\u00e9cifiques limite l&#8217;influence de la tension des rayons sur les si\u00e8ges de roulements, ce qui augmente leur dur\u00e9e de vie.<\/p>\n<p><span style=\"color: #0000ff;\"><strong>Caract\u00e9ristiques techniques :<\/strong><\/span><\/p>\n<p>&#8211; Mod\u00e8le PRC 1400 Spline DB 35<br \/>\n&#8211; Syst\u00e8me d&#8217;axe : 12&#215;100 mm avant \/ 12&#215;142 mm arri\u00e8re<br \/>\n&#8211; Type de pneu : Clincher tubeless ready<br \/>\n&#8211; Dimension de jante : 622 x 18<br \/>\n&#8211; Largeur interne : 18 mm<br \/>\n&#8211; Largeur externe : 25 mm<br \/>\n&#8211; Valve : Presta diam\u00e8tre 6.5 mm<br \/>\n&#8211; Mat\u00e9riau de la jante : Carbone<br \/>\n&#8211; Coloris : UD Carbon<br \/>\n&#8211; Roue libre : DT Swiss Ratchet System 36 T<br \/>\n&#8211; Corps de roue libre : Type Shimano<br \/>\n&#8211; Fixation du disque Centerlock<br \/>\n&#8211; Rayons : DT aerolite, DT aero comp<br \/>\n&#8211; \u00c9crous : DT Pro Lock aluminium<br \/>\n&#8211; Type de rayonnage : crois\u00e9 par 2 avant\/arri\u00e8re<br \/>\n&#8211; Poids maximum de l&#8217;ensemble : 110 kg (v\u00e9lo + cycliste)<br \/>\n&#8211; Poids constructeur : 1434 g (645 g avant, 789 g arri\u00e8re)<\/p>\n<p>Livr\u00e9es avec fonds de jantes tubeless et valves tubeless.<\/p>\n","protected":false},"excerpt":{"rendered":"<p>Roues v\u00e9lo route carbone DT Swiss &#8211; PRC 1400 Disc Brake 35mm &#8211; 12\/142 12\/100 &nbsp; Description Destin\u00e9es \u00e0 une utilisation polyvalente pour affronter tous les profils de parcours, les DT Swiss PRC 1400 SPLINE DB 35 offrent un montage haut de gamme. Que ce soit dans les cols, les routes vallonn\u00e9es ou des portions [&hellip;]<\/p>\n","protected":false},"featured_media":1288,"comment_status":"open","ping_status":"closed","template":"","meta":{"_monsterinsights_skip_tracking":false,"_monsterinsights_sitenote_active":false,"_monsterinsights_sitenote_note":"","_monsterinsights_sitenote_category":0},"product_brand":[],"product_cat":[80],"product_tag":[121,124,122,120,123],"class_list":{"0":"post-1287","1":"product","2":"type-product","3":"status-publish","4":"has-post-thumbnail","6":"product_cat-roues","7":"product_tag-artisanes","8":"product_tag-cx-ray","9":"product_tag-dt-swiss","10":"product_tag-roues","11":"product_tag-sapim","13":"first","14":"outofstock","15":"sale","16":"virtual","17":"taxable","18":"purchasable","19":"product-type-simple"},"yoast_head":"<!-- This site is optimized with the Yoast SEO plugin v27.4 - https:\/\/yoast.com\/product\/yoast-seo-wordpress\/ -->\n<title>Roues v\u00e9lo route carbone DT Swiss - PRC 1400 Disc Brake 35mm - 12\/142 12\/100 - Carbone0<\/title>\n<meta name=\"robots\" content=\"index, follow, max-snippet:-1, max-image-preview:large, max-video-preview:-1\" \/>\n<link rel=\"canonical\" href=\"https:\/\/carbone0.fr\/index.php\/produit\/roues-velo-route-carbone-dt-swiss-prc-1400-disc-brake-35mm-12-142-12-100\/\" \/>\n<meta property=\"og:locale\" content=\"fr_FR\" \/>\n<meta property=\"og:type\" content=\"article\" \/>\n<meta property=\"og:title\" content=\"Roues v\u00e9lo route carbone DT Swiss - PRC 1400 Disc Brake 35mm - 12\/142 12\/100 - Carbone0\" \/>\n<meta property=\"og:description\" content=\"Roues v\u00e9lo route carbone DT Swiss &#8211; PRC 1400 Disc Brake 35mm &#8211; 12\/142 12\/100 &nbsp; Description Destin\u00e9es \u00e0 une utilisation polyvalente pour affronter tous les profils de parcours, les DT Swiss PRC 1400 SPLINE DB 35 offrent un montage haut de gamme. Que ce soit dans les cols, les routes vallonn\u00e9es ou des portions [&hellip;]\" \/>\n<meta property=\"og:url\" content=\"https:\/\/carbone0.fr\/index.php\/produit\/roues-velo-route-carbone-dt-swiss-prc-1400-disc-brake-35mm-12-142-12-100\/\" \/>\n<meta property=\"og:site_name\" content=\"Carbone0\" \/>\n<meta property=\"article:modified_time\" content=\"2024-04-26T08:37:04+00:00\" \/>\n<meta property=\"og:image\" content=\"https:\/\/carbone0.fr\/wp-content\/uploads\/2024\/03\/Capture_d_ecran_2024-03-27_142014-removebg-preview.png\" \/>\n\t<meta property=\"og:image:width\" content=\"512\" \/>\n\t<meta property=\"og:image:height\" content=\"488\" \/>\n\t<meta property=\"og:image:type\" content=\"image\/png\" \/>\n<meta name=\"twitter:card\" content=\"summary_large_image\" \/>\n<meta name=\"twitter:label1\" content=\"Dur\u00e9e de lecture estim\u00e9e\" \/>\n\t<meta name=\"twitter:data1\" content=\"2 minutes\" \/>\n<script type=\"application\/ld+json\" class=\"yoast-schema-graph\">{\"@context\":\"https:\\\/\\\/schema.org\",\"@graph\":[{\"@type\":\"WebPage\",\"@id\":\"https:\\\/\\\/carbone0.fr\\\/index.php\\\/produit\\\/roues-velo-route-carbone-dt-swiss-prc-1400-disc-brake-35mm-12-142-12-100\\\/\",\"url\":\"https:\\\/\\\/carbone0.fr\\\/index.php\\\/produit\\\/roues-velo-route-carbone-dt-swiss-prc-1400-disc-brake-35mm-12-142-12-100\\\/\",\"name\":\"Roues v\u00e9lo route carbone DT Swiss - PRC 1400 Disc Brake 35mm - 12\\\/142 12\\\/100 - Carbone0\",\"isPartOf\":{\"@id\":\"https:\\\/\\\/carbone0.fr\\\/#website\"},\"primaryImageOfPage\":{\"@id\":\"https:\\\/\\\/carbone0.fr\\\/index.php\\\/produit\\\/roues-velo-route-carbone-dt-swiss-prc-1400-disc-brake-35mm-12-142-12-100\\\/#primaryimage\"},\"image\":{\"@id\":\"https:\\\/\\\/carbone0.fr\\\/index.php\\\/produit\\\/roues-velo-route-carbone-dt-swiss-prc-1400-disc-brake-35mm-12-142-12-100\\\/#primaryimage\"},\"thumbnailUrl\":\"https:\\\/\\\/carbone0.fr\\\/wp-content\\\/uploads\\\/2024\\\/03\\\/Capture_d_ecran_2024-03-27_142014-removebg-preview.png\",\"datePublished\":\"2024-03-27T13:28:46+00:00\",\"dateModified\":\"2024-04-26T08:37:04+00:00\",\"breadcrumb\":{\"@id\":\"https:\\\/\\\/carbone0.fr\\\/index.php\\\/produit\\\/roues-velo-route-carbone-dt-swiss-prc-1400-disc-brake-35mm-12-142-12-100\\\/#breadcrumb\"},\"inLanguage\":\"fr-FR\",\"potentialAction\":[{\"@type\":\"ReadAction\",\"target\":[\"https:\\\/\\\/carbone0.fr\\\/index.php\\\/produit\\\/roues-velo-route-carbone-dt-swiss-prc-1400-disc-brake-35mm-12-142-12-100\\\/\"]}]},{\"@type\":\"ImageObject\",\"inLanguage\":\"fr-FR\",\"@id\":\"https:\\\/\\\/carbone0.fr\\\/index.php\\\/produit\\\/roues-velo-route-carbone-dt-swiss-prc-1400-disc-brake-35mm-12-142-12-100\\\/#primaryimage\",\"url\":\"https:\\\/\\\/carbone0.fr\\\/wp-content\\\/uploads\\\/2024\\\/03\\\/Capture_d_ecran_2024-03-27_142014-removebg-preview.png\",\"contentUrl\":\"https:\\\/\\\/carbone0.fr\\\/wp-content\\\/uploads\\\/2024\\\/03\\\/Capture_d_ecran_2024-03-27_142014-removebg-preview.png\",\"width\":512,\"height\":488,\"caption\":\"Roues DT-Swiss\"},{\"@type\":\"BreadcrumbList\",\"@id\":\"https:\\\/\\\/carbone0.fr\\\/index.php\\\/produit\\\/roues-velo-route-carbone-dt-swiss-prc-1400-disc-brake-35mm-12-142-12-100\\\/#breadcrumb\",\"itemListElement\":[{\"@type\":\"ListItem\",\"position\":1,\"name\":\"Accueil\",\"item\":\"https:\\\/\\\/carbone0.fr\\\/\"},{\"@type\":\"ListItem\",\"position\":2,\"name\":\"Boutique\",\"item\":\"https:\\\/\\\/carbone0.fr\\\/index.php\\\/boutique\\\/\"},{\"@type\":\"ListItem\",\"position\":3,\"name\":\"Roues v\u00e9lo route carbone DT Swiss &#8211; PRC 1400 Disc Brake 35mm &#8211; 12\\\/142 12\\\/100\"}]},{\"@type\":\"WebSite\",\"@id\":\"https:\\\/\\\/carbone0.fr\\\/#website\",\"url\":\"https:\\\/\\\/carbone0.fr\\\/\",\"name\":\"Carbone0\",\"description\":\"LEGER-ECONOMIQUE-DURABLE\",\"publisher\":{\"@id\":\"https:\\\/\\\/carbone0.fr\\\/#organization\"},\"potentialAction\":[{\"@type\":\"SearchAction\",\"target\":{\"@type\":\"EntryPoint\",\"urlTemplate\":\"https:\\\/\\\/carbone0.fr\\\/?s={search_term_string}\"},\"query-input\":{\"@type\":\"PropertyValueSpecification\",\"valueRequired\":true,\"valueName\":\"search_term_string\"}}],\"inLanguage\":\"fr-FR\"},{\"@type\":\"Organization\",\"@id\":\"https:\\\/\\\/carbone0.fr\\\/#organization\",\"name\":\"Carbone0\",\"url\":\"https:\\\/\\\/carbone0.fr\\\/\",\"logo\":{\"@type\":\"ImageObject\",\"inLanguage\":\"fr-FR\",\"@id\":\"https:\\\/\\\/carbone0.fr\\\/#\\\/schema\\\/logo\\\/image\\\/\",\"url\":\"https:\\\/\\\/carbone0.fr\\\/wp-content\\\/uploads\\\/2025\\\/06\\\/logoLangloisConcept10carre1024_1.webp\",\"contentUrl\":\"https:\\\/\\\/carbone0.fr\\\/wp-content\\\/uploads\\\/2025\\\/06\\\/logoLangloisConcept10carre1024_1.webp\",\"width\":768,\"height\":1024,\"caption\":\"Carbone0\"},\"image\":{\"@id\":\"https:\\\/\\\/carbone0.fr\\\/#\\\/schema\\\/logo\\\/image\\\/\"},\"sameAs\":[\"https:\\\/\\\/www.instagram.com\\\/langlois_concept_caen\\\/\",\"https:\\\/\\\/www.youtube.com\\\/@Vincent_Langlois_Carbone0\"]}]}<\/script>\n<!-- \/ Yoast SEO plugin. -->","yoast_head_json":{"title":"Roues v\u00e9lo route carbone DT Swiss - PRC 1400 Disc Brake 35mm - 12\/142 12\/100 - Carbone0","robots":{"index":"index","follow":"follow","max-snippet":"max-snippet:-1","max-image-preview":"max-image-preview:large","max-video-preview":"max-video-preview:-1"},"canonical":"https:\/\/carbone0.fr\/index.php\/produit\/roues-velo-route-carbone-dt-swiss-prc-1400-disc-brake-35mm-12-142-12-100\/","og_locale":"fr_FR","og_type":"article","og_title":"Roues v\u00e9lo route carbone DT Swiss - PRC 1400 Disc Brake 35mm - 12\/142 12\/100 - Carbone0","og_description":"Roues v\u00e9lo route carbone DT Swiss &#8211; PRC 1400 Disc Brake 35mm &#8211; 12\/142 12\/100 &nbsp; Description Destin\u00e9es \u00e0 une utilisation polyvalente pour affronter tous les profils de parcours, les DT Swiss PRC 1400 SPLINE DB 35 offrent un montage haut de gamme. Que ce soit dans les cols, les routes vallonn\u00e9es ou des portions [&hellip;]","og_url":"https:\/\/carbone0.fr\/index.php\/produit\/roues-velo-route-carbone-dt-swiss-prc-1400-disc-brake-35mm-12-142-12-100\/","og_site_name":"Carbone0","article_modified_time":"2024-04-26T08:37:04+00:00","og_image":[{"width":512,"height":488,"url":"https:\/\/carbone0.fr\/wp-content\/uploads\/2024\/03\/Capture_d_ecran_2024-03-27_142014-removebg-preview.png","type":"image\/png"}],"twitter_card":"summary_large_image","twitter_misc":{"Dur\u00e9e de lecture estim\u00e9e":"2 minutes"},"schema":{"@context":"https:\/\/schema.org","@graph":[{"@type":"WebPage","@id":"https:\/\/carbone0.fr\/index.php\/produit\/roues-velo-route-carbone-dt-swiss-prc-1400-disc-brake-35mm-12-142-12-100\/","url":"https:\/\/carbone0.fr\/index.php\/produit\/roues-velo-route-carbone-dt-swiss-prc-1400-disc-brake-35mm-12-142-12-100\/","name":"Roues v\u00e9lo route carbone DT Swiss - PRC 1400 Disc Brake 35mm - 12\/142 12\/100 - Carbone0","isPartOf":{"@id":"https:\/\/carbone0.fr\/#website"},"primaryImageOfPage":{"@id":"https:\/\/carbone0.fr\/index.php\/produit\/roues-velo-route-carbone-dt-swiss-prc-1400-disc-brake-35mm-12-142-12-100\/#primaryimage"},"image":{"@id":"https:\/\/carbone0.fr\/index.php\/produit\/roues-velo-route-carbone-dt-swiss-prc-1400-disc-brake-35mm-12-142-12-100\/#primaryimage"},"thumbnailUrl":"https:\/\/carbone0.fr\/wp-content\/uploads\/2024\/03\/Capture_d_ecran_2024-03-27_142014-removebg-preview.png","datePublished":"2024-03-27T13:28:46+00:00","dateModified":"2024-04-26T08:37:04+00:00","breadcrumb":{"@id":"https:\/\/carbone0.fr\/index.php\/produit\/roues-velo-route-carbone-dt-swiss-prc-1400-disc-brake-35mm-12-142-12-100\/#breadcrumb"},"inLanguage":"fr-FR","potentialAction":[{"@type":"ReadAction","target":["https:\/\/carbone0.fr\/index.php\/produit\/roues-velo-route-carbone-dt-swiss-prc-1400-disc-brake-35mm-12-142-12-100\/"]}]},{"@type":"ImageObject","inLanguage":"fr-FR","@id":"https:\/\/carbone0.fr\/index.php\/produit\/roues-velo-route-carbone-dt-swiss-prc-1400-disc-brake-35mm-12-142-12-100\/#primaryimage","url":"https:\/\/carbone0.fr\/wp-content\/uploads\/2024\/03\/Capture_d_ecran_2024-03-27_142014-removebg-preview.png","contentUrl":"https:\/\/carbone0.fr\/wp-content\/uploads\/2024\/03\/Capture_d_ecran_2024-03-27_142014-removebg-preview.png","width":512,"height":488,"caption":"Roues DT-Swiss"},{"@type":"BreadcrumbList","@id":"https:\/\/carbone0.fr\/index.php\/produit\/roues-velo-route-carbone-dt-swiss-prc-1400-disc-brake-35mm-12-142-12-100\/#breadcrumb","itemListElement":[{"@type":"ListItem","position":1,"name":"Accueil","item":"https:\/\/carbone0.fr\/"},{"@type":"ListItem","position":2,"name":"Boutique","item":"https:\/\/carbone0.fr\/index.php\/boutique\/"},{"@type":"ListItem","position":3,"name":"Roues v\u00e9lo route carbone DT Swiss &#8211; PRC 1400 Disc Brake 35mm &#8211; 12\/142 12\/100"}]},{"@type":"WebSite","@id":"https:\/\/carbone0.fr\/#website","url":"https:\/\/carbone0.fr\/","name":"Carbone0","description":"LEGER-ECONOMIQUE-DURABLE","publisher":{"@id":"https:\/\/carbone0.fr\/#organization"},"potentialAction":[{"@type":"SearchAction","target":{"@type":"EntryPoint","urlTemplate":"https:\/\/carbone0.fr\/?s={search_term_string}"},"query-input":{"@type":"PropertyValueSpecification","valueRequired":true,"valueName":"search_term_string"}}],"inLanguage":"fr-FR"},{"@type":"Organization","@id":"https:\/\/carbone0.fr\/#organization","name":"Carbone0","url":"https:\/\/carbone0.fr\/","logo":{"@type":"ImageObject","inLanguage":"fr-FR","@id":"https:\/\/carbone0.fr\/#\/schema\/logo\/image\/","url":"https:\/\/carbone0.fr\/wp-content\/uploads\/2025\/06\/logoLangloisConcept10carre1024_1.webp","contentUrl":"https:\/\/carbone0.fr\/wp-content\/uploads\/2025\/06\/logoLangloisConcept10carre1024_1.webp","width":768,"height":1024,"caption":"Carbone0"},"image":{"@id":"https:\/\/carbone0.fr\/#\/schema\/logo\/image\/"},"sameAs":["https:\/\/www.instagram.com\/langlois_concept_caen\/","https:\/\/www.youtube.com\/@Vincent_Langlois_Carbone0"]}]}},"jetpack_sharing_enabled":true,"_links":{"self":[{"href":"https:\/\/carbone0.fr\/index.php\/wp-json\/wp\/v2\/product\/1287","targetHints":{"allow":["GET"]}}],"collection":[{"href":"https:\/\/carbone0.fr\/index.php\/wp-json\/wp\/v2\/product"}],"about":[{"href":"https:\/\/carbone0.fr\/index.php\/wp-json\/wp\/v2\/types\/product"}],"replies":[{"embeddable":true,"href":"https:\/\/carbone0.fr\/index.php\/wp-json\/wp\/v2\/comments?post=1287"}],"wp:featuredmedia":[{"embeddable":true,"href":"https:\/\/carbone0.fr\/index.php\/wp-json\/wp\/v2\/media\/1288"}],"wp:attachment":[{"href":"https:\/\/carbone0.fr\/index.php\/wp-json\/wp\/v2\/media?parent=1287"}],"wp:term":[{"taxonomy":"product_brand","embeddable":true,"href":"https:\/\/carbone0.fr\/index.php\/wp-json\/wp\/v2\/product_brand?post=1287"},{"taxonomy":"product_cat","embeddable":true,"href":"https:\/\/carbone0.fr\/index.php\/wp-json\/wp\/v2\/product_cat?post=1287"},{"taxonomy":"product_tag","embeddable":true,"href":"https:\/\/carbone0.fr\/index.php\/wp-json\/wp\/v2\/product_tag?post=1287"}],"curies":[{"name":"wp","href":"https:\/\/api.w.org\/{rel}","templated":true}]}}