{"id":1331,"date":"2024-03-20T12:16:46","date_gmt":"2024-03-20T11:16:46","guid":{"rendered":"https:\/\/carbone0.fr\/?post_type=product&#038;p=1331"},"modified":"2025-01-03T18:13:57","modified_gmt":"2025-01-03T17:13:57","slug":"outil-de-demontage-moyeu-avant-180-240","status":"publish","type":"product","link":"https:\/\/carbone0.fr\/index.php\/produit\/outil-de-demontage-moyeu-avant-180-240\/","title":{"rendered":"Outil de d\u00e9montage moyeu avant  180 \/ 240"},"content":{"rendered":"<h1>Outil de d\u00e9montage moyeu avant 180 \/ 240<\/h1>\n<p>&nbsp;<\/p>\n<p>Ensemble de mat\u00e9riel usin\u00e9 haute pr\u00e9cision pour le montage \/ d\u00e9montage facile de vos roulements. DT-Swiss<\/p>\n<p>Mat\u00e9riel professionnel neuf. Garantie 2 ans.<\/p>\n<p>&nbsp;<\/p>\n<p>&nbsp;<\/p>\n","protected":false},"excerpt":{"rendered":"<p>Presse de pr\u00e9cision pour roulements de v\u00e9los<\/p>\n","protected":false},"featured_media":1332,"comment_status":"open","ping_status":"closed","template":"","meta":{"_monsterinsights_skip_tracking":false,"_monsterinsights_sitenote_active":false,"_monsterinsights_sitenote_note":"","_monsterinsights_sitenote_category":0},"product_brand":[],"product_cat":[98],"product_tag":[101,102],"class_list":{"0":"post-1331","1":"product","2":"type-product","3":"status-publish","4":"has-post-thumbnail","6":"product_cat-outillage","7":"product_tag-presse","8":"product_tag-roulement","10":"first","11":"onbackorder","12":"taxable","13":"shipping-taxable","14":"purchasable","15":"product-type-simple"},"yoast_head":"<!-- This site is optimized with the Yoast SEO plugin v27.5 - https:\/\/yoast.com\/product\/yoast-seo-wordpress\/ -->\n<title>Outil de d\u00e9montage moyeu avant 180 \/ 240 - Carbone0<\/title>\n<meta name=\"robots\" content=\"index, follow, max-snippet:-1, max-image-preview:large, max-video-preview:-1\" \/>\n<link rel=\"canonical\" href=\"https:\/\/carbone0.fr\/index.php\/produit\/outil-de-demontage-moyeu-avant-180-240\/\" \/>\n<meta property=\"og:locale\" content=\"fr_FR\" \/>\n<meta property=\"og:type\" content=\"article\" \/>\n<meta property=\"og:title\" content=\"Outil de d\u00e9montage moyeu avant 180 \/ 240 - Carbone0\" \/>\n<meta property=\"og:description\" content=\"Presse de pr\u00e9cision pour roulements de v\u00e9los\" \/>\n<meta property=\"og:url\" content=\"https:\/\/carbone0.fr\/index.php\/produit\/outil-de-demontage-moyeu-avant-180-240\/\" \/>\n<meta property=\"og:site_name\" content=\"Carbone0\" \/>\n<meta property=\"article:modified_time\" content=\"2025-01-03T17:13:57+00:00\" \/>\n<meta property=\"og:image\" content=\"https:\/\/carbone0.fr\/wp-content\/uploads\/2024\/03\/HXTXXX00N5031S_1920x1920.jpeg\" \/>\n\t<meta property=\"og:image:width\" content=\"450\" \/>\n\t<meta property=\"og:image:height\" content=\"450\" \/>\n\t<meta property=\"og:image:type\" content=\"image\/jpeg\" \/>\n<meta name=\"twitter:card\" content=\"summary_large_image\" \/>\n<script type=\"application\/ld+json\" class=\"yoast-schema-graph\">{\"@context\":\"https:\\\/\\\/schema.org\",\"@graph\":[{\"@type\":\"WebPage\",\"@id\":\"https:\\\/\\\/carbone0.fr\\\/index.php\\\/produit\\\/outil-de-demontage-moyeu-avant-180-240\\\/\",\"url\":\"https:\\\/\\\/carbone0.fr\\\/index.php\\\/produit\\\/outil-de-demontage-moyeu-avant-180-240\\\/\",\"name\":\"Outil de d\u00e9montage moyeu avant 180 \\\/ 240 - Carbone0\",\"isPartOf\":{\"@id\":\"https:\\\/\\\/carbone0.fr\\\/#website\"},\"primaryImageOfPage\":{\"@id\":\"https:\\\/\\\/carbone0.fr\\\/index.php\\\/produit\\\/outil-de-demontage-moyeu-avant-180-240\\\/#primaryimage\"},\"image\":{\"@id\":\"https:\\\/\\\/carbone0.fr\\\/index.php\\\/produit\\\/outil-de-demontage-moyeu-avant-180-240\\\/#primaryimage\"},\"thumbnailUrl\":\"https:\\\/\\\/carbone0.fr\\\/wp-content\\\/uploads\\\/2024\\\/03\\\/HXTXXX00N5031S_1920x1920.jpeg\",\"datePublished\":\"2024-03-20T11:16:46+00:00\",\"dateModified\":\"2025-01-03T17:13:57+00:00\",\"breadcrumb\":{\"@id\":\"https:\\\/\\\/carbone0.fr\\\/index.php\\\/produit\\\/outil-de-demontage-moyeu-avant-180-240\\\/#breadcrumb\"},\"inLanguage\":\"fr-FR\",\"potentialAction\":[{\"@type\":\"ReadAction\",\"target\":[\"https:\\\/\\\/carbone0.fr\\\/index.php\\\/produit\\\/outil-de-demontage-moyeu-avant-180-240\\\/\"]}]},{\"@type\":\"ImageObject\",\"inLanguage\":\"fr-FR\",\"@id\":\"https:\\\/\\\/carbone0.fr\\\/index.php\\\/produit\\\/outil-de-demontage-moyeu-avant-180-240\\\/#primaryimage\",\"url\":\"https:\\\/\\\/carbone0.fr\\\/wp-content\\\/uploads\\\/2024\\\/03\\\/HXTXXX00N5031S_1920x1920.jpeg\",\"contentUrl\":\"https:\\\/\\\/carbone0.fr\\\/wp-content\\\/uploads\\\/2024\\\/03\\\/HXTXXX00N5031S_1920x1920.jpeg\",\"width\":450,\"height\":450},{\"@type\":\"BreadcrumbList\",\"@id\":\"https:\\\/\\\/carbone0.fr\\\/index.php\\\/produit\\\/outil-de-demontage-moyeu-avant-180-240\\\/#breadcrumb\",\"itemListElement\":[{\"@type\":\"ListItem\",\"position\":1,\"name\":\"Accueil\",\"item\":\"https:\\\/\\\/carbone0.fr\\\/\"},{\"@type\":\"ListItem\",\"position\":2,\"name\":\"Boutique\",\"item\":\"https:\\\/\\\/carbone0.fr\\\/index.php\\\/boutique\\\/\"},{\"@type\":\"ListItem\",\"position\":3,\"name\":\"Outil de d\u00e9montage moyeu avant 180 \\\/ 240\"}]},{\"@type\":\"WebSite\",\"@id\":\"https:\\\/\\\/carbone0.fr\\\/#website\",\"url\":\"https:\\\/\\\/carbone0.fr\\\/\",\"name\":\"Carbone0\",\"description\":\"LEGER-ECONOMIQUE-DURABLE\",\"publisher\":{\"@id\":\"https:\\\/\\\/carbone0.fr\\\/#organization\"},\"potentialAction\":[{\"@type\":\"SearchAction\",\"target\":{\"@type\":\"EntryPoint\",\"urlTemplate\":\"https:\\\/\\\/carbone0.fr\\\/?s={search_term_string}\"},\"query-input\":{\"@type\":\"PropertyValueSpecification\",\"valueRequired\":true,\"valueName\":\"search_term_string\"}}],\"inLanguage\":\"fr-FR\"},{\"@type\":\"Organization\",\"@id\":\"https:\\\/\\\/carbone0.fr\\\/#organization\",\"name\":\"Carbone0\",\"url\":\"https:\\\/\\\/carbone0.fr\\\/\",\"logo\":{\"@type\":\"ImageObject\",\"inLanguage\":\"fr-FR\",\"@id\":\"https:\\\/\\\/carbone0.fr\\\/#\\\/schema\\\/logo\\\/image\\\/\",\"url\":\"https:\\\/\\\/carbone0.fr\\\/wp-content\\\/uploads\\\/2025\\\/06\\\/logoLangloisConcept10carre1024_1.webp\",\"contentUrl\":\"https:\\\/\\\/carbone0.fr\\\/wp-content\\\/uploads\\\/2025\\\/06\\\/logoLangloisConcept10carre1024_1.webp\",\"width\":768,\"height\":1024,\"caption\":\"Carbone0\"},\"image\":{\"@id\":\"https:\\\/\\\/carbone0.fr\\\/#\\\/schema\\\/logo\\\/image\\\/\"},\"sameAs\":[\"https:\\\/\\\/www.instagram.com\\\/langlois_concept_caen\\\/\",\"https:\\\/\\\/www.youtube.com\\\/@Vincent_Langlois_Carbone0\"]}]}<\/script>\n<!-- \/ Yoast SEO plugin. -->","yoast_head_json":{"title":"Outil de d\u00e9montage moyeu avant 180 \/ 240 - Carbone0","robots":{"index":"index","follow":"follow","max-snippet":"max-snippet:-1","max-image-preview":"max-image-preview:large","max-video-preview":"max-video-preview:-1"},"canonical":"https:\/\/carbone0.fr\/index.php\/produit\/outil-de-demontage-moyeu-avant-180-240\/","og_locale":"fr_FR","og_type":"article","og_title":"Outil de d\u00e9montage moyeu avant 180 \/ 240 - Carbone0","og_description":"Presse de pr\u00e9cision pour roulements de v\u00e9los","og_url":"https:\/\/carbone0.fr\/index.php\/produit\/outil-de-demontage-moyeu-avant-180-240\/","og_site_name":"Carbone0","article_modified_time":"2025-01-03T17:13:57+00:00","og_image":[{"width":450,"height":450,"url":"https:\/\/carbone0.fr\/wp-content\/uploads\/2024\/03\/HXTXXX00N5031S_1920x1920.jpeg","type":"image\/jpeg"}],"twitter_card":"summary_large_image","schema":{"@context":"https:\/\/schema.org","@graph":[{"@type":"WebPage","@id":"https:\/\/carbone0.fr\/index.php\/produit\/outil-de-demontage-moyeu-avant-180-240\/","url":"https:\/\/carbone0.fr\/index.php\/produit\/outil-de-demontage-moyeu-avant-180-240\/","name":"Outil de d\u00e9montage moyeu avant 180 \/ 240 - Carbone0","isPartOf":{"@id":"https:\/\/carbone0.fr\/#website"},"primaryImageOfPage":{"@id":"https:\/\/carbone0.fr\/index.php\/produit\/outil-de-demontage-moyeu-avant-180-240\/#primaryimage"},"image":{"@id":"https:\/\/carbone0.fr\/index.php\/produit\/outil-de-demontage-moyeu-avant-180-240\/#primaryimage"},"thumbnailUrl":"https:\/\/carbone0.fr\/wp-content\/uploads\/2024\/03\/HXTXXX00N5031S_1920x1920.jpeg","datePublished":"2024-03-20T11:16:46+00:00","dateModified":"2025-01-03T17:13:57+00:00","breadcrumb":{"@id":"https:\/\/carbone0.fr\/index.php\/produit\/outil-de-demontage-moyeu-avant-180-240\/#breadcrumb"},"inLanguage":"fr-FR","potentialAction":[{"@type":"ReadAction","target":["https:\/\/carbone0.fr\/index.php\/produit\/outil-de-demontage-moyeu-avant-180-240\/"]}]},{"@type":"ImageObject","inLanguage":"fr-FR","@id":"https:\/\/carbone0.fr\/index.php\/produit\/outil-de-demontage-moyeu-avant-180-240\/#primaryimage","url":"https:\/\/carbone0.fr\/wp-content\/uploads\/2024\/03\/HXTXXX00N5031S_1920x1920.jpeg","contentUrl":"https:\/\/carbone0.fr\/wp-content\/uploads\/2024\/03\/HXTXXX00N5031S_1920x1920.jpeg","width":450,"height":450},{"@type":"BreadcrumbList","@id":"https:\/\/carbone0.fr\/index.php\/produit\/outil-de-demontage-moyeu-avant-180-240\/#breadcrumb","itemListElement":[{"@type":"ListItem","position":1,"name":"Accueil","item":"https:\/\/carbone0.fr\/"},{"@type":"ListItem","position":2,"name":"Boutique","item":"https:\/\/carbone0.fr\/index.php\/boutique\/"},{"@type":"ListItem","position":3,"name":"Outil de d\u00e9montage moyeu avant 180 \/ 240"}]},{"@type":"WebSite","@id":"https:\/\/carbone0.fr\/#website","url":"https:\/\/carbone0.fr\/","name":"Carbone0","description":"LEGER-ECONOMIQUE-DURABLE","publisher":{"@id":"https:\/\/carbone0.fr\/#organization"},"potentialAction":[{"@type":"SearchAction","target":{"@type":"EntryPoint","urlTemplate":"https:\/\/carbone0.fr\/?s={search_term_string}"},"query-input":{"@type":"PropertyValueSpecification","valueRequired":true,"valueName":"search_term_string"}}],"inLanguage":"fr-FR"},{"@type":"Organization","@id":"https:\/\/carbone0.fr\/#organization","name":"Carbone0","url":"https:\/\/carbone0.fr\/","logo":{"@type":"ImageObject","inLanguage":"fr-FR","@id":"https:\/\/carbone0.fr\/#\/schema\/logo\/image\/","url":"https:\/\/carbone0.fr\/wp-content\/uploads\/2025\/06\/logoLangloisConcept10carre1024_1.webp","contentUrl":"https:\/\/carbone0.fr\/wp-content\/uploads\/2025\/06\/logoLangloisConcept10carre1024_1.webp","width":768,"height":1024,"caption":"Carbone0"},"image":{"@id":"https:\/\/carbone0.fr\/#\/schema\/logo\/image\/"},"sameAs":["https:\/\/www.instagram.com\/langlois_concept_caen\/","https:\/\/www.youtube.com\/@Vincent_Langlois_Carbone0"]}]}},"jetpack_sharing_enabled":true,"_links":{"self":[{"href":"https:\/\/carbone0.fr\/index.php\/wp-json\/wp\/v2\/product\/1331","targetHints":{"allow":["GET"]}}],"collection":[{"href":"https:\/\/carbone0.fr\/index.php\/wp-json\/wp\/v2\/product"}],"about":[{"href":"https:\/\/carbone0.fr\/index.php\/wp-json\/wp\/v2\/types\/product"}],"replies":[{"embeddable":true,"href":"https:\/\/carbone0.fr\/index.php\/wp-json\/wp\/v2\/comments?post=1331"}],"wp:featuredmedia":[{"embeddable":true,"href":"https:\/\/carbone0.fr\/index.php\/wp-json\/wp\/v2\/media\/1332"}],"wp:attachment":[{"href":"https:\/\/carbone0.fr\/index.php\/wp-json\/wp\/v2\/media?parent=1331"}],"wp:term":[{"taxonomy":"product_brand","embeddable":true,"href":"https:\/\/carbone0.fr\/index.php\/wp-json\/wp\/v2\/product_brand?post=1331"},{"taxonomy":"product_cat","embeddable":true,"href":"https:\/\/carbone0.fr\/index.php\/wp-json\/wp\/v2\/product_cat?post=1331"},{"taxonomy":"product_tag","embeddable":true,"href":"https:\/\/carbone0.fr\/index.php\/wp-json\/wp\/v2\/product_tag?post=1331"}],"curies":[{"name":"wp","href":"https:\/\/api.w.org\/{rel}","templated":true}]}}