{"id":1573,"date":"2024-11-17T17:25:41","date_gmt":"2024-11-17T16:25:41","guid":{"rendered":"https:\/\/carbone0.fr\/?post_type=product&#038;p=1573"},"modified":"2025-06-06T13:55:39","modified_gmt":"2025-06-06T11:55:39","slug":"casque-lazer-z1-kineticore-taille-s-52-56","status":"publish","type":"product","link":"https:\/\/carbone0.fr\/index.php\/produit\/casque-lazer-z1-kineticore-taille-s-52-56\/","title":{"rendered":"Casque Lazer Z1 &#8211; KINETICORE &#8211; taille S 52-56"},"content":{"rendered":"<h1>Casque Lazer Z1 &#8211; KINETICORE &#8211; taille S 52-56<\/h1>\n<p>r\u00e9f. BLC2447892358<\/p>\n<p>Discipline : route Poids : 225g (v\u00e9rifi\u00e9) Taille S : 52 -56<\/p>\n<p><strong><span style=\"color: #ff0000;\">(Attention, promotion d\u00e9stockage, le mat\u00e9riel ne sera ni repris, ni \u00e9chang\u00e9)<\/span><\/strong><\/p>\n<h1 class=\"product-title\">Z1 KinetiCore<\/h1>\n<div class=\"product-description\">Une protection optimis\u00e9e contre les chocs en rotation avec un poids de seulement 220 g en taille M. Le Z1 KinetiCore est le mod\u00e8le id\u00e9al pour ceux qui recherchent un poids plume avec la meilleure ventilation de sa cat\u00e9gorie.<\/div>\n<div><\/div>\n<div><strong><span style=\"color: #0000ff;\">Casque ayant obtenu la note maximale sur le plan de la s\u00e9curit\u00e9.<\/span><\/strong><\/div>\n<div><\/div>\n<div><img decoding=\"async\" class=\"alignnone size-full wp-image-1574\" src=\"https:\/\/carbone0.fr\/wp-content\/uploads\/2024\/11\/virginia-5-star.jpg\" alt=\"\" width=\"211\" height=\"92\" \/><\/div>\n<div><\/div>\n<div>https:\/\/www.lazersport.com\/fr\/helmets\/on-road\/z1-kineticore<\/div>\n<div><\/div>\n","protected":false},"excerpt":{"rendered":"<p>Casque Lazer Z1 &#8211; KINETICORE &#8211; taille S 52-56 r\u00e9f. BLC2447892358 Discipline : route Poids : 225g (v\u00e9rifi\u00e9) Taille S : 52 -56 (Attention, promotion d\u00e9stockage, le mat\u00e9riel ne sera ni repris, ni \u00e9chang\u00e9) Z1 KinetiCore Une protection optimis\u00e9e contre les chocs en rotation avec un poids de seulement 220 g en taille M. Le [&hellip;]<\/p>\n","protected":false},"featured_media":1600,"comment_status":"open","ping_status":"closed","template":"","meta":{"_monsterinsights_skip_tracking":false,"_monsterinsights_sitenote_active":false,"_monsterinsights_sitenote_note":"","_monsterinsights_sitenote_category":0},"product_brand":[],"product_cat":[54],"product_tag":[55,151,56,57],"class_list":{"0":"post-1573","1":"product","2":"type-product","3":"status-publish","4":"has-post-thumbnail","6":"product_cat-casques","7":"product_tag-casque","8":"product_tag-kineticore","9":"product_tag-lazer","10":"product_tag-z1","12":"first","13":"instock","14":"sale","15":"taxable","16":"shipping-taxable","17":"purchasable","18":"product-type-simple"},"yoast_head":"<!-- This site is optimized with the Yoast SEO plugin v27.5 - https:\/\/yoast.com\/product\/yoast-seo-wordpress\/ -->\n<title>Casque Lazer Z1 - KINETICORE - taille S 52-56 - Carbone0<\/title>\n<meta name=\"robots\" content=\"index, follow, max-snippet:-1, max-image-preview:large, max-video-preview:-1\" \/>\n<link rel=\"canonical\" href=\"https:\/\/carbone0.fr\/index.php\/produit\/casque-lazer-z1-kineticore-taille-s-52-56\/\" \/>\n<meta property=\"og:locale\" content=\"fr_FR\" \/>\n<meta property=\"og:type\" content=\"article\" \/>\n<meta property=\"og:title\" content=\"Casque Lazer Z1 - KINETICORE - taille S 52-56 - Carbone0\" \/>\n<meta property=\"og:description\" content=\"Casque Lazer Z1 &#8211; KINETICORE &#8211; taille S 52-56 r\u00e9f. BLC2447892358 Discipline : route Poids : 225g (v\u00e9rifi\u00e9) Taille S : 52 -56 (Attention, promotion d\u00e9stockage, le mat\u00e9riel ne sera ni repris, ni \u00e9chang\u00e9) Z1 KinetiCore Une protection optimis\u00e9e contre les chocs en rotation avec un poids de seulement 220 g en taille M. Le [&hellip;]\" \/>\n<meta property=\"og:url\" content=\"https:\/\/carbone0.fr\/index.php\/produit\/casque-lazer-z1-kineticore-taille-s-52-56\/\" \/>\n<meta property=\"og:site_name\" content=\"Carbone0\" \/>\n<meta property=\"article:modified_time\" content=\"2025-06-06T11:55:39+00:00\" \/>\n<meta property=\"og:image\" content=\"https:\/\/carbone0.fr\/wp-content\/uploads\/2024\/11\/my2024_z1_cosmic_blue_right_1400x1011-removebg-preview.png\" \/>\n\t<meta property=\"og:image:width\" content=\"500\" \/>\n\t<meta property=\"og:image:height\" content=\"500\" \/>\n\t<meta property=\"og:image:type\" content=\"image\/png\" \/>\n<meta name=\"twitter:card\" content=\"summary_large_image\" \/>\n<meta name=\"twitter:label1\" content=\"Dur\u00e9e de lecture estim\u00e9e\" \/>\n\t<meta name=\"twitter:data1\" content=\"1 minute\" \/>\n<script type=\"application\/ld+json\" class=\"yoast-schema-graph\">{\"@context\":\"https:\\\/\\\/schema.org\",\"@graph\":[{\"@type\":\"WebPage\",\"@id\":\"https:\\\/\\\/carbone0.fr\\\/index.php\\\/produit\\\/casque-lazer-z1-kineticore-taille-s-52-56\\\/\",\"url\":\"https:\\\/\\\/carbone0.fr\\\/index.php\\\/produit\\\/casque-lazer-z1-kineticore-taille-s-52-56\\\/\",\"name\":\"Casque Lazer Z1 - KINETICORE - taille S 52-56 - Carbone0\",\"isPartOf\":{\"@id\":\"https:\\\/\\\/carbone0.fr\\\/#website\"},\"primaryImageOfPage\":{\"@id\":\"https:\\\/\\\/carbone0.fr\\\/index.php\\\/produit\\\/casque-lazer-z1-kineticore-taille-s-52-56\\\/#primaryimage\"},\"image\":{\"@id\":\"https:\\\/\\\/carbone0.fr\\\/index.php\\\/produit\\\/casque-lazer-z1-kineticore-taille-s-52-56\\\/#primaryimage\"},\"thumbnailUrl\":\"https:\\\/\\\/carbone0.fr\\\/wp-content\\\/uploads\\\/2024\\\/11\\\/my2024_z1_cosmic_blue_right_1400x1011-removebg-preview.png\",\"datePublished\":\"2024-11-17T16:25:41+00:00\",\"dateModified\":\"2025-06-06T11:55:39+00:00\",\"breadcrumb\":{\"@id\":\"https:\\\/\\\/carbone0.fr\\\/index.php\\\/produit\\\/casque-lazer-z1-kineticore-taille-s-52-56\\\/#breadcrumb\"},\"inLanguage\":\"fr-FR\",\"potentialAction\":[{\"@type\":\"ReadAction\",\"target\":[\"https:\\\/\\\/carbone0.fr\\\/index.php\\\/produit\\\/casque-lazer-z1-kineticore-taille-s-52-56\\\/\"]}]},{\"@type\":\"ImageObject\",\"inLanguage\":\"fr-FR\",\"@id\":\"https:\\\/\\\/carbone0.fr\\\/index.php\\\/produit\\\/casque-lazer-z1-kineticore-taille-s-52-56\\\/#primaryimage\",\"url\":\"https:\\\/\\\/carbone0.fr\\\/wp-content\\\/uploads\\\/2024\\\/11\\\/my2024_z1_cosmic_blue_right_1400x1011-removebg-preview.png\",\"contentUrl\":\"https:\\\/\\\/carbone0.fr\\\/wp-content\\\/uploads\\\/2024\\\/11\\\/my2024_z1_cosmic_blue_right_1400x1011-removebg-preview.png\",\"width\":500,\"height\":500},{\"@type\":\"BreadcrumbList\",\"@id\":\"https:\\\/\\\/carbone0.fr\\\/index.php\\\/produit\\\/casque-lazer-z1-kineticore-taille-s-52-56\\\/#breadcrumb\",\"itemListElement\":[{\"@type\":\"ListItem\",\"position\":1,\"name\":\"Accueil\",\"item\":\"https:\\\/\\\/carbone0.fr\\\/\"},{\"@type\":\"ListItem\",\"position\":2,\"name\":\"Boutique\",\"item\":\"https:\\\/\\\/carbone0.fr\\\/index.php\\\/boutique\\\/\"},{\"@type\":\"ListItem\",\"position\":3,\"name\":\"Casque Lazer Z1 &#8211; KINETICORE &#8211; taille S 52-56\"}]},{\"@type\":\"WebSite\",\"@id\":\"https:\\\/\\\/carbone0.fr\\\/#website\",\"url\":\"https:\\\/\\\/carbone0.fr\\\/\",\"name\":\"Carbone0\",\"description\":\"LEGER-ECONOMIQUE-DURABLE\",\"publisher\":{\"@id\":\"https:\\\/\\\/carbone0.fr\\\/#organization\"},\"potentialAction\":[{\"@type\":\"SearchAction\",\"target\":{\"@type\":\"EntryPoint\",\"urlTemplate\":\"https:\\\/\\\/carbone0.fr\\\/?s={search_term_string}\"},\"query-input\":{\"@type\":\"PropertyValueSpecification\",\"valueRequired\":true,\"valueName\":\"search_term_string\"}}],\"inLanguage\":\"fr-FR\"},{\"@type\":\"Organization\",\"@id\":\"https:\\\/\\\/carbone0.fr\\\/#organization\",\"name\":\"Carbone0\",\"url\":\"https:\\\/\\\/carbone0.fr\\\/\",\"logo\":{\"@type\":\"ImageObject\",\"inLanguage\":\"fr-FR\",\"@id\":\"https:\\\/\\\/carbone0.fr\\\/#\\\/schema\\\/logo\\\/image\\\/\",\"url\":\"https:\\\/\\\/carbone0.fr\\\/wp-content\\\/uploads\\\/2025\\\/06\\\/logoLangloisConcept10carre1024_1.webp\",\"contentUrl\":\"https:\\\/\\\/carbone0.fr\\\/wp-content\\\/uploads\\\/2025\\\/06\\\/logoLangloisConcept10carre1024_1.webp\",\"width\":768,\"height\":1024,\"caption\":\"Carbone0\"},\"image\":{\"@id\":\"https:\\\/\\\/carbone0.fr\\\/#\\\/schema\\\/logo\\\/image\\\/\"},\"sameAs\":[\"https:\\\/\\\/www.instagram.com\\\/langlois_concept_caen\\\/\",\"https:\\\/\\\/www.youtube.com\\\/@Vincent_Langlois_Carbone0\"]}]}<\/script>\n<!-- \/ Yoast SEO plugin. -->","yoast_head_json":{"title":"Casque Lazer Z1 - KINETICORE - taille S 52-56 - Carbone0","robots":{"index":"index","follow":"follow","max-snippet":"max-snippet:-1","max-image-preview":"max-image-preview:large","max-video-preview":"max-video-preview:-1"},"canonical":"https:\/\/carbone0.fr\/index.php\/produit\/casque-lazer-z1-kineticore-taille-s-52-56\/","og_locale":"fr_FR","og_type":"article","og_title":"Casque Lazer Z1 - KINETICORE - taille S 52-56 - Carbone0","og_description":"Casque Lazer Z1 &#8211; KINETICORE &#8211; taille S 52-56 r\u00e9f. BLC2447892358 Discipline : route Poids : 225g (v\u00e9rifi\u00e9) Taille S : 52 -56 (Attention, promotion d\u00e9stockage, le mat\u00e9riel ne sera ni repris, ni \u00e9chang\u00e9) Z1 KinetiCore Une protection optimis\u00e9e contre les chocs en rotation avec un poids de seulement 220 g en taille M. Le [&hellip;]","og_url":"https:\/\/carbone0.fr\/index.php\/produit\/casque-lazer-z1-kineticore-taille-s-52-56\/","og_site_name":"Carbone0","article_modified_time":"2025-06-06T11:55:39+00:00","og_image":[{"width":500,"height":500,"url":"https:\/\/carbone0.fr\/wp-content\/uploads\/2024\/11\/my2024_z1_cosmic_blue_right_1400x1011-removebg-preview.png","type":"image\/png"}],"twitter_card":"summary_large_image","twitter_misc":{"Dur\u00e9e de lecture estim\u00e9e":"1 minute"},"schema":{"@context":"https:\/\/schema.org","@graph":[{"@type":"WebPage","@id":"https:\/\/carbone0.fr\/index.php\/produit\/casque-lazer-z1-kineticore-taille-s-52-56\/","url":"https:\/\/carbone0.fr\/index.php\/produit\/casque-lazer-z1-kineticore-taille-s-52-56\/","name":"Casque Lazer Z1 - KINETICORE - taille S 52-56 - Carbone0","isPartOf":{"@id":"https:\/\/carbone0.fr\/#website"},"primaryImageOfPage":{"@id":"https:\/\/carbone0.fr\/index.php\/produit\/casque-lazer-z1-kineticore-taille-s-52-56\/#primaryimage"},"image":{"@id":"https:\/\/carbone0.fr\/index.php\/produit\/casque-lazer-z1-kineticore-taille-s-52-56\/#primaryimage"},"thumbnailUrl":"https:\/\/carbone0.fr\/wp-content\/uploads\/2024\/11\/my2024_z1_cosmic_blue_right_1400x1011-removebg-preview.png","datePublished":"2024-11-17T16:25:41+00:00","dateModified":"2025-06-06T11:55:39+00:00","breadcrumb":{"@id":"https:\/\/carbone0.fr\/index.php\/produit\/casque-lazer-z1-kineticore-taille-s-52-56\/#breadcrumb"},"inLanguage":"fr-FR","potentialAction":[{"@type":"ReadAction","target":["https:\/\/carbone0.fr\/index.php\/produit\/casque-lazer-z1-kineticore-taille-s-52-56\/"]}]},{"@type":"ImageObject","inLanguage":"fr-FR","@id":"https:\/\/carbone0.fr\/index.php\/produit\/casque-lazer-z1-kineticore-taille-s-52-56\/#primaryimage","url":"https:\/\/carbone0.fr\/wp-content\/uploads\/2024\/11\/my2024_z1_cosmic_blue_right_1400x1011-removebg-preview.png","contentUrl":"https:\/\/carbone0.fr\/wp-content\/uploads\/2024\/11\/my2024_z1_cosmic_blue_right_1400x1011-removebg-preview.png","width":500,"height":500},{"@type":"BreadcrumbList","@id":"https:\/\/carbone0.fr\/index.php\/produit\/casque-lazer-z1-kineticore-taille-s-52-56\/#breadcrumb","itemListElement":[{"@type":"ListItem","position":1,"name":"Accueil","item":"https:\/\/carbone0.fr\/"},{"@type":"ListItem","position":2,"name":"Boutique","item":"https:\/\/carbone0.fr\/index.php\/boutique\/"},{"@type":"ListItem","position":3,"name":"Casque Lazer Z1 &#8211; KINETICORE &#8211; taille S 52-56"}]},{"@type":"WebSite","@id":"https:\/\/carbone0.fr\/#website","url":"https:\/\/carbone0.fr\/","name":"Carbone0","description":"LEGER-ECONOMIQUE-DURABLE","publisher":{"@id":"https:\/\/carbone0.fr\/#organization"},"potentialAction":[{"@type":"SearchAction","target":{"@type":"EntryPoint","urlTemplate":"https:\/\/carbone0.fr\/?s={search_term_string}"},"query-input":{"@type":"PropertyValueSpecification","valueRequired":true,"valueName":"search_term_string"}}],"inLanguage":"fr-FR"},{"@type":"Organization","@id":"https:\/\/carbone0.fr\/#organization","name":"Carbone0","url":"https:\/\/carbone0.fr\/","logo":{"@type":"ImageObject","inLanguage":"fr-FR","@id":"https:\/\/carbone0.fr\/#\/schema\/logo\/image\/","url":"https:\/\/carbone0.fr\/wp-content\/uploads\/2025\/06\/logoLangloisConcept10carre1024_1.webp","contentUrl":"https:\/\/carbone0.fr\/wp-content\/uploads\/2025\/06\/logoLangloisConcept10carre1024_1.webp","width":768,"height":1024,"caption":"Carbone0"},"image":{"@id":"https:\/\/carbone0.fr\/#\/schema\/logo\/image\/"},"sameAs":["https:\/\/www.instagram.com\/langlois_concept_caen\/","https:\/\/www.youtube.com\/@Vincent_Langlois_Carbone0"]}]}},"jetpack_sharing_enabled":true,"_links":{"self":[{"href":"https:\/\/carbone0.fr\/index.php\/wp-json\/wp\/v2\/product\/1573","targetHints":{"allow":["GET"]}}],"collection":[{"href":"https:\/\/carbone0.fr\/index.php\/wp-json\/wp\/v2\/product"}],"about":[{"href":"https:\/\/carbone0.fr\/index.php\/wp-json\/wp\/v2\/types\/product"}],"replies":[{"embeddable":true,"href":"https:\/\/carbone0.fr\/index.php\/wp-json\/wp\/v2\/comments?post=1573"}],"wp:featuredmedia":[{"embeddable":true,"href":"https:\/\/carbone0.fr\/index.php\/wp-json\/wp\/v2\/media\/1600"}],"wp:attachment":[{"href":"https:\/\/carbone0.fr\/index.php\/wp-json\/wp\/v2\/media?parent=1573"}],"wp:term":[{"taxonomy":"product_brand","embeddable":true,"href":"https:\/\/carbone0.fr\/index.php\/wp-json\/wp\/v2\/product_brand?post=1573"},{"taxonomy":"product_cat","embeddable":true,"href":"https:\/\/carbone0.fr\/index.php\/wp-json\/wp\/v2\/product_cat?post=1573"},{"taxonomy":"product_tag","embeddable":true,"href":"https:\/\/carbone0.fr\/index.php\/wp-json\/wp\/v2\/product_tag?post=1573"}],"curies":[{"name":"wp","href":"https:\/\/api.w.org\/{rel}","templated":true}]}}