{"id":1624,"date":"2024-11-17T17:22:01","date_gmt":"2024-11-17T16:22:01","guid":{"rendered":"https:\/\/carbone0.fr\/?post_type=product&#038;p=1624"},"modified":"2024-11-17T17:24:25","modified_gmt":"2024-11-17T16:24:25","slug":"casque-lazer-strada-kineticore-bleu-clair-s-52-56","status":"publish","type":"product","link":"https:\/\/carbone0.fr\/index.php\/produit\/casque-lazer-strada-kineticore-bleu-clair-s-52-56\/","title":{"rendered":"Casque Lazer Strada &#8211; KINETICORE &#8211; Bleu clair &#8211; S 52-56"},"content":{"rendered":"<h1>Casque Lazer Strada &#8211; KINETICORE &#8211; Bleu clair &#8211; S 52-56<\/h1>\n<p>r\u00e9f. BLC2227891070<\/p>\n<p>Discipline : route Poids : 290g\u00a0 Taille S : 52 -56<\/p>\n<p><strong><span style=\"color: #ff0000;\">(Attention, promotion d\u00e9stockage, le mat\u00e9riel ne sera ni repris, ni \u00e9chang\u00e9)<\/span><\/strong><\/p>\n<h1 class=\"product-title\">Strada KinetiCore<\/h1>\n<div class=\"product-description\">Rapide, l\u00e9ger et s\u00fbr, le Strada KinetiCore est un casque polyvalent qui offre une grande protection aux cyclistes de tous les niveaux. Avec le confort am\u00e9lior\u00e9 gr\u00e2ce au syst\u00e8me d&#8217;ajustement sur mesure ScrollSys et \u00e0 la gestion de pointe de la ventilation pour vous tenir au frais, vous n&#8217;avez plus qu&#8217;\u00e0 vous concentrer sur le plaisir de faire du v\u00e9lo.<\/div>\n<div><\/div>\n<div><strong><span style=\"color: #0000ff;\">Casque ayant obtenu la note maximale sur le plan de la s\u00e9curit\u00e9.<\/span><\/strong><\/div>\n<div><\/div>\n<div><img decoding=\"async\" class=\"alignnone size-full wp-image-1574\" src=\"https:\/\/carbone0.fr\/wp-content\/uploads\/2024\/11\/virginia-5-star.jpg\" alt=\"\" width=\"211\" height=\"92\" \/><\/div>\n<div><\/div>\n<div><a href=\"https:\/\/www.lazersport.com\/fr\/casques\/route\/strada-kineticore\">https:\/\/www.lazersport.com\/fr\/casques\/route\/strada-kineticore<\/a><\/div>\n<div><\/div>\n","protected":false},"excerpt":{"rendered":"<p>Casque Lazer Strada &#8211; KINETICORE &#8211; Bleu clair &#8211; S 52-56 r\u00e9f. BLC2227891070 Discipline : route Poids : 290g\u00a0 Taille S : 52 -56 (Attention, promotion d\u00e9stockage, le mat\u00e9riel ne sera ni repris, ni \u00e9chang\u00e9) Strada KinetiCore Rapide, l\u00e9ger et s\u00fbr, le Strada KinetiCore est un casque polyvalent qui offre une grande protection aux cyclistes [&hellip;]<\/p>\n","protected":false},"featured_media":1625,"comment_status":"open","ping_status":"closed","template":"","meta":{"_monsterinsights_skip_tracking":false,"_monsterinsights_sitenote_active":false,"_monsterinsights_sitenote_note":"","_monsterinsights_sitenote_category":0},"product_brand":[],"product_cat":[54],"product_tag":[55,151,56,156],"class_list":{"0":"post-1624","1":"product","2":"type-product","3":"status-publish","4":"has-post-thumbnail","6":"product_cat-casques","7":"product_tag-casque","8":"product_tag-kineticore","9":"product_tag-lazer","10":"product_tag-strada","12":"first","13":"instock","14":"sale","15":"taxable","16":"shipping-taxable","17":"purchasable","18":"product-type-simple"},"yoast_head":"<!-- This site is optimized with the Yoast SEO plugin v27.4 - https:\/\/yoast.com\/product\/yoast-seo-wordpress\/ -->\n<title>Casque Lazer Strada - KINETICORE - Bleu clair - S 52-56 - Carbone0<\/title>\n<meta name=\"robots\" content=\"index, follow, max-snippet:-1, max-image-preview:large, max-video-preview:-1\" \/>\n<link rel=\"canonical\" href=\"https:\/\/carbone0.fr\/index.php\/produit\/casque-lazer-strada-kineticore-bleu-clair-s-52-56\/\" \/>\n<meta property=\"og:locale\" content=\"fr_FR\" \/>\n<meta property=\"og:type\" content=\"article\" \/>\n<meta property=\"og:title\" content=\"Casque Lazer Strada - KINETICORE - Bleu clair - S 52-56 - Carbone0\" \/>\n<meta property=\"og:description\" content=\"Casque Lazer Strada &#8211; KINETICORE &#8211; Bleu clair &#8211; S 52-56 r\u00e9f. BLC2227891070 Discipline : route Poids : 290g\u00a0 Taille S : 52 -56 (Attention, promotion d\u00e9stockage, le mat\u00e9riel ne sera ni repris, ni \u00e9chang\u00e9) Strada KinetiCore Rapide, l\u00e9ger et s\u00fbr, le Strada KinetiCore est un casque polyvalent qui offre une grande protection aux cyclistes [&hellip;]\" \/>\n<meta property=\"og:url\" content=\"https:\/\/carbone0.fr\/index.php\/produit\/casque-lazer-strada-kineticore-bleu-clair-s-52-56\/\" \/>\n<meta property=\"og:site_name\" content=\"Carbone0\" \/>\n<meta property=\"article:modified_time\" content=\"2024-11-17T16:24:25+00:00\" \/>\n<meta property=\"og:image\" content=\"https:\/\/carbone0.fr\/wp-content\/uploads\/2024\/11\/file-1-4.png\" \/>\n\t<meta property=\"og:image:width\" content=\"572\" \/>\n\t<meta property=\"og:image:height\" content=\"572\" \/>\n\t<meta property=\"og:image:type\" content=\"image\/png\" \/>\n<meta name=\"twitter:card\" content=\"summary_large_image\" \/>\n<meta name=\"twitter:label1\" content=\"Dur\u00e9e de lecture estim\u00e9e\" \/>\n\t<meta name=\"twitter:data1\" content=\"1 minute\" \/>\n<script type=\"application\/ld+json\" class=\"yoast-schema-graph\">{\"@context\":\"https:\\\/\\\/schema.org\",\"@graph\":[{\"@type\":\"WebPage\",\"@id\":\"https:\\\/\\\/carbone0.fr\\\/index.php\\\/produit\\\/casque-lazer-strada-kineticore-bleu-clair-s-52-56\\\/\",\"url\":\"https:\\\/\\\/carbone0.fr\\\/index.php\\\/produit\\\/casque-lazer-strada-kineticore-bleu-clair-s-52-56\\\/\",\"name\":\"Casque Lazer Strada - KINETICORE - Bleu clair - S 52-56 - Carbone0\",\"isPartOf\":{\"@id\":\"https:\\\/\\\/carbone0.fr\\\/#website\"},\"primaryImageOfPage\":{\"@id\":\"https:\\\/\\\/carbone0.fr\\\/index.php\\\/produit\\\/casque-lazer-strada-kineticore-bleu-clair-s-52-56\\\/#primaryimage\"},\"image\":{\"@id\":\"https:\\\/\\\/carbone0.fr\\\/index.php\\\/produit\\\/casque-lazer-strada-kineticore-bleu-clair-s-52-56\\\/#primaryimage\"},\"thumbnailUrl\":\"https:\\\/\\\/carbone0.fr\\\/wp-content\\\/uploads\\\/2024\\\/11\\\/file-1-4.png\",\"datePublished\":\"2024-11-17T16:22:01+00:00\",\"dateModified\":\"2024-11-17T16:24:25+00:00\",\"breadcrumb\":{\"@id\":\"https:\\\/\\\/carbone0.fr\\\/index.php\\\/produit\\\/casque-lazer-strada-kineticore-bleu-clair-s-52-56\\\/#breadcrumb\"},\"inLanguage\":\"fr-FR\",\"potentialAction\":[{\"@type\":\"ReadAction\",\"target\":[\"https:\\\/\\\/carbone0.fr\\\/index.php\\\/produit\\\/casque-lazer-strada-kineticore-bleu-clair-s-52-56\\\/\"]}]},{\"@type\":\"ImageObject\",\"inLanguage\":\"fr-FR\",\"@id\":\"https:\\\/\\\/carbone0.fr\\\/index.php\\\/produit\\\/casque-lazer-strada-kineticore-bleu-clair-s-52-56\\\/#primaryimage\",\"url\":\"https:\\\/\\\/carbone0.fr\\\/wp-content\\\/uploads\\\/2024\\\/11\\\/file-1-4.png\",\"contentUrl\":\"https:\\\/\\\/carbone0.fr\\\/wp-content\\\/uploads\\\/2024\\\/11\\\/file-1-4.png\",\"width\":572,\"height\":572},{\"@type\":\"BreadcrumbList\",\"@id\":\"https:\\\/\\\/carbone0.fr\\\/index.php\\\/produit\\\/casque-lazer-strada-kineticore-bleu-clair-s-52-56\\\/#breadcrumb\",\"itemListElement\":[{\"@type\":\"ListItem\",\"position\":1,\"name\":\"Accueil\",\"item\":\"https:\\\/\\\/carbone0.fr\\\/\"},{\"@type\":\"ListItem\",\"position\":2,\"name\":\"Boutique\",\"item\":\"https:\\\/\\\/carbone0.fr\\\/index.php\\\/boutique\\\/\"},{\"@type\":\"ListItem\",\"position\":3,\"name\":\"Casque Lazer Strada &#8211; KINETICORE &#8211; Bleu clair &#8211; S 52-56\"}]},{\"@type\":\"WebSite\",\"@id\":\"https:\\\/\\\/carbone0.fr\\\/#website\",\"url\":\"https:\\\/\\\/carbone0.fr\\\/\",\"name\":\"Carbone0\",\"description\":\"LEGER-ECONOMIQUE-DURABLE\",\"publisher\":{\"@id\":\"https:\\\/\\\/carbone0.fr\\\/#organization\"},\"potentialAction\":[{\"@type\":\"SearchAction\",\"target\":{\"@type\":\"EntryPoint\",\"urlTemplate\":\"https:\\\/\\\/carbone0.fr\\\/?s={search_term_string}\"},\"query-input\":{\"@type\":\"PropertyValueSpecification\",\"valueRequired\":true,\"valueName\":\"search_term_string\"}}],\"inLanguage\":\"fr-FR\"},{\"@type\":\"Organization\",\"@id\":\"https:\\\/\\\/carbone0.fr\\\/#organization\",\"name\":\"Carbone0\",\"url\":\"https:\\\/\\\/carbone0.fr\\\/\",\"logo\":{\"@type\":\"ImageObject\",\"inLanguage\":\"fr-FR\",\"@id\":\"https:\\\/\\\/carbone0.fr\\\/#\\\/schema\\\/logo\\\/image\\\/\",\"url\":\"https:\\\/\\\/carbone0.fr\\\/wp-content\\\/uploads\\\/2025\\\/06\\\/logoLangloisConcept10carre1024_1.webp\",\"contentUrl\":\"https:\\\/\\\/carbone0.fr\\\/wp-content\\\/uploads\\\/2025\\\/06\\\/logoLangloisConcept10carre1024_1.webp\",\"width\":768,\"height\":1024,\"caption\":\"Carbone0\"},\"image\":{\"@id\":\"https:\\\/\\\/carbone0.fr\\\/#\\\/schema\\\/logo\\\/image\\\/\"},\"sameAs\":[\"https:\\\/\\\/www.instagram.com\\\/langlois_concept_caen\\\/\",\"https:\\\/\\\/www.youtube.com\\\/@Vincent_Langlois_Carbone0\"]}]}<\/script>\n<!-- \/ Yoast SEO plugin. -->","yoast_head_json":{"title":"Casque Lazer Strada - KINETICORE - Bleu clair - S 52-56 - Carbone0","robots":{"index":"index","follow":"follow","max-snippet":"max-snippet:-1","max-image-preview":"max-image-preview:large","max-video-preview":"max-video-preview:-1"},"canonical":"https:\/\/carbone0.fr\/index.php\/produit\/casque-lazer-strada-kineticore-bleu-clair-s-52-56\/","og_locale":"fr_FR","og_type":"article","og_title":"Casque Lazer Strada - KINETICORE - Bleu clair - S 52-56 - Carbone0","og_description":"Casque Lazer Strada &#8211; KINETICORE &#8211; Bleu clair &#8211; S 52-56 r\u00e9f. BLC2227891070 Discipline : route Poids : 290g\u00a0 Taille S : 52 -56 (Attention, promotion d\u00e9stockage, le mat\u00e9riel ne sera ni repris, ni \u00e9chang\u00e9) Strada KinetiCore Rapide, l\u00e9ger et s\u00fbr, le Strada KinetiCore est un casque polyvalent qui offre une grande protection aux cyclistes [&hellip;]","og_url":"https:\/\/carbone0.fr\/index.php\/produit\/casque-lazer-strada-kineticore-bleu-clair-s-52-56\/","og_site_name":"Carbone0","article_modified_time":"2024-11-17T16:24:25+00:00","og_image":[{"width":572,"height":572,"url":"https:\/\/carbone0.fr\/wp-content\/uploads\/2024\/11\/file-1-4.png","type":"image\/png"}],"twitter_card":"summary_large_image","twitter_misc":{"Dur\u00e9e de lecture estim\u00e9e":"1 minute"},"schema":{"@context":"https:\/\/schema.org","@graph":[{"@type":"WebPage","@id":"https:\/\/carbone0.fr\/index.php\/produit\/casque-lazer-strada-kineticore-bleu-clair-s-52-56\/","url":"https:\/\/carbone0.fr\/index.php\/produit\/casque-lazer-strada-kineticore-bleu-clair-s-52-56\/","name":"Casque Lazer Strada - KINETICORE - Bleu clair - S 52-56 - Carbone0","isPartOf":{"@id":"https:\/\/carbone0.fr\/#website"},"primaryImageOfPage":{"@id":"https:\/\/carbone0.fr\/index.php\/produit\/casque-lazer-strada-kineticore-bleu-clair-s-52-56\/#primaryimage"},"image":{"@id":"https:\/\/carbone0.fr\/index.php\/produit\/casque-lazer-strada-kineticore-bleu-clair-s-52-56\/#primaryimage"},"thumbnailUrl":"https:\/\/carbone0.fr\/wp-content\/uploads\/2024\/11\/file-1-4.png","datePublished":"2024-11-17T16:22:01+00:00","dateModified":"2024-11-17T16:24:25+00:00","breadcrumb":{"@id":"https:\/\/carbone0.fr\/index.php\/produit\/casque-lazer-strada-kineticore-bleu-clair-s-52-56\/#breadcrumb"},"inLanguage":"fr-FR","potentialAction":[{"@type":"ReadAction","target":["https:\/\/carbone0.fr\/index.php\/produit\/casque-lazer-strada-kineticore-bleu-clair-s-52-56\/"]}]},{"@type":"ImageObject","inLanguage":"fr-FR","@id":"https:\/\/carbone0.fr\/index.php\/produit\/casque-lazer-strada-kineticore-bleu-clair-s-52-56\/#primaryimage","url":"https:\/\/carbone0.fr\/wp-content\/uploads\/2024\/11\/file-1-4.png","contentUrl":"https:\/\/carbone0.fr\/wp-content\/uploads\/2024\/11\/file-1-4.png","width":572,"height":572},{"@type":"BreadcrumbList","@id":"https:\/\/carbone0.fr\/index.php\/produit\/casque-lazer-strada-kineticore-bleu-clair-s-52-56\/#breadcrumb","itemListElement":[{"@type":"ListItem","position":1,"name":"Accueil","item":"https:\/\/carbone0.fr\/"},{"@type":"ListItem","position":2,"name":"Boutique","item":"https:\/\/carbone0.fr\/index.php\/boutique\/"},{"@type":"ListItem","position":3,"name":"Casque Lazer Strada &#8211; KINETICORE &#8211; Bleu clair &#8211; S 52-56"}]},{"@type":"WebSite","@id":"https:\/\/carbone0.fr\/#website","url":"https:\/\/carbone0.fr\/","name":"Carbone0","description":"LEGER-ECONOMIQUE-DURABLE","publisher":{"@id":"https:\/\/carbone0.fr\/#organization"},"potentialAction":[{"@type":"SearchAction","target":{"@type":"EntryPoint","urlTemplate":"https:\/\/carbone0.fr\/?s={search_term_string}"},"query-input":{"@type":"PropertyValueSpecification","valueRequired":true,"valueName":"search_term_string"}}],"inLanguage":"fr-FR"},{"@type":"Organization","@id":"https:\/\/carbone0.fr\/#organization","name":"Carbone0","url":"https:\/\/carbone0.fr\/","logo":{"@type":"ImageObject","inLanguage":"fr-FR","@id":"https:\/\/carbone0.fr\/#\/schema\/logo\/image\/","url":"https:\/\/carbone0.fr\/wp-content\/uploads\/2025\/06\/logoLangloisConcept10carre1024_1.webp","contentUrl":"https:\/\/carbone0.fr\/wp-content\/uploads\/2025\/06\/logoLangloisConcept10carre1024_1.webp","width":768,"height":1024,"caption":"Carbone0"},"image":{"@id":"https:\/\/carbone0.fr\/#\/schema\/logo\/image\/"},"sameAs":["https:\/\/www.instagram.com\/langlois_concept_caen\/","https:\/\/www.youtube.com\/@Vincent_Langlois_Carbone0"]}]}},"jetpack_sharing_enabled":true,"_links":{"self":[{"href":"https:\/\/carbone0.fr\/index.php\/wp-json\/wp\/v2\/product\/1624","targetHints":{"allow":["GET"]}}],"collection":[{"href":"https:\/\/carbone0.fr\/index.php\/wp-json\/wp\/v2\/product"}],"about":[{"href":"https:\/\/carbone0.fr\/index.php\/wp-json\/wp\/v2\/types\/product"}],"replies":[{"embeddable":true,"href":"https:\/\/carbone0.fr\/index.php\/wp-json\/wp\/v2\/comments?post=1624"}],"wp:featuredmedia":[{"embeddable":true,"href":"https:\/\/carbone0.fr\/index.php\/wp-json\/wp\/v2\/media\/1625"}],"wp:attachment":[{"href":"https:\/\/carbone0.fr\/index.php\/wp-json\/wp\/v2\/media?parent=1624"}],"wp:term":[{"taxonomy":"product_brand","embeddable":true,"href":"https:\/\/carbone0.fr\/index.php\/wp-json\/wp\/v2\/product_brand?post=1624"},{"taxonomy":"product_cat","embeddable":true,"href":"https:\/\/carbone0.fr\/index.php\/wp-json\/wp\/v2\/product_cat?post=1624"},{"taxonomy":"product_tag","embeddable":true,"href":"https:\/\/carbone0.fr\/index.php\/wp-json\/wp\/v2\/product_tag?post=1624"}],"curies":[{"name":"wp","href":"https:\/\/api.w.org\/{rel}","templated":true}]}}