{"id":1819,"date":"2025-04-14T08:14:53","date_gmt":"2025-04-14T06:14:53","guid":{"rendered":"https:\/\/carbone0.fr\/?post_type=product&#038;p=1819"},"modified":"2025-08-25T11:51:36","modified_gmt":"2025-08-25T09:51:36","slug":"paire-de-roues-route-gravel-artisanales-onyx-dt-swiss-sapim","status":"publish","type":"product","link":"https:\/\/carbone0.fr\/index.php\/produit\/paire-de-roues-route-gravel-artisanales-onyx-dt-swiss-sapim\/","title":{"rendered":"Paire de roues Route \/ Gravel artisanales &#8211; Onyx &#8211; DT-Swiss &#8211; Sapim"},"content":{"rendered":"<h1>Paire de roues Route \/ Gravel artisanales &#8211; Onyx &#8211; DT-Swiss &#8211; Sapim<\/h1>\n<p>Finition UD &#8211; 3K &#8211; 12K &#8211; Twill &#8211; Brillant &#8211; Satin &#8211; Mat \u00e0 pr\u00e9ciser<\/p>\n<p>Corps de roue libre \u00e0 pr\u00e9ciser<\/p>\n<ul>\n<li>Jantes carbone T800 &#8211; 35mm largeur interne 24mm &#8211; sym\u00e9triques \u00e0 crochet<\/li>\n<li>Moyeux avant DT-Swiss DT240 100x12mm SP &#8211; CL &#8211; 24H<\/li>\n<li>Moyeux arri\u00e8re Onyx Racing Products Vesper 142x12mm &#8211; CL &#8211; 24H<\/li>\n<li>Rayons Sapim CX-Ray<\/li>\n<li>Ecrous Double Square pro lock noir<\/li>\n<\/ul>\n<p>Frais d&#8217;exp\u00e9dition : 20\u20ac<\/p>\n<p>Poids estim\u00e9 \u00e0 1456grs +\/-4%<\/p>\n<p>D\u00e9lais 6 \u00e0 8 semaines<\/p>\n<p>&nbsp;<\/p>\n<p>&nbsp;<\/p>\n<p>&nbsp;<\/p>\n","protected":false},"excerpt":{"rendered":"<p>Paire de roues Route \/ Gravel artisanales &#8211; Onyx &#8211; DT-Swiss &#8211; Sapim Finition UD &#8211; 3K &#8211; 12K &#8211; Twill &#8211; Brillant &#8211; Satin &#8211; Mat \u00e0 pr\u00e9ciser Corps de roue libre \u00e0 pr\u00e9ciser Jantes carbone T800 &#8211; 35mm largeur interne 24mm &#8211; sym\u00e9triques \u00e0 crochet Moyeux avant DT-Swiss DT240 100x12mm SP &#8211; CL [&hellip;]<\/p>\n","protected":false},"featured_media":1821,"comment_status":"open","ping_status":"closed","template":"","meta":{"_monsterinsights_skip_tracking":false,"_monsterinsights_sitenote_active":false,"_monsterinsights_sitenote_note":"","_monsterinsights_sitenote_category":0},"product_brand":[],"product_cat":[80],"product_tag":[122,120],"class_list":{"0":"post-1819","1":"product","2":"type-product","3":"status-publish","4":"has-post-thumbnail","6":"product_cat-roues","7":"product_tag-dt-swiss","8":"product_tag-roues","10":"first","11":"onbackorder","12":"taxable","13":"shipping-taxable","14":"purchasable","15":"product-type-simple"},"yoast_head":"<!-- This site is optimized with the Yoast SEO plugin v27.2 - https:\/\/yoast.com\/product\/yoast-seo-wordpress\/ -->\n<title>Paire de roues Route \/ Gravel artisanales - Onyx - DT-Swiss - Sapim - Carbone0<\/title>\n<meta name=\"robots\" content=\"index, follow, max-snippet:-1, max-image-preview:large, max-video-preview:-1\" \/>\n<link rel=\"canonical\" href=\"https:\/\/carbone0.fr\/index.php\/produit\/paire-de-roues-route-gravel-artisanales-onyx-dt-swiss-sapim\/\" \/>\n<meta property=\"og:locale\" content=\"fr_FR\" \/>\n<meta property=\"og:type\" content=\"article\" \/>\n<meta property=\"og:title\" content=\"Paire de roues Route \/ Gravel artisanales - Onyx - DT-Swiss - Sapim - Carbone0\" \/>\n<meta property=\"og:description\" content=\"Paire de roues Route \/ Gravel artisanales &#8211; Onyx &#8211; DT-Swiss &#8211; Sapim Finition UD &#8211; 3K &#8211; 12K &#8211; Twill &#8211; Brillant &#8211; Satin &#8211; Mat \u00e0 pr\u00e9ciser Corps de roue libre \u00e0 pr\u00e9ciser Jantes carbone T800 &#8211; 35mm largeur interne 24mm &#8211; sym\u00e9triques \u00e0 crochet Moyeux avant DT-Swiss DT240 100x12mm SP &#8211; CL [&hellip;]\" \/>\n<meta property=\"og:url\" content=\"https:\/\/carbone0.fr\/index.php\/produit\/paire-de-roues-route-gravel-artisanales-onyx-dt-swiss-sapim\/\" \/>\n<meta property=\"og:site_name\" content=\"Carbone0\" \/>\n<meta property=\"article:modified_time\" content=\"2025-08-25T09:51:36+00:00\" \/>\n<meta property=\"og:image\" content=\"https:\/\/carbone0.fr\/wp-content\/uploads\/2025\/04\/photo.webp\" \/>\n\t<meta property=\"og:image:width\" content=\"720\" \/>\n\t<meta property=\"og:image:height\" content=\"720\" \/>\n\t<meta property=\"og:image:type\" content=\"image\/jpeg\" \/>\n<meta name=\"twitter:card\" content=\"summary_large_image\" \/>\n<script type=\"application\/ld+json\" class=\"yoast-schema-graph\">{\"@context\":\"https:\/\/schema.org\",\"@graph\":[{\"@type\":\"WebPage\",\"@id\":\"https:\/\/carbone0.fr\/index.php\/produit\/paire-de-roues-route-gravel-artisanales-onyx-dt-swiss-sapim\/\",\"url\":\"https:\/\/carbone0.fr\/index.php\/produit\/paire-de-roues-route-gravel-artisanales-onyx-dt-swiss-sapim\/\",\"name\":\"Paire de roues Route \/ Gravel artisanales - Onyx - DT-Swiss - Sapim - Carbone0\",\"isPartOf\":{\"@id\":\"https:\/\/carbone0.fr\/#website\"},\"primaryImageOfPage\":{\"@id\":\"https:\/\/carbone0.fr\/index.php\/produit\/paire-de-roues-route-gravel-artisanales-onyx-dt-swiss-sapim\/#primaryimage\"},\"image\":{\"@id\":\"https:\/\/carbone0.fr\/index.php\/produit\/paire-de-roues-route-gravel-artisanales-onyx-dt-swiss-sapim\/#primaryimage\"},\"thumbnailUrl\":\"https:\/\/carbone0.fr\/wp-content\/uploads\/2025\/04\/photo.webp\",\"datePublished\":\"2025-04-14T06:14:53+00:00\",\"dateModified\":\"2025-08-25T09:51:36+00:00\",\"breadcrumb\":{\"@id\":\"https:\/\/carbone0.fr\/index.php\/produit\/paire-de-roues-route-gravel-artisanales-onyx-dt-swiss-sapim\/#breadcrumb\"},\"inLanguage\":\"fr-FR\",\"potentialAction\":[{\"@type\":\"ReadAction\",\"target\":[\"https:\/\/carbone0.fr\/index.php\/produit\/paire-de-roues-route-gravel-artisanales-onyx-dt-swiss-sapim\/\"]}]},{\"@type\":\"ImageObject\",\"inLanguage\":\"fr-FR\",\"@id\":\"https:\/\/carbone0.fr\/index.php\/produit\/paire-de-roues-route-gravel-artisanales-onyx-dt-swiss-sapim\/#primaryimage\",\"url\":\"https:\/\/carbone0.fr\/wp-content\/uploads\/2025\/04\/photo.webp\",\"contentUrl\":\"https:\/\/carbone0.fr\/wp-content\/uploads\/2025\/04\/photo.webp\",\"width\":720,\"height\":720},{\"@type\":\"BreadcrumbList\",\"@id\":\"https:\/\/carbone0.fr\/index.php\/produit\/paire-de-roues-route-gravel-artisanales-onyx-dt-swiss-sapim\/#breadcrumb\",\"itemListElement\":[{\"@type\":\"ListItem\",\"position\":1,\"name\":\"Accueil\",\"item\":\"https:\/\/carbone0.fr\/\"},{\"@type\":\"ListItem\",\"position\":2,\"name\":\"Boutique\",\"item\":\"https:\/\/carbone0.fr\/index.php\/boutique\/\"},{\"@type\":\"ListItem\",\"position\":3,\"name\":\"Paire de roues Route \/ Gravel artisanales &#8211; Onyx &#8211; DT-Swiss &#8211; Sapim\"}]},{\"@type\":\"WebSite\",\"@id\":\"https:\/\/carbone0.fr\/#website\",\"url\":\"https:\/\/carbone0.fr\/\",\"name\":\"Carbone0\",\"description\":\"LEGER-ECONOMIQUE-DURABLE\",\"publisher\":{\"@id\":\"https:\/\/carbone0.fr\/#organization\"},\"potentialAction\":[{\"@type\":\"SearchAction\",\"target\":{\"@type\":\"EntryPoint\",\"urlTemplate\":\"https:\/\/carbone0.fr\/?s={search_term_string}\"},\"query-input\":{\"@type\":\"PropertyValueSpecification\",\"valueRequired\":true,\"valueName\":\"search_term_string\"}}],\"inLanguage\":\"fr-FR\"},{\"@type\":\"Organization\",\"@id\":\"https:\/\/carbone0.fr\/#organization\",\"name\":\"Carbone0\",\"url\":\"https:\/\/carbone0.fr\/\",\"logo\":{\"@type\":\"ImageObject\",\"inLanguage\":\"fr-FR\",\"@id\":\"https:\/\/carbone0.fr\/#\/schema\/logo\/image\/\",\"url\":\"https:\/\/carbone0.fr\/wp-content\/uploads\/2025\/06\/logoLangloisConcept10carre1024_1.webp\",\"contentUrl\":\"https:\/\/carbone0.fr\/wp-content\/uploads\/2025\/06\/logoLangloisConcept10carre1024_1.webp\",\"width\":768,\"height\":1024,\"caption\":\"Carbone0\"},\"image\":{\"@id\":\"https:\/\/carbone0.fr\/#\/schema\/logo\/image\/\"},\"sameAs\":[\"https:\/\/www.instagram.com\/langlois_concept_caen\/\",\"https:\/\/www.youtube.com\/@Vincent_Langlois_Carbone0\"]}]}<\/script>\n<!-- \/ Yoast SEO plugin. -->","yoast_head_json":{"title":"Paire de roues Route \/ Gravel artisanales - Onyx - DT-Swiss - Sapim - Carbone0","robots":{"index":"index","follow":"follow","max-snippet":"max-snippet:-1","max-image-preview":"max-image-preview:large","max-video-preview":"max-video-preview:-1"},"canonical":"https:\/\/carbone0.fr\/index.php\/produit\/paire-de-roues-route-gravel-artisanales-onyx-dt-swiss-sapim\/","og_locale":"fr_FR","og_type":"article","og_title":"Paire de roues Route \/ Gravel artisanales - Onyx - DT-Swiss - Sapim - Carbone0","og_description":"Paire de roues Route \/ Gravel artisanales &#8211; Onyx &#8211; DT-Swiss &#8211; Sapim Finition UD &#8211; 3K &#8211; 12K &#8211; Twill &#8211; Brillant &#8211; Satin &#8211; Mat \u00e0 pr\u00e9ciser Corps de roue libre \u00e0 pr\u00e9ciser Jantes carbone T800 &#8211; 35mm largeur interne 24mm &#8211; sym\u00e9triques \u00e0 crochet Moyeux avant DT-Swiss DT240 100x12mm SP &#8211; CL [&hellip;]","og_url":"https:\/\/carbone0.fr\/index.php\/produit\/paire-de-roues-route-gravel-artisanales-onyx-dt-swiss-sapim\/","og_site_name":"Carbone0","article_modified_time":"2025-08-25T09:51:36+00:00","og_image":[{"width":720,"height":720,"url":"https:\/\/carbone0.fr\/wp-content\/uploads\/2025\/04\/photo.webp","type":"image\/jpeg"}],"twitter_card":"summary_large_image","schema":{"@context":"https:\/\/schema.org","@graph":[{"@type":"WebPage","@id":"https:\/\/carbone0.fr\/index.php\/produit\/paire-de-roues-route-gravel-artisanales-onyx-dt-swiss-sapim\/","url":"https:\/\/carbone0.fr\/index.php\/produit\/paire-de-roues-route-gravel-artisanales-onyx-dt-swiss-sapim\/","name":"Paire de roues Route \/ Gravel artisanales - Onyx - DT-Swiss - Sapim - Carbone0","isPartOf":{"@id":"https:\/\/carbone0.fr\/#website"},"primaryImageOfPage":{"@id":"https:\/\/carbone0.fr\/index.php\/produit\/paire-de-roues-route-gravel-artisanales-onyx-dt-swiss-sapim\/#primaryimage"},"image":{"@id":"https:\/\/carbone0.fr\/index.php\/produit\/paire-de-roues-route-gravel-artisanales-onyx-dt-swiss-sapim\/#primaryimage"},"thumbnailUrl":"https:\/\/carbone0.fr\/wp-content\/uploads\/2025\/04\/photo.webp","datePublished":"2025-04-14T06:14:53+00:00","dateModified":"2025-08-25T09:51:36+00:00","breadcrumb":{"@id":"https:\/\/carbone0.fr\/index.php\/produit\/paire-de-roues-route-gravel-artisanales-onyx-dt-swiss-sapim\/#breadcrumb"},"inLanguage":"fr-FR","potentialAction":[{"@type":"ReadAction","target":["https:\/\/carbone0.fr\/index.php\/produit\/paire-de-roues-route-gravel-artisanales-onyx-dt-swiss-sapim\/"]}]},{"@type":"ImageObject","inLanguage":"fr-FR","@id":"https:\/\/carbone0.fr\/index.php\/produit\/paire-de-roues-route-gravel-artisanales-onyx-dt-swiss-sapim\/#primaryimage","url":"https:\/\/carbone0.fr\/wp-content\/uploads\/2025\/04\/photo.webp","contentUrl":"https:\/\/carbone0.fr\/wp-content\/uploads\/2025\/04\/photo.webp","width":720,"height":720},{"@type":"BreadcrumbList","@id":"https:\/\/carbone0.fr\/index.php\/produit\/paire-de-roues-route-gravel-artisanales-onyx-dt-swiss-sapim\/#breadcrumb","itemListElement":[{"@type":"ListItem","position":1,"name":"Accueil","item":"https:\/\/carbone0.fr\/"},{"@type":"ListItem","position":2,"name":"Boutique","item":"https:\/\/carbone0.fr\/index.php\/boutique\/"},{"@type":"ListItem","position":3,"name":"Paire de roues Route \/ Gravel artisanales &#8211; Onyx &#8211; DT-Swiss &#8211; Sapim"}]},{"@type":"WebSite","@id":"https:\/\/carbone0.fr\/#website","url":"https:\/\/carbone0.fr\/","name":"Carbone0","description":"LEGER-ECONOMIQUE-DURABLE","publisher":{"@id":"https:\/\/carbone0.fr\/#organization"},"potentialAction":[{"@type":"SearchAction","target":{"@type":"EntryPoint","urlTemplate":"https:\/\/carbone0.fr\/?s={search_term_string}"},"query-input":{"@type":"PropertyValueSpecification","valueRequired":true,"valueName":"search_term_string"}}],"inLanguage":"fr-FR"},{"@type":"Organization","@id":"https:\/\/carbone0.fr\/#organization","name":"Carbone0","url":"https:\/\/carbone0.fr\/","logo":{"@type":"ImageObject","inLanguage":"fr-FR","@id":"https:\/\/carbone0.fr\/#\/schema\/logo\/image\/","url":"https:\/\/carbone0.fr\/wp-content\/uploads\/2025\/06\/logoLangloisConcept10carre1024_1.webp","contentUrl":"https:\/\/carbone0.fr\/wp-content\/uploads\/2025\/06\/logoLangloisConcept10carre1024_1.webp","width":768,"height":1024,"caption":"Carbone0"},"image":{"@id":"https:\/\/carbone0.fr\/#\/schema\/logo\/image\/"},"sameAs":["https:\/\/www.instagram.com\/langlois_concept_caen\/","https:\/\/www.youtube.com\/@Vincent_Langlois_Carbone0"]}]}},"jetpack_sharing_enabled":true,"_links":{"self":[{"href":"https:\/\/carbone0.fr\/index.php\/wp-json\/wp\/v2\/product\/1819","targetHints":{"allow":["GET"]}}],"collection":[{"href":"https:\/\/carbone0.fr\/index.php\/wp-json\/wp\/v2\/product"}],"about":[{"href":"https:\/\/carbone0.fr\/index.php\/wp-json\/wp\/v2\/types\/product"}],"replies":[{"embeddable":true,"href":"https:\/\/carbone0.fr\/index.php\/wp-json\/wp\/v2\/comments?post=1819"}],"wp:featuredmedia":[{"embeddable":true,"href":"https:\/\/carbone0.fr\/index.php\/wp-json\/wp\/v2\/media\/1821"}],"wp:attachment":[{"href":"https:\/\/carbone0.fr\/index.php\/wp-json\/wp\/v2\/media?parent=1819"}],"wp:term":[{"taxonomy":"product_brand","embeddable":true,"href":"https:\/\/carbone0.fr\/index.php\/wp-json\/wp\/v2\/product_brand?post=1819"},{"taxonomy":"product_cat","embeddable":true,"href":"https:\/\/carbone0.fr\/index.php\/wp-json\/wp\/v2\/product_cat?post=1819"},{"taxonomy":"product_tag","embeddable":true,"href":"https:\/\/carbone0.fr\/index.php\/wp-json\/wp\/v2\/product_tag?post=1819"}],"curies":[{"name":"wp","href":"https:\/\/api.w.org\/{rel}","templated":true}]}}