{"id":1849,"date":"2025-06-27T10:03:47","date_gmt":"2025-06-27T08:03:47","guid":{"rendered":"https:\/\/carbone0.fr\/?post_type=product&#038;p=1849"},"modified":"2026-02-26T21:58:38","modified_gmt":"2026-02-26T20:58:38","slug":"groupe-campagnolo-super-record-2-x-13v-wireless-disques","status":"publish","type":"product","link":"https:\/\/carbone0.fr\/index.php\/produit\/groupe-campagnolo-super-record-2-x-13v-wireless-disques\/","title":{"rendered":"Groupe Campagnolo Super Record 2 x 13v Wireless Disques"},"content":{"rendered":"<h1>Groupe Campagnolo Super Record 2 x 13v Wireless Disques<\/h1>\n<p><span style=\"color: #0000ff;\">A noter que les \u00e9l\u00e9ments peuvent \u00eatre achet\u00e9s s\u00e9par\u00e9ment.<\/span><\/p>\n<p><span style=\"color: #ff0000;\">Groupe complet fourni avec disques et boitier de p\u00e9dalier.<\/span><\/p>\n<p><strong>MONTAGE POSSIBLE AU SEIN DE L&#8217;ATELIER. (200\u20ac)<\/strong><\/p>\n<p>&nbsp;<\/p>\n<p>GROUPE CAMPAGNOLO SUPER RECORD 13 EST LE PREMIER GROUPE 2X13 SANS FIL AU MONDE:<\/p>\n<p>LE PLUS RAPIDE, LE PLUS L\u00c9GER, AVEC UNE GAMME DE VITESSES SANS PR\u00c9C\u00c9DENT,<\/p>\n<p>DES LEVIERS REDESSIN\u00c9S POUR OFFRIR UN CONTR\u00d4LE TOTAL, UNE ERGONOMIE SUP\u00c9RIEURE ET DES PERFORMANCES SANS COMPROMIS.<\/p>\n<p>&nbsp;<\/p>\n<p><strong>CAMPAGNOLO SUPER RECORD 13, LE D\u00c9BUT D&#8217;UNE NOUVELLE \u00c8RE.<\/strong><\/p>\n<ul>\n<li>D\u00e9railleur arri\u00e8re, 286grs.<\/li>\n<li>D\u00e9railleur avant, 153grs<\/li>\n<li>Poign\u00e9es Ergopower, 404grs<\/li>\n<li>P\u00e9dalier, 590grs<\/li>\n<li>Cassette 13v (10-29),\u00a0 217grs<\/li>\n<li>Chaine 13v, 219grs<\/li>\n<li>Disques 140 + 160, 210grs<\/li>\n<li>Kit freins avant + arri\u00e8re, 290grs<\/li>\n<li>Boitier de p\u00e9dalier, 52grs<\/li>\n<li>Batterie avant + arri\u00e8re, 72grs<\/li>\n<\/ul>\n<p><strong>Poids total 2421grs\u00a0<\/strong> (donn\u00e9es constructeur +\/- 50grs)<\/p>\n<p>&nbsp;<\/p>\n<p><strong><span style=\"color: #0000ff;\">Inclus : Boitier de p\u00e9dalier, Batterie avant et arri\u00e8re.<\/span><\/strong><\/p>\n<p>Le nouveau groupe Super-Record 13 de Campagnolo, offre un changement de vitesse improbable et dispose d&#8217;un plus grand choix de rapports pour trouver la cadence optimale. Les innovations technologiques rencontrent une ergonomie avanc\u00e9e de l&#8217;unit\u00e9 de changement de vitesse\/frein, dans le but de cr\u00e9er un &#8220;benchmark&#8221; pour le secteur : Le nouveau design permet un meilleur contr\u00f4le et une utilisation plus intuitive des fonctions dans toutes les positions des mains sur le guidon.<\/p>\n<p>De plus, des am\u00e9liorations techniques et des progr\u00e8s dans le processus de production ont permis de r\u00e9duire le poids et le volume. La quintessence du nouveau Super Record 13 est un changement de vitesse pr\u00e9cis, silencieux et imm\u00e9diat, m\u00eame \u00e0 haute puissance, et une toute nouvelle ergonomie de l&#8217;unit\u00e9 de changement de vitesse au frein. Toutes les caract\u00e9ristiques du groupe \u00e9tablissent de nouvelles normes en mati\u00e8re de performance, comme l&#8217;ont d\u00e9j\u00e0 constat\u00e9 les cyclistes professionnels qui participent au World Tour avec des v\u00e9los \u00e9quip\u00e9s par Campagnolo.<\/p>\n<h4>Points forts du Campagnolo Groupe de Transmission &#8211; Super Record 13 WRL<\/h4>\n<ul>\n<li>le groupe \u00e0 13 vitesses\u00a0Wireless\u00a0change de vitesse plus rapidement que son pr\u00e9d\u00e9cesseur, et ce m\u00eame avec un pignon de plus !<\/li>\n<li>Le Super Record 13 est 3,4% plus l\u00e9ger que le groupe Super Record 12.<\/li>\n<li>La 13e vitesse offre un rapport plus large que la 12e vitesse, tout en r\u00e9duisant les sauts entre les vitesses.<\/li>\n<li>levier de vitesses\/frein revu et corrig\u00e9 avec une ergonomie am\u00e9lior\u00e9e,\u00a0&#8220;Thumb Shifter&#8221;\u00a0et programmable.\u00a0&#8220;Smart Button&#8221;.<\/li>\n<li>Le d\u00e9railleur est encore plus rapide et plus fin qu&#8217;avant, sa saillie vers l&#8217;ext\u00e9rieur a \u00e9t\u00e9 r\u00e9duite de 25%.<\/li>\n<li>changement de vitesse extr\u00eamement silencieux, r\u00e9glage fin du d\u00e9railleur via l&#8217;application Campagnolo<\/li>\n<li>corps et cage du d\u00e9railleur en carbone<\/li>\n<\/ul>\n<p><a href=\"https:\/\/www.campagnolo.com\/fr-fr\/super-record-13\/\">Informations Campagnolo officielles<\/a><\/p>\n","protected":false},"excerpt":{"rendered":"<p>Groupe Campagnolo Super Record 2 x 13v Wireless Disques A noter que les \u00e9l\u00e9ments peuvent \u00eatre achet\u00e9s s\u00e9par\u00e9ment. Groupe complet fourni avec disques et boitier de p\u00e9dalier. MONTAGE POSSIBLE AU SEIN DE L&#8217;ATELIER. (200\u20ac) &nbsp; GROUPE CAMPAGNOLO SUPER RECORD 13 EST LE PREMIER GROUPE 2X13 SANS FIL AU MONDE: LE PLUS RAPIDE, LE PLUS L\u00c9GER, [&hellip;]<\/p>\n","protected":false},"featured_media":2078,"comment_status":"open","ping_status":"closed","template":"","meta":{"_monsterinsights_skip_tracking":false,"_monsterinsights_sitenote_active":false,"_monsterinsights_sitenote_note":"","_monsterinsights_sitenote_category":0},"product_brand":[158],"product_cat":[157],"product_tag":[162,159,160,161],"class_list":{"0":"post-1849","1":"product","2":"type-product","3":"status-publish","4":"has-post-thumbnail","6":"product_brand-campagnolo","7":"product_cat-groupes","8":"product_tag-13v","9":"product_tag-campagnolo","10":"product_tag-groupe","11":"product_tag-super-record","13":"first","14":"onbackorder","15":"purchasable","16":"product-type-simple"},"yoast_head":"<!-- This site is optimized with the Yoast SEO plugin v27.2 - https:\/\/yoast.com\/product\/yoast-seo-wordpress\/ -->\n<title>Groupe Campagnolo Super Record 2 x 13v Wireless Disques - Carbone0<\/title>\n<meta name=\"description\" content=\"Le Groupe Campagnolo Super Record est le premier groupe de route 13 vitesses au monde. Il p\u00e8se seulement 2520grs et c&#039;est le plus r\u00e9actif de sa cat\u00e9gorie.\" \/>\n<meta name=\"robots\" content=\"index, follow, max-snippet:-1, max-image-preview:large, max-video-preview:-1\" \/>\n<link rel=\"canonical\" href=\"https:\/\/carbone0.fr\/index.php\/produit\/groupe-campagnolo-super-record-2-x-13v-wireless-disques\/\" \/>\n<meta property=\"og:locale\" content=\"fr_FR\" \/>\n<meta property=\"og:type\" content=\"article\" \/>\n<meta property=\"og:title\" content=\"Groupe Campagnolo Super Record 2 x 13v Wireless Disques - Carbone0\" \/>\n<meta property=\"og:description\" content=\"Le Groupe Campagnolo Super Record est le premier groupe de route 13 vitesses au monde. Il p\u00e8se seulement 2520grs et c&#039;est le plus r\u00e9actif de sa cat\u00e9gorie.\" \/>\n<meta property=\"og:url\" content=\"https:\/\/carbone0.fr\/index.php\/produit\/groupe-campagnolo-super-record-2-x-13v-wireless-disques\/\" \/>\n<meta property=\"og:site_name\" content=\"Carbone0\" \/>\n<meta property=\"article:modified_time\" content=\"2026-02-26T20:58:38+00:00\" \/>\n<meta property=\"og:image\" content=\"https:\/\/carbone0.fr\/wp-content\/uploads\/2025\/06\/CampaSR13.webp\" \/>\n\t<meta property=\"og:image:width\" content=\"1024\" \/>\n\t<meta property=\"og:image:height\" content=\"1024\" \/>\n\t<meta property=\"og:image:type\" content=\"image\/jpeg\" \/>\n<meta name=\"twitter:card\" content=\"summary_large_image\" \/>\n<meta name=\"twitter:label1\" content=\"Dur\u00e9e de lecture estim\u00e9e\" \/>\n\t<meta name=\"twitter:data1\" content=\"3 minutes\" \/>\n<script type=\"application\/ld+json\" class=\"yoast-schema-graph\">{\"@context\":\"https:\/\/schema.org\",\"@graph\":[{\"@type\":\"WebPage\",\"@id\":\"https:\/\/carbone0.fr\/index.php\/produit\/groupe-campagnolo-super-record-2-x-13v-wireless-disques\/\",\"url\":\"https:\/\/carbone0.fr\/index.php\/produit\/groupe-campagnolo-super-record-2-x-13v-wireless-disques\/\",\"name\":\"Groupe Campagnolo Super Record 2 x 13v Wireless Disques - Carbone0\",\"isPartOf\":{\"@id\":\"https:\/\/carbone0.fr\/#website\"},\"primaryImageOfPage\":{\"@id\":\"https:\/\/carbone0.fr\/index.php\/produit\/groupe-campagnolo-super-record-2-x-13v-wireless-disques\/#primaryimage\"},\"image\":{\"@id\":\"https:\/\/carbone0.fr\/index.php\/produit\/groupe-campagnolo-super-record-2-x-13v-wireless-disques\/#primaryimage\"},\"thumbnailUrl\":\"https:\/\/carbone0.fr\/wp-content\/uploads\/2025\/06\/CampaSR13.webp\",\"datePublished\":\"2025-06-27T08:03:47+00:00\",\"dateModified\":\"2026-02-26T20:58:38+00:00\",\"description\":\"Le Groupe Campagnolo Super Record est le premier groupe de route 13 vitesses au monde. Il p\u00e8se seulement 2520grs et c'est le plus r\u00e9actif de sa cat\u00e9gorie.\",\"breadcrumb\":{\"@id\":\"https:\/\/carbone0.fr\/index.php\/produit\/groupe-campagnolo-super-record-2-x-13v-wireless-disques\/#breadcrumb\"},\"inLanguage\":\"fr-FR\",\"potentialAction\":[{\"@type\":\"ReadAction\",\"target\":[\"https:\/\/carbone0.fr\/index.php\/produit\/groupe-campagnolo-super-record-2-x-13v-wireless-disques\/\"]}]},{\"@type\":\"ImageObject\",\"inLanguage\":\"fr-FR\",\"@id\":\"https:\/\/carbone0.fr\/index.php\/produit\/groupe-campagnolo-super-record-2-x-13v-wireless-disques\/#primaryimage\",\"url\":\"https:\/\/carbone0.fr\/wp-content\/uploads\/2025\/06\/CampaSR13.webp\",\"contentUrl\":\"https:\/\/carbone0.fr\/wp-content\/uploads\/2025\/06\/CampaSR13.webp\",\"width\":1024,\"height\":1024,\"caption\":\"Groupe Campagnolo 13 vitesses\"},{\"@type\":\"BreadcrumbList\",\"@id\":\"https:\/\/carbone0.fr\/index.php\/produit\/groupe-campagnolo-super-record-2-x-13v-wireless-disques\/#breadcrumb\",\"itemListElement\":[{\"@type\":\"ListItem\",\"position\":1,\"name\":\"Accueil\",\"item\":\"https:\/\/carbone0.fr\/\"},{\"@type\":\"ListItem\",\"position\":2,\"name\":\"Boutique\",\"item\":\"https:\/\/carbone0.fr\/index.php\/boutique\/\"},{\"@type\":\"ListItem\",\"position\":3,\"name\":\"Groupe Campagnolo Super Record 2 x 13v Wireless Disques\"}]},{\"@type\":\"WebSite\",\"@id\":\"https:\/\/carbone0.fr\/#website\",\"url\":\"https:\/\/carbone0.fr\/\",\"name\":\"Carbone0\",\"description\":\"LEGER-ECONOMIQUE-DURABLE\",\"publisher\":{\"@id\":\"https:\/\/carbone0.fr\/#organization\"},\"potentialAction\":[{\"@type\":\"SearchAction\",\"target\":{\"@type\":\"EntryPoint\",\"urlTemplate\":\"https:\/\/carbone0.fr\/?s={search_term_string}\"},\"query-input\":{\"@type\":\"PropertyValueSpecification\",\"valueRequired\":true,\"valueName\":\"search_term_string\"}}],\"inLanguage\":\"fr-FR\"},{\"@type\":\"Organization\",\"@id\":\"https:\/\/carbone0.fr\/#organization\",\"name\":\"Carbone0\",\"url\":\"https:\/\/carbone0.fr\/\",\"logo\":{\"@type\":\"ImageObject\",\"inLanguage\":\"fr-FR\",\"@id\":\"https:\/\/carbone0.fr\/#\/schema\/logo\/image\/\",\"url\":\"https:\/\/carbone0.fr\/wp-content\/uploads\/2025\/06\/logoLangloisConcept10carre1024_1.webp\",\"contentUrl\":\"https:\/\/carbone0.fr\/wp-content\/uploads\/2025\/06\/logoLangloisConcept10carre1024_1.webp\",\"width\":768,\"height\":1024,\"caption\":\"Carbone0\"},\"image\":{\"@id\":\"https:\/\/carbone0.fr\/#\/schema\/logo\/image\/\"},\"sameAs\":[\"https:\/\/www.instagram.com\/langlois_concept_caen\/\",\"https:\/\/www.youtube.com\/@Vincent_Langlois_Carbone0\"]}]}<\/script>\n<!-- \/ Yoast SEO plugin. -->","yoast_head_json":{"title":"Groupe Campagnolo Super Record 2 x 13v Wireless Disques - Carbone0","description":"Le Groupe Campagnolo Super Record est le premier groupe de route 13 vitesses au monde. Il p\u00e8se seulement 2520grs et c'est le plus r\u00e9actif de sa cat\u00e9gorie.","robots":{"index":"index","follow":"follow","max-snippet":"max-snippet:-1","max-image-preview":"max-image-preview:large","max-video-preview":"max-video-preview:-1"},"canonical":"https:\/\/carbone0.fr\/index.php\/produit\/groupe-campagnolo-super-record-2-x-13v-wireless-disques\/","og_locale":"fr_FR","og_type":"article","og_title":"Groupe Campagnolo Super Record 2 x 13v Wireless Disques - Carbone0","og_description":"Le Groupe Campagnolo Super Record est le premier groupe de route 13 vitesses au monde. Il p\u00e8se seulement 2520grs et c'est le plus r\u00e9actif de sa cat\u00e9gorie.","og_url":"https:\/\/carbone0.fr\/index.php\/produit\/groupe-campagnolo-super-record-2-x-13v-wireless-disques\/","og_site_name":"Carbone0","article_modified_time":"2026-02-26T20:58:38+00:00","og_image":[{"width":1024,"height":1024,"url":"https:\/\/carbone0.fr\/wp-content\/uploads\/2025\/06\/CampaSR13.webp","type":"image\/jpeg"}],"twitter_card":"summary_large_image","twitter_misc":{"Dur\u00e9e de lecture estim\u00e9e":"3 minutes"},"schema":{"@context":"https:\/\/schema.org","@graph":[{"@type":"WebPage","@id":"https:\/\/carbone0.fr\/index.php\/produit\/groupe-campagnolo-super-record-2-x-13v-wireless-disques\/","url":"https:\/\/carbone0.fr\/index.php\/produit\/groupe-campagnolo-super-record-2-x-13v-wireless-disques\/","name":"Groupe Campagnolo Super Record 2 x 13v Wireless Disques - Carbone0","isPartOf":{"@id":"https:\/\/carbone0.fr\/#website"},"primaryImageOfPage":{"@id":"https:\/\/carbone0.fr\/index.php\/produit\/groupe-campagnolo-super-record-2-x-13v-wireless-disques\/#primaryimage"},"image":{"@id":"https:\/\/carbone0.fr\/index.php\/produit\/groupe-campagnolo-super-record-2-x-13v-wireless-disques\/#primaryimage"},"thumbnailUrl":"https:\/\/carbone0.fr\/wp-content\/uploads\/2025\/06\/CampaSR13.webp","datePublished":"2025-06-27T08:03:47+00:00","dateModified":"2026-02-26T20:58:38+00:00","description":"Le Groupe Campagnolo Super Record est le premier groupe de route 13 vitesses au monde. Il p\u00e8se seulement 2520grs et c'est le plus r\u00e9actif de sa cat\u00e9gorie.","breadcrumb":{"@id":"https:\/\/carbone0.fr\/index.php\/produit\/groupe-campagnolo-super-record-2-x-13v-wireless-disques\/#breadcrumb"},"inLanguage":"fr-FR","potentialAction":[{"@type":"ReadAction","target":["https:\/\/carbone0.fr\/index.php\/produit\/groupe-campagnolo-super-record-2-x-13v-wireless-disques\/"]}]},{"@type":"ImageObject","inLanguage":"fr-FR","@id":"https:\/\/carbone0.fr\/index.php\/produit\/groupe-campagnolo-super-record-2-x-13v-wireless-disques\/#primaryimage","url":"https:\/\/carbone0.fr\/wp-content\/uploads\/2025\/06\/CampaSR13.webp","contentUrl":"https:\/\/carbone0.fr\/wp-content\/uploads\/2025\/06\/CampaSR13.webp","width":1024,"height":1024,"caption":"Groupe Campagnolo 13 vitesses"},{"@type":"BreadcrumbList","@id":"https:\/\/carbone0.fr\/index.php\/produit\/groupe-campagnolo-super-record-2-x-13v-wireless-disques\/#breadcrumb","itemListElement":[{"@type":"ListItem","position":1,"name":"Accueil","item":"https:\/\/carbone0.fr\/"},{"@type":"ListItem","position":2,"name":"Boutique","item":"https:\/\/carbone0.fr\/index.php\/boutique\/"},{"@type":"ListItem","position":3,"name":"Groupe Campagnolo Super Record 2 x 13v Wireless Disques"}]},{"@type":"WebSite","@id":"https:\/\/carbone0.fr\/#website","url":"https:\/\/carbone0.fr\/","name":"Carbone0","description":"LEGER-ECONOMIQUE-DURABLE","publisher":{"@id":"https:\/\/carbone0.fr\/#organization"},"potentialAction":[{"@type":"SearchAction","target":{"@type":"EntryPoint","urlTemplate":"https:\/\/carbone0.fr\/?s={search_term_string}"},"query-input":{"@type":"PropertyValueSpecification","valueRequired":true,"valueName":"search_term_string"}}],"inLanguage":"fr-FR"},{"@type":"Organization","@id":"https:\/\/carbone0.fr\/#organization","name":"Carbone0","url":"https:\/\/carbone0.fr\/","logo":{"@type":"ImageObject","inLanguage":"fr-FR","@id":"https:\/\/carbone0.fr\/#\/schema\/logo\/image\/","url":"https:\/\/carbone0.fr\/wp-content\/uploads\/2025\/06\/logoLangloisConcept10carre1024_1.webp","contentUrl":"https:\/\/carbone0.fr\/wp-content\/uploads\/2025\/06\/logoLangloisConcept10carre1024_1.webp","width":768,"height":1024,"caption":"Carbone0"},"image":{"@id":"https:\/\/carbone0.fr\/#\/schema\/logo\/image\/"},"sameAs":["https:\/\/www.instagram.com\/langlois_concept_caen\/","https:\/\/www.youtube.com\/@Vincent_Langlois_Carbone0"]}]}},"jetpack_sharing_enabled":true,"_links":{"self":[{"href":"https:\/\/carbone0.fr\/index.php\/wp-json\/wp\/v2\/product\/1849","targetHints":{"allow":["GET"]}}],"collection":[{"href":"https:\/\/carbone0.fr\/index.php\/wp-json\/wp\/v2\/product"}],"about":[{"href":"https:\/\/carbone0.fr\/index.php\/wp-json\/wp\/v2\/types\/product"}],"replies":[{"embeddable":true,"href":"https:\/\/carbone0.fr\/index.php\/wp-json\/wp\/v2\/comments?post=1849"}],"wp:featuredmedia":[{"embeddable":true,"href":"https:\/\/carbone0.fr\/index.php\/wp-json\/wp\/v2\/media\/2078"}],"wp:attachment":[{"href":"https:\/\/carbone0.fr\/index.php\/wp-json\/wp\/v2\/media?parent=1849"}],"wp:term":[{"taxonomy":"product_brand","embeddable":true,"href":"https:\/\/carbone0.fr\/index.php\/wp-json\/wp\/v2\/product_brand?post=1849"},{"taxonomy":"product_cat","embeddable":true,"href":"https:\/\/carbone0.fr\/index.php\/wp-json\/wp\/v2\/product_cat?post=1849"},{"taxonomy":"product_tag","embeddable":true,"href":"https:\/\/carbone0.fr\/index.php\/wp-json\/wp\/v2\/product_tag?post=1849"}],"curies":[{"name":"wp","href":"https:\/\/api.w.org\/{rel}","templated":true}]}}