{"id":1965,"date":"2023-12-12T14:47:04","date_gmt":"2023-12-12T13:47:04","guid":{"rendered":"https:\/\/carbone0.fr\/?post_type=product&#038;p=1965"},"modified":"2026-04-24T10:15:25","modified_gmt":"2026-04-24T08:15:25","slug":"paire-de-roues-artisanale-jantes-carbones-rayons-carbone-moyeux-fournis","status":"publish","type":"product","link":"https:\/\/carbone0.fr\/index.php\/produit\/paire-de-roues-artisanale-jantes-carbones-rayons-carbone-moyeux-fournis\/","title":{"rendered":"Paire de roues artisanale Jantes carbones &#8211; Rayons carbone &#8211; Moyeux fournis"},"content":{"rendered":"<h1>Paire de roues artisanale Jantes carbones &#8211; Rayons carbone &#8211; Moyeux fournis<\/h1>\n<p>&nbsp;<\/p>\n<p>Pour axe de 5mm freinage \u00e0 patins.<\/p>\n<ul>\n<li>Jantes carbone avant\u00a0 \u00a040mm &#8211; 21mm interne &#8211; 28mm externe &#8211; 20 trous\u00a0 &#8211; avec bande de freinage anti-chauffe &#8211; finition unpainted &#8211; 390+-15g<\/li>\n<li>Jantes carbone arri\u00e8re 45mm &#8211; 21mm interne &#8211; 28mm externe &#8211; 24 trous\u00a0 &#8211; avec bande de freinage anti-chauffe &#8211; finition unpainted &#8211; 400+-15g<\/li>\n<li>Moyeux Tune fournis : 224g<\/li>\n<li>Rayons avant carbone super a\u00e9ro \u00e0 profil d&#8217;aile &#8211; embout titane. Straightpull &#8211; Montage radial. 60g<\/li>\n<li>Rayon arri\u00e8re carbone plat 1,5mm x 3mm &#8211; embout acier &#8211; J-Bend crois\u00e9 x2 c\u00f4t\u00e9 transmission\u00a0 &#8211; Straightpull Montage radial c\u00f4t\u00e9 oppos\u00e9. 72g<\/li>\n<li>Ecrous Sapim noir 15g<\/li>\n<li>Fond de jante pour chambre \u00e0 air.<\/li>\n<\/ul>\n<p>Poids total th\u00e9orique 1161grs +\/-4%<\/p>\n<p>&nbsp;<\/p>\n<p><img decoding=\"async\" class=\"alignnone size-medium wp-image-1967\" src=\"https:\/\/carbone0.fr\/wp-content\/uploads\/2025\/12\/rayon_plat-300x106.webp\" alt=\"\" width=\"300\" height=\"106\" srcset=\"https:\/\/carbone0.fr\/wp-content\/uploads\/2025\/12\/rayon_plat-300x106.webp 300w, https:\/\/carbone0.fr\/wp-content\/uploads\/2025\/12\/rayon_plat-1024x362.webp 1024w, https:\/\/carbone0.fr\/wp-content\/uploads\/2025\/12\/rayon_plat-768x272.webp 768w, https:\/\/carbone0.fr\/wp-content\/uploads\/2025\/12\/rayon_plat-1320x467.webp 1320w, https:\/\/carbone0.fr\/wp-content\/uploads\/2025\/12\/rayon_plat-600x212.webp 600w, https:\/\/carbone0.fr\/wp-content\/uploads\/2025\/12\/rayon_plat.webp 1413w\" sizes=\"(max-width: 300px) 100vw, 300px\" \/><\/p>\n<p><img decoding=\"async\" class=\"alignnone size-medium wp-image-1966\" src=\"https:\/\/carbone0.fr\/wp-content\/uploads\/2025\/12\/rayon_aero-300x98.webp\" alt=\"\" width=\"300\" height=\"98\" srcset=\"https:\/\/carbone0.fr\/wp-content\/uploads\/2025\/12\/rayon_aero-300x98.webp 300w, https:\/\/carbone0.fr\/wp-content\/uploads\/2025\/12\/rayon_aero-1024x333.webp 1024w, https:\/\/carbone0.fr\/wp-content\/uploads\/2025\/12\/rayon_aero-768x250.webp 768w, https:\/\/carbone0.fr\/wp-content\/uploads\/2025\/12\/rayon_aero-1536x500.webp 1536w, https:\/\/carbone0.fr\/wp-content\/uploads\/2025\/12\/rayon_aero-1320x430.webp 1320w, https:\/\/carbone0.fr\/wp-content\/uploads\/2025\/12\/rayon_aero-600x195.webp 600w, https:\/\/carbone0.fr\/wp-content\/uploads\/2025\/12\/rayon_aero.webp 1570w\" sizes=\"(max-width: 300px) 100vw, 300px\" \/><\/p>\n<p>&nbsp;<\/p>\n","protected":false},"excerpt":{"rendered":"<p>Paire de roues artisanale Jantes carbones &#8211; Rayons carbone &#8211; Moyeux fournis &nbsp; Pour axe de 5mm freinage \u00e0 patins. Jantes carbone avant\u00a0 \u00a040mm &#8211; 21mm interne &#8211; 28mm externe &#8211; 20 trous\u00a0 &#8211; avec bande de freinage anti-chauffe &#8211; finition unpainted &#8211; 390+-15g Jantes carbone arri\u00e8re 45mm &#8211; 21mm interne &#8211; 28mm externe &#8211; [&hellip;]<\/p>\n","protected":false},"featured_media":1847,"comment_status":"open","ping_status":"closed","template":"","meta":{"_monsterinsights_skip_tracking":false,"_monsterinsights_sitenote_active":false,"_monsterinsights_sitenote_note":"","_monsterinsights_sitenote_category":0},"product_brand":[],"product_cat":[80],"product_tag":[122,120],"class_list":{"0":"post-1965","1":"product","2":"type-product","3":"status-publish","4":"has-post-thumbnail","6":"product_cat-roues","7":"product_tag-dt-swiss","8":"product_tag-roues","10":"first","11":"onbackorder","12":"taxable","13":"shipping-taxable","14":"purchasable","15":"product-type-simple"},"yoast_head":"<!-- This site is optimized with the Yoast SEO plugin v27.5 - https:\/\/yoast.com\/product\/yoast-seo-wordpress\/ -->\n<title>Paire de roues artisanale Jantes carbones - Rayons carbone - Moyeux fournis - Carbone0<\/title>\n<meta name=\"robots\" content=\"index, follow, max-snippet:-1, max-image-preview:large, max-video-preview:-1\" \/>\n<link rel=\"canonical\" href=\"https:\/\/carbone0.fr\/index.php\/produit\/paire-de-roues-artisanale-jantes-carbones-rayons-carbone-moyeux-fournis\/\" \/>\n<meta property=\"og:locale\" content=\"fr_FR\" \/>\n<meta property=\"og:type\" content=\"article\" \/>\n<meta property=\"og:title\" content=\"Paire de roues artisanale Jantes carbones - Rayons carbone - Moyeux fournis - Carbone0\" \/>\n<meta property=\"og:description\" content=\"Paire de roues artisanale Jantes carbones &#8211; Rayons carbone &#8211; Moyeux fournis &nbsp; Pour axe de 5mm freinage \u00e0 patins. Jantes carbone avant\u00a0 \u00a040mm &#8211; 21mm interne &#8211; 28mm externe &#8211; 20 trous\u00a0 &#8211; avec bande de freinage anti-chauffe &#8211; finition unpainted &#8211; 390+-15g Jantes carbone arri\u00e8re 45mm &#8211; 21mm interne &#8211; 28mm externe &#8211; [&hellip;]\" \/>\n<meta property=\"og:url\" content=\"https:\/\/carbone0.fr\/index.php\/produit\/paire-de-roues-artisanale-jantes-carbones-rayons-carbone-moyeux-fournis\/\" \/>\n<meta property=\"og:site_name\" content=\"Carbone0\" \/>\n<meta property=\"article:modified_time\" content=\"2026-04-24T08:15:25+00:00\" \/>\n<meta property=\"og:image\" content=\"https:\/\/carbone0.fr\/wp-content\/uploads\/2025\/06\/co-718500-c_001_1.webp\" \/>\n\t<meta property=\"og:image:width\" content=\"256\" \/>\n\t<meta property=\"og:image:height\" content=\"320\" \/>\n\t<meta property=\"og:image:type\" content=\"image\/jpeg\" \/>\n<meta name=\"twitter:card\" content=\"summary_large_image\" \/>\n<meta name=\"twitter:label1\" content=\"Dur\u00e9e de lecture estim\u00e9e\" \/>\n\t<meta name=\"twitter:data1\" content=\"2 minutes\" \/>\n<script type=\"application\/ld+json\" class=\"yoast-schema-graph\">{\"@context\":\"https:\\\/\\\/schema.org\",\"@graph\":[{\"@type\":\"WebPage\",\"@id\":\"https:\\\/\\\/carbone0.fr\\\/index.php\\\/produit\\\/paire-de-roues-artisanale-jantes-carbones-rayons-carbone-moyeux-fournis\\\/\",\"url\":\"https:\\\/\\\/carbone0.fr\\\/index.php\\\/produit\\\/paire-de-roues-artisanale-jantes-carbones-rayons-carbone-moyeux-fournis\\\/\",\"name\":\"Paire de roues artisanale Jantes carbones - Rayons carbone - Moyeux fournis - Carbone0\",\"isPartOf\":{\"@id\":\"https:\\\/\\\/carbone0.fr\\\/#website\"},\"primaryImageOfPage\":{\"@id\":\"https:\\\/\\\/carbone0.fr\\\/index.php\\\/produit\\\/paire-de-roues-artisanale-jantes-carbones-rayons-carbone-moyeux-fournis\\\/#primaryimage\"},\"image\":{\"@id\":\"https:\\\/\\\/carbone0.fr\\\/index.php\\\/produit\\\/paire-de-roues-artisanale-jantes-carbones-rayons-carbone-moyeux-fournis\\\/#primaryimage\"},\"thumbnailUrl\":\"https:\\\/\\\/carbone0.fr\\\/wp-content\\\/uploads\\\/2025\\\/06\\\/co-718500-c_001_1.webp\",\"datePublished\":\"2023-12-12T13:47:04+00:00\",\"dateModified\":\"2026-04-24T08:15:25+00:00\",\"breadcrumb\":{\"@id\":\"https:\\\/\\\/carbone0.fr\\\/index.php\\\/produit\\\/paire-de-roues-artisanale-jantes-carbones-rayons-carbone-moyeux-fournis\\\/#breadcrumb\"},\"inLanguage\":\"fr-FR\",\"potentialAction\":[{\"@type\":\"ReadAction\",\"target\":[\"https:\\\/\\\/carbone0.fr\\\/index.php\\\/produit\\\/paire-de-roues-artisanale-jantes-carbones-rayons-carbone-moyeux-fournis\\\/\"]}]},{\"@type\":\"ImageObject\",\"inLanguage\":\"fr-FR\",\"@id\":\"https:\\\/\\\/carbone0.fr\\\/index.php\\\/produit\\\/paire-de-roues-artisanale-jantes-carbones-rayons-carbone-moyeux-fournis\\\/#primaryimage\",\"url\":\"https:\\\/\\\/carbone0.fr\\\/wp-content\\\/uploads\\\/2025\\\/06\\\/co-718500-c_001_1.webp\",\"contentUrl\":\"https:\\\/\\\/carbone0.fr\\\/wp-content\\\/uploads\\\/2025\\\/06\\\/co-718500-c_001_1.webp\",\"width\":256,\"height\":320,\"caption\":\"Pneus GP5000\"},{\"@type\":\"BreadcrumbList\",\"@id\":\"https:\\\/\\\/carbone0.fr\\\/index.php\\\/produit\\\/paire-de-roues-artisanale-jantes-carbones-rayons-carbone-moyeux-fournis\\\/#breadcrumb\",\"itemListElement\":[{\"@type\":\"ListItem\",\"position\":1,\"name\":\"Accueil\",\"item\":\"https:\\\/\\\/carbone0.fr\\\/\"},{\"@type\":\"ListItem\",\"position\":2,\"name\":\"Boutique\",\"item\":\"https:\\\/\\\/carbone0.fr\\\/index.php\\\/boutique\\\/\"},{\"@type\":\"ListItem\",\"position\":3,\"name\":\"Paire de roues artisanale Jantes carbones &#8211; Rayons carbone &#8211; Moyeux fournis\"}]},{\"@type\":\"WebSite\",\"@id\":\"https:\\\/\\\/carbone0.fr\\\/#website\",\"url\":\"https:\\\/\\\/carbone0.fr\\\/\",\"name\":\"Carbone0\",\"description\":\"LEGER-ECONOMIQUE-DURABLE\",\"publisher\":{\"@id\":\"https:\\\/\\\/carbone0.fr\\\/#organization\"},\"potentialAction\":[{\"@type\":\"SearchAction\",\"target\":{\"@type\":\"EntryPoint\",\"urlTemplate\":\"https:\\\/\\\/carbone0.fr\\\/?s={search_term_string}\"},\"query-input\":{\"@type\":\"PropertyValueSpecification\",\"valueRequired\":true,\"valueName\":\"search_term_string\"}}],\"inLanguage\":\"fr-FR\"},{\"@type\":\"Organization\",\"@id\":\"https:\\\/\\\/carbone0.fr\\\/#organization\",\"name\":\"Carbone0\",\"url\":\"https:\\\/\\\/carbone0.fr\\\/\",\"logo\":{\"@type\":\"ImageObject\",\"inLanguage\":\"fr-FR\",\"@id\":\"https:\\\/\\\/carbone0.fr\\\/#\\\/schema\\\/logo\\\/image\\\/\",\"url\":\"https:\\\/\\\/carbone0.fr\\\/wp-content\\\/uploads\\\/2025\\\/06\\\/logoLangloisConcept10carre1024_1.webp\",\"contentUrl\":\"https:\\\/\\\/carbone0.fr\\\/wp-content\\\/uploads\\\/2025\\\/06\\\/logoLangloisConcept10carre1024_1.webp\",\"width\":768,\"height\":1024,\"caption\":\"Carbone0\"},\"image\":{\"@id\":\"https:\\\/\\\/carbone0.fr\\\/#\\\/schema\\\/logo\\\/image\\\/\"},\"sameAs\":[\"https:\\\/\\\/www.instagram.com\\\/langlois_concept_caen\\\/\",\"https:\\\/\\\/www.youtube.com\\\/@Vincent_Langlois_Carbone0\"]}]}<\/script>\n<!-- \/ Yoast SEO plugin. -->","yoast_head_json":{"title":"Paire de roues artisanale Jantes carbones - Rayons carbone - Moyeux fournis - Carbone0","robots":{"index":"index","follow":"follow","max-snippet":"max-snippet:-1","max-image-preview":"max-image-preview:large","max-video-preview":"max-video-preview:-1"},"canonical":"https:\/\/carbone0.fr\/index.php\/produit\/paire-de-roues-artisanale-jantes-carbones-rayons-carbone-moyeux-fournis\/","og_locale":"fr_FR","og_type":"article","og_title":"Paire de roues artisanale Jantes carbones - Rayons carbone - Moyeux fournis - Carbone0","og_description":"Paire de roues artisanale Jantes carbones &#8211; Rayons carbone &#8211; Moyeux fournis &nbsp; Pour axe de 5mm freinage \u00e0 patins. Jantes carbone avant\u00a0 \u00a040mm &#8211; 21mm interne &#8211; 28mm externe &#8211; 20 trous\u00a0 &#8211; avec bande de freinage anti-chauffe &#8211; finition unpainted &#8211; 390+-15g Jantes carbone arri\u00e8re 45mm &#8211; 21mm interne &#8211; 28mm externe &#8211; [&hellip;]","og_url":"https:\/\/carbone0.fr\/index.php\/produit\/paire-de-roues-artisanale-jantes-carbones-rayons-carbone-moyeux-fournis\/","og_site_name":"Carbone0","article_modified_time":"2026-04-24T08:15:25+00:00","og_image":[{"width":256,"height":320,"url":"https:\/\/carbone0.fr\/wp-content\/uploads\/2025\/06\/co-718500-c_001_1.webp","type":"image\/jpeg"}],"twitter_card":"summary_large_image","twitter_misc":{"Dur\u00e9e de lecture estim\u00e9e":"2 minutes"},"schema":{"@context":"https:\/\/schema.org","@graph":[{"@type":"WebPage","@id":"https:\/\/carbone0.fr\/index.php\/produit\/paire-de-roues-artisanale-jantes-carbones-rayons-carbone-moyeux-fournis\/","url":"https:\/\/carbone0.fr\/index.php\/produit\/paire-de-roues-artisanale-jantes-carbones-rayons-carbone-moyeux-fournis\/","name":"Paire de roues artisanale Jantes carbones - Rayons carbone - Moyeux fournis - Carbone0","isPartOf":{"@id":"https:\/\/carbone0.fr\/#website"},"primaryImageOfPage":{"@id":"https:\/\/carbone0.fr\/index.php\/produit\/paire-de-roues-artisanale-jantes-carbones-rayons-carbone-moyeux-fournis\/#primaryimage"},"image":{"@id":"https:\/\/carbone0.fr\/index.php\/produit\/paire-de-roues-artisanale-jantes-carbones-rayons-carbone-moyeux-fournis\/#primaryimage"},"thumbnailUrl":"https:\/\/carbone0.fr\/wp-content\/uploads\/2025\/06\/co-718500-c_001_1.webp","datePublished":"2023-12-12T13:47:04+00:00","dateModified":"2026-04-24T08:15:25+00:00","breadcrumb":{"@id":"https:\/\/carbone0.fr\/index.php\/produit\/paire-de-roues-artisanale-jantes-carbones-rayons-carbone-moyeux-fournis\/#breadcrumb"},"inLanguage":"fr-FR","potentialAction":[{"@type":"ReadAction","target":["https:\/\/carbone0.fr\/index.php\/produit\/paire-de-roues-artisanale-jantes-carbones-rayons-carbone-moyeux-fournis\/"]}]},{"@type":"ImageObject","inLanguage":"fr-FR","@id":"https:\/\/carbone0.fr\/index.php\/produit\/paire-de-roues-artisanale-jantes-carbones-rayons-carbone-moyeux-fournis\/#primaryimage","url":"https:\/\/carbone0.fr\/wp-content\/uploads\/2025\/06\/co-718500-c_001_1.webp","contentUrl":"https:\/\/carbone0.fr\/wp-content\/uploads\/2025\/06\/co-718500-c_001_1.webp","width":256,"height":320,"caption":"Pneus GP5000"},{"@type":"BreadcrumbList","@id":"https:\/\/carbone0.fr\/index.php\/produit\/paire-de-roues-artisanale-jantes-carbones-rayons-carbone-moyeux-fournis\/#breadcrumb","itemListElement":[{"@type":"ListItem","position":1,"name":"Accueil","item":"https:\/\/carbone0.fr\/"},{"@type":"ListItem","position":2,"name":"Boutique","item":"https:\/\/carbone0.fr\/index.php\/boutique\/"},{"@type":"ListItem","position":3,"name":"Paire de roues artisanale Jantes carbones &#8211; Rayons carbone &#8211; Moyeux fournis"}]},{"@type":"WebSite","@id":"https:\/\/carbone0.fr\/#website","url":"https:\/\/carbone0.fr\/","name":"Carbone0","description":"LEGER-ECONOMIQUE-DURABLE","publisher":{"@id":"https:\/\/carbone0.fr\/#organization"},"potentialAction":[{"@type":"SearchAction","target":{"@type":"EntryPoint","urlTemplate":"https:\/\/carbone0.fr\/?s={search_term_string}"},"query-input":{"@type":"PropertyValueSpecification","valueRequired":true,"valueName":"search_term_string"}}],"inLanguage":"fr-FR"},{"@type":"Organization","@id":"https:\/\/carbone0.fr\/#organization","name":"Carbone0","url":"https:\/\/carbone0.fr\/","logo":{"@type":"ImageObject","inLanguage":"fr-FR","@id":"https:\/\/carbone0.fr\/#\/schema\/logo\/image\/","url":"https:\/\/carbone0.fr\/wp-content\/uploads\/2025\/06\/logoLangloisConcept10carre1024_1.webp","contentUrl":"https:\/\/carbone0.fr\/wp-content\/uploads\/2025\/06\/logoLangloisConcept10carre1024_1.webp","width":768,"height":1024,"caption":"Carbone0"},"image":{"@id":"https:\/\/carbone0.fr\/#\/schema\/logo\/image\/"},"sameAs":["https:\/\/www.instagram.com\/langlois_concept_caen\/","https:\/\/www.youtube.com\/@Vincent_Langlois_Carbone0"]}]}},"jetpack_sharing_enabled":true,"_links":{"self":[{"href":"https:\/\/carbone0.fr\/index.php\/wp-json\/wp\/v2\/product\/1965","targetHints":{"allow":["GET"]}}],"collection":[{"href":"https:\/\/carbone0.fr\/index.php\/wp-json\/wp\/v2\/product"}],"about":[{"href":"https:\/\/carbone0.fr\/index.php\/wp-json\/wp\/v2\/types\/product"}],"replies":[{"embeddable":true,"href":"https:\/\/carbone0.fr\/index.php\/wp-json\/wp\/v2\/comments?post=1965"}],"wp:featuredmedia":[{"embeddable":true,"href":"https:\/\/carbone0.fr\/index.php\/wp-json\/wp\/v2\/media\/1847"}],"wp:attachment":[{"href":"https:\/\/carbone0.fr\/index.php\/wp-json\/wp\/v2\/media?parent=1965"}],"wp:term":[{"taxonomy":"product_brand","embeddable":true,"href":"https:\/\/carbone0.fr\/index.php\/wp-json\/wp\/v2\/product_brand?post=1965"},{"taxonomy":"product_cat","embeddable":true,"href":"https:\/\/carbone0.fr\/index.php\/wp-json\/wp\/v2\/product_cat?post=1965"},{"taxonomy":"product_tag","embeddable":true,"href":"https:\/\/carbone0.fr\/index.php\/wp-json\/wp\/v2\/product_tag?post=1965"}],"curies":[{"name":"wp","href":"https:\/\/api.w.org\/{rel}","templated":true}]}}