{"id":2124,"date":"2025-04-03T12:21:38","date_gmt":"2025-04-03T10:21:38","guid":{"rendered":"https:\/\/carbone0.fr\/?post_type=product&#038;p=2124"},"modified":"2026-04-03T16:00:23","modified_gmt":"2026-04-03T14:00:23","slug":"kit-de-presse-a-roulement-universel-6-roulements-outils-dt-swiss","status":"publish","type":"product","link":"https:\/\/carbone0.fr\/index.php\/produit\/kit-de-presse-a-roulement-universel-6-roulements-outils-dt-swiss\/","title":{"rendered":"Kit de Presse \u00e0 Roulement Universel + 6 roulements + outils DT-Swiss"},"content":{"rendered":"<p>Kit presse \u00e0 roulements : 130\u20ac<\/p>\n<p>&nbsp;<\/p>\n<p>Roulements : 77,50\u20ac<\/p>\n<p>2 roulements avant SKF 24mm<\/p>\n<p>1 roulement arri\u00e8re SKF 24mm + 1 roulement arri\u00e8re 26mm blackbearing<\/p>\n<p>2 roulements corps de roue libre SKF 24mm<\/p>\n<p>&nbsp;<\/p>\n<p>Outils sp\u00e9cifiques DT-Swiss : 75\u20ac<\/p>\n<p>&nbsp;<\/p>\n<p>Total : 282,50\u20ac<\/p>\n<p>&nbsp;<\/p>\n","protected":false},"excerpt":{"rendered":"<p>Kit presse \u00e0 roulements : 130\u20ac &nbsp; Roulements : 77,50\u20ac 2 roulements avant SKF 24mm 1 roulement arri\u00e8re SKF 24mm + 1 roulement arri\u00e8re 26mm blackbearing 2 roulements corps de roue libre SKF 24mm &nbsp; Outils sp\u00e9cifiques DT-Swiss : 75\u20ac &nbsp; Total : 282,50\u20ac &nbsp;<\/p>\n","protected":false},"featured_media":1339,"comment_status":"open","ping_status":"closed","template":"","meta":{"_monsterinsights_skip_tracking":false,"_monsterinsights_sitenote_active":false,"_monsterinsights_sitenote_note":"","_monsterinsights_sitenote_category":0},"product_brand":[],"product_cat":[98],"product_tag":[101,102],"class_list":{"0":"post-2124","1":"product","2":"type-product","3":"status-publish","4":"has-post-thumbnail","6":"product_cat-outillage","7":"product_tag-presse","8":"product_tag-roulement","10":"first","11":"outofstock","12":"taxable","13":"shipping-taxable","14":"purchasable","15":"product-type-simple"},"yoast_head":"<!-- This site is optimized with the Yoast SEO plugin v27.5 - https:\/\/yoast.com\/product\/yoast-seo-wordpress\/ -->\n<title>Kit de Presse \u00e0 Roulement Universel + 6 roulements + outils DT-Swiss - Carbone0<\/title>\n<meta name=\"description\" content=\"Le kit de Presse \u00e0 Roulement Universel est un set d&#039;outils complet qui t&#039;aidera \u00e0 emmancher tous types de roulements de v\u00e9lo. PressFit BB30, etc.\" \/>\n<meta name=\"robots\" content=\"index, follow, max-snippet:-1, max-image-preview:large, max-video-preview:-1\" \/>\n<link rel=\"canonical\" href=\"https:\/\/carbone0.fr\/index.php\/produit\/kit-de-presse-a-roulement-universel-6-roulements-outils-dt-swiss\/\" \/>\n<meta property=\"og:locale\" content=\"fr_FR\" \/>\n<meta property=\"og:type\" content=\"article\" \/>\n<meta property=\"og:title\" content=\"Kit de Presse \u00e0 Roulement Universel + 6 roulements + outils DT-Swiss - Carbone0\" \/>\n<meta property=\"og:description\" content=\"Le kit de Presse \u00e0 Roulement Universel est un set d&#039;outils complet qui t&#039;aidera \u00e0 emmancher tous types de roulements de v\u00e9lo. PressFit BB30, etc.\" \/>\n<meta property=\"og:url\" content=\"https:\/\/carbone0.fr\/index.php\/produit\/kit-de-presse-a-roulement-universel-6-roulements-outils-dt-swiss\/\" \/>\n<meta property=\"og:site_name\" content=\"Carbone0\" \/>\n<meta property=\"article:modified_time\" content=\"2026-04-03T14:00:23+00:00\" \/>\n<meta property=\"og:image\" content=\"https:\/\/carbone0.fr\/wp-content\/uploads\/2023\/05\/presse_roulement_1-removebg-preview.png\" \/>\n\t<meta property=\"og:image:width\" content=\"500\" \/>\n\t<meta property=\"og:image:height\" content=\"500\" \/>\n\t<meta property=\"og:image:type\" content=\"image\/png\" \/>\n<meta name=\"twitter:card\" content=\"summary_large_image\" \/>\n<meta name=\"twitter:label1\" content=\"Dur\u00e9e de lecture estim\u00e9e\" \/>\n\t<meta name=\"twitter:data1\" content=\"1 minute\" \/>\n<script type=\"application\/ld+json\" class=\"yoast-schema-graph\">{\"@context\":\"https:\\\/\\\/schema.org\",\"@graph\":[{\"@type\":\"WebPage\",\"@id\":\"https:\\\/\\\/carbone0.fr\\\/index.php\\\/produit\\\/kit-de-presse-a-roulement-universel-6-roulements-outils-dt-swiss\\\/\",\"url\":\"https:\\\/\\\/carbone0.fr\\\/index.php\\\/produit\\\/kit-de-presse-a-roulement-universel-6-roulements-outils-dt-swiss\\\/\",\"name\":\"Kit de Presse \u00e0 Roulement Universel + 6 roulements + outils DT-Swiss - Carbone0\",\"isPartOf\":{\"@id\":\"https:\\\/\\\/carbone0.fr\\\/#website\"},\"primaryImageOfPage\":{\"@id\":\"https:\\\/\\\/carbone0.fr\\\/index.php\\\/produit\\\/kit-de-presse-a-roulement-universel-6-roulements-outils-dt-swiss\\\/#primaryimage\"},\"image\":{\"@id\":\"https:\\\/\\\/carbone0.fr\\\/index.php\\\/produit\\\/kit-de-presse-a-roulement-universel-6-roulements-outils-dt-swiss\\\/#primaryimage\"},\"thumbnailUrl\":\"https:\\\/\\\/carbone0.fr\\\/wp-content\\\/uploads\\\/2023\\\/05\\\/presse_roulement_1-removebg-preview.png\",\"datePublished\":\"2025-04-03T10:21:38+00:00\",\"dateModified\":\"2026-04-03T14:00:23+00:00\",\"description\":\"Le kit de Presse \u00e0 Roulement Universel est un set d'outils complet qui t'aidera \u00e0 emmancher tous types de roulements de v\u00e9lo. PressFit BB30, etc.\",\"breadcrumb\":{\"@id\":\"https:\\\/\\\/carbone0.fr\\\/index.php\\\/produit\\\/kit-de-presse-a-roulement-universel-6-roulements-outils-dt-swiss\\\/#breadcrumb\"},\"inLanguage\":\"fr-FR\",\"potentialAction\":[{\"@type\":\"ReadAction\",\"target\":[\"https:\\\/\\\/carbone0.fr\\\/index.php\\\/produit\\\/kit-de-presse-a-roulement-universel-6-roulements-outils-dt-swiss\\\/\"]}]},{\"@type\":\"ImageObject\",\"inLanguage\":\"fr-FR\",\"@id\":\"https:\\\/\\\/carbone0.fr\\\/index.php\\\/produit\\\/kit-de-presse-a-roulement-universel-6-roulements-outils-dt-swiss\\\/#primaryimage\",\"url\":\"https:\\\/\\\/carbone0.fr\\\/wp-content\\\/uploads\\\/2023\\\/05\\\/presse_roulement_1-removebg-preview.png\",\"contentUrl\":\"https:\\\/\\\/carbone0.fr\\\/wp-content\\\/uploads\\\/2023\\\/05\\\/presse_roulement_1-removebg-preview.png\",\"width\":500,\"height\":500,\"caption\":\"Presse \u00e0 roulements\"},{\"@type\":\"BreadcrumbList\",\"@id\":\"https:\\\/\\\/carbone0.fr\\\/index.php\\\/produit\\\/kit-de-presse-a-roulement-universel-6-roulements-outils-dt-swiss\\\/#breadcrumb\",\"itemListElement\":[{\"@type\":\"ListItem\",\"position\":1,\"name\":\"Accueil\",\"item\":\"https:\\\/\\\/carbone0.fr\\\/\"},{\"@type\":\"ListItem\",\"position\":2,\"name\":\"Boutique\",\"item\":\"https:\\\/\\\/carbone0.fr\\\/index.php\\\/boutique\\\/\"},{\"@type\":\"ListItem\",\"position\":3,\"name\":\"Kit de Presse \u00e0 Roulement Universel + 6 roulements + outils DT-Swiss\"}]},{\"@type\":\"WebSite\",\"@id\":\"https:\\\/\\\/carbone0.fr\\\/#website\",\"url\":\"https:\\\/\\\/carbone0.fr\\\/\",\"name\":\"Carbone0\",\"description\":\"LEGER-ECONOMIQUE-DURABLE\",\"publisher\":{\"@id\":\"https:\\\/\\\/carbone0.fr\\\/#organization\"},\"potentialAction\":[{\"@type\":\"SearchAction\",\"target\":{\"@type\":\"EntryPoint\",\"urlTemplate\":\"https:\\\/\\\/carbone0.fr\\\/?s={search_term_string}\"},\"query-input\":{\"@type\":\"PropertyValueSpecification\",\"valueRequired\":true,\"valueName\":\"search_term_string\"}}],\"inLanguage\":\"fr-FR\"},{\"@type\":\"Organization\",\"@id\":\"https:\\\/\\\/carbone0.fr\\\/#organization\",\"name\":\"Carbone0\",\"url\":\"https:\\\/\\\/carbone0.fr\\\/\",\"logo\":{\"@type\":\"ImageObject\",\"inLanguage\":\"fr-FR\",\"@id\":\"https:\\\/\\\/carbone0.fr\\\/#\\\/schema\\\/logo\\\/image\\\/\",\"url\":\"https:\\\/\\\/carbone0.fr\\\/wp-content\\\/uploads\\\/2025\\\/06\\\/logoLangloisConcept10carre1024_1.webp\",\"contentUrl\":\"https:\\\/\\\/carbone0.fr\\\/wp-content\\\/uploads\\\/2025\\\/06\\\/logoLangloisConcept10carre1024_1.webp\",\"width\":768,\"height\":1024,\"caption\":\"Carbone0\"},\"image\":{\"@id\":\"https:\\\/\\\/carbone0.fr\\\/#\\\/schema\\\/logo\\\/image\\\/\"},\"sameAs\":[\"https:\\\/\\\/www.instagram.com\\\/langlois_concept_caen\\\/\",\"https:\\\/\\\/www.youtube.com\\\/@Vincent_Langlois_Carbone0\"]}]}<\/script>\n<!-- \/ Yoast SEO plugin. -->","yoast_head_json":{"title":"Kit de Presse \u00e0 Roulement Universel + 6 roulements + outils DT-Swiss - Carbone0","description":"Le kit de Presse \u00e0 Roulement Universel est un set d'outils complet qui t'aidera \u00e0 emmancher tous types de roulements de v\u00e9lo. PressFit BB30, etc.","robots":{"index":"index","follow":"follow","max-snippet":"max-snippet:-1","max-image-preview":"max-image-preview:large","max-video-preview":"max-video-preview:-1"},"canonical":"https:\/\/carbone0.fr\/index.php\/produit\/kit-de-presse-a-roulement-universel-6-roulements-outils-dt-swiss\/","og_locale":"fr_FR","og_type":"article","og_title":"Kit de Presse \u00e0 Roulement Universel + 6 roulements + outils DT-Swiss - Carbone0","og_description":"Le kit de Presse \u00e0 Roulement Universel est un set d'outils complet qui t'aidera \u00e0 emmancher tous types de roulements de v\u00e9lo. PressFit BB30, etc.","og_url":"https:\/\/carbone0.fr\/index.php\/produit\/kit-de-presse-a-roulement-universel-6-roulements-outils-dt-swiss\/","og_site_name":"Carbone0","article_modified_time":"2026-04-03T14:00:23+00:00","og_image":[{"width":500,"height":500,"url":"https:\/\/carbone0.fr\/wp-content\/uploads\/2023\/05\/presse_roulement_1-removebg-preview.png","type":"image\/png"}],"twitter_card":"summary_large_image","twitter_misc":{"Dur\u00e9e de lecture estim\u00e9e":"1 minute"},"schema":{"@context":"https:\/\/schema.org","@graph":[{"@type":"WebPage","@id":"https:\/\/carbone0.fr\/index.php\/produit\/kit-de-presse-a-roulement-universel-6-roulements-outils-dt-swiss\/","url":"https:\/\/carbone0.fr\/index.php\/produit\/kit-de-presse-a-roulement-universel-6-roulements-outils-dt-swiss\/","name":"Kit de Presse \u00e0 Roulement Universel + 6 roulements + outils DT-Swiss - Carbone0","isPartOf":{"@id":"https:\/\/carbone0.fr\/#website"},"primaryImageOfPage":{"@id":"https:\/\/carbone0.fr\/index.php\/produit\/kit-de-presse-a-roulement-universel-6-roulements-outils-dt-swiss\/#primaryimage"},"image":{"@id":"https:\/\/carbone0.fr\/index.php\/produit\/kit-de-presse-a-roulement-universel-6-roulements-outils-dt-swiss\/#primaryimage"},"thumbnailUrl":"https:\/\/carbone0.fr\/wp-content\/uploads\/2023\/05\/presse_roulement_1-removebg-preview.png","datePublished":"2025-04-03T10:21:38+00:00","dateModified":"2026-04-03T14:00:23+00:00","description":"Le kit de Presse \u00e0 Roulement Universel est un set d'outils complet qui t'aidera \u00e0 emmancher tous types de roulements de v\u00e9lo. PressFit BB30, etc.","breadcrumb":{"@id":"https:\/\/carbone0.fr\/index.php\/produit\/kit-de-presse-a-roulement-universel-6-roulements-outils-dt-swiss\/#breadcrumb"},"inLanguage":"fr-FR","potentialAction":[{"@type":"ReadAction","target":["https:\/\/carbone0.fr\/index.php\/produit\/kit-de-presse-a-roulement-universel-6-roulements-outils-dt-swiss\/"]}]},{"@type":"ImageObject","inLanguage":"fr-FR","@id":"https:\/\/carbone0.fr\/index.php\/produit\/kit-de-presse-a-roulement-universel-6-roulements-outils-dt-swiss\/#primaryimage","url":"https:\/\/carbone0.fr\/wp-content\/uploads\/2023\/05\/presse_roulement_1-removebg-preview.png","contentUrl":"https:\/\/carbone0.fr\/wp-content\/uploads\/2023\/05\/presse_roulement_1-removebg-preview.png","width":500,"height":500,"caption":"Presse \u00e0 roulements"},{"@type":"BreadcrumbList","@id":"https:\/\/carbone0.fr\/index.php\/produit\/kit-de-presse-a-roulement-universel-6-roulements-outils-dt-swiss\/#breadcrumb","itemListElement":[{"@type":"ListItem","position":1,"name":"Accueil","item":"https:\/\/carbone0.fr\/"},{"@type":"ListItem","position":2,"name":"Boutique","item":"https:\/\/carbone0.fr\/index.php\/boutique\/"},{"@type":"ListItem","position":3,"name":"Kit de Presse \u00e0 Roulement Universel + 6 roulements + outils DT-Swiss"}]},{"@type":"WebSite","@id":"https:\/\/carbone0.fr\/#website","url":"https:\/\/carbone0.fr\/","name":"Carbone0","description":"LEGER-ECONOMIQUE-DURABLE","publisher":{"@id":"https:\/\/carbone0.fr\/#organization"},"potentialAction":[{"@type":"SearchAction","target":{"@type":"EntryPoint","urlTemplate":"https:\/\/carbone0.fr\/?s={search_term_string}"},"query-input":{"@type":"PropertyValueSpecification","valueRequired":true,"valueName":"search_term_string"}}],"inLanguage":"fr-FR"},{"@type":"Organization","@id":"https:\/\/carbone0.fr\/#organization","name":"Carbone0","url":"https:\/\/carbone0.fr\/","logo":{"@type":"ImageObject","inLanguage":"fr-FR","@id":"https:\/\/carbone0.fr\/#\/schema\/logo\/image\/","url":"https:\/\/carbone0.fr\/wp-content\/uploads\/2025\/06\/logoLangloisConcept10carre1024_1.webp","contentUrl":"https:\/\/carbone0.fr\/wp-content\/uploads\/2025\/06\/logoLangloisConcept10carre1024_1.webp","width":768,"height":1024,"caption":"Carbone0"},"image":{"@id":"https:\/\/carbone0.fr\/#\/schema\/logo\/image\/"},"sameAs":["https:\/\/www.instagram.com\/langlois_concept_caen\/","https:\/\/www.youtube.com\/@Vincent_Langlois_Carbone0"]}]}},"jetpack_sharing_enabled":true,"_links":{"self":[{"href":"https:\/\/carbone0.fr\/index.php\/wp-json\/wp\/v2\/product\/2124","targetHints":{"allow":["GET"]}}],"collection":[{"href":"https:\/\/carbone0.fr\/index.php\/wp-json\/wp\/v2\/product"}],"about":[{"href":"https:\/\/carbone0.fr\/index.php\/wp-json\/wp\/v2\/types\/product"}],"replies":[{"embeddable":true,"href":"https:\/\/carbone0.fr\/index.php\/wp-json\/wp\/v2\/comments?post=2124"}],"wp:featuredmedia":[{"embeddable":true,"href":"https:\/\/carbone0.fr\/index.php\/wp-json\/wp\/v2\/media\/1339"}],"wp:attachment":[{"href":"https:\/\/carbone0.fr\/index.php\/wp-json\/wp\/v2\/media?parent=2124"}],"wp:term":[{"taxonomy":"product_brand","embeddable":true,"href":"https:\/\/carbone0.fr\/index.php\/wp-json\/wp\/v2\/product_brand?post=2124"},{"taxonomy":"product_cat","embeddable":true,"href":"https:\/\/carbone0.fr\/index.php\/wp-json\/wp\/v2\/product_cat?post=2124"},{"taxonomy":"product_tag","embeddable":true,"href":"https:\/\/carbone0.fr\/index.php\/wp-json\/wp\/v2\/product_tag?post=2124"}],"curies":[{"name":"wp","href":"https:\/\/api.w.org\/{rel}","templated":true}]}}