{"id":759,"date":"2022-12-09T16:30:03","date_gmt":"2022-12-09T15:30:03","guid":{"rendered":"https:\/\/carbone0.fr\/?post_type=product&#038;p=759"},"modified":"2023-11-01T18:48:37","modified_gmt":"2023-11-01T17:48:37","slug":"casque-lazer-century-led-taille-s-52-56","status":"publish","type":"product","link":"https:\/\/carbone0.fr\/index.php\/produit\/casque-lazer-century-led-taille-s-52-56\/","title":{"rendered":"Casque Lazer Century Led Taille S 52-56"},"content":{"rendered":"<h1>Casque Lazer Century Led Taille S 52-56<\/h1>\n<p>r\u00e9f. BLC2207887406<\/p>\n<p>Le casque Century est le r\u00e9sultat de 100 ans d&#8217;expertise. En int\u00e9grant toutes les connaissances de Lazer et les exigences des utilisateurs dans un seul concept, le Century devient une nouvelle r\u00e9f\u00e9rence qui n&#8217;exige aucune priorit\u00e9 entre la protection, le confort, l\u2019a\u00e9rodynamisme ou la visibilit\u00e9. Le Century offre tout \u00e7a en m\u00eame temps ! L&#8217;une de ses nouvelles technologies les plus visibles est l&#8217;innovant Twist Cap, qui permet par une simple inversion de passer le Century d&#8217;un casque enti\u00e8rement ventil\u00e9 \u00e0 un casque a\u00e9rodynamique. En changeant le sens du Twistcap, vous pouvez \u00e9conomiser des watts, ou gagner jusqu\u2019\u00e0 11 % de ventilation suppl\u00e9mentaire. L\u00e0 o\u00f9 la partie frontale du Century montre clairement son rapprochement avec le casque Bullet Aero, le design saisissant et l&#8217;int\u00e9gration de la lumi\u00e8re arri\u00e8re \u00e0 LED (rechargeable) constituent un nouvel exemple de conception innovante. De plus, le Century dispose de canaux internes d\u2019a\u00e9ration qui guident activement le flux d\u2019air \u00e0 travers le casque et ajoutent \u00e0 votre confort. Pour couronner le tout, il dispose d&#8217;une coque inf\u00e9rieure distinctive qui met la cerise sur le g\u00e2teau en termes de conception de casques. Ne cherchez plus. Le Century est l\u00e0 pour vous garder en s\u00e9curit\u00e9, tout en \u00e9tant rapide, ventil\u00e9, et visible avec style !<\/p>\n","protected":false},"excerpt":{"rendered":"<p>Casque Lazer Century Led Taille S 52-56 r\u00e9f. BLC2207887406 Le casque Century est le r\u00e9sultat de 100 ans d&#8217;expertise. En int\u00e9grant toutes les connaissances de Lazer et les exigences des utilisateurs dans un seul concept, le Century devient une nouvelle r\u00e9f\u00e9rence qui n&#8217;exige aucune priorit\u00e9 entre la protection, le confort, l\u2019a\u00e9rodynamisme ou la visibilit\u00e9. Le [&hellip;]<\/p>\n","protected":false},"featured_media":764,"comment_status":"open","ping_status":"closed","template":"","meta":{"_monsterinsights_skip_tracking":false,"_monsterinsights_sitenote_active":false,"_monsterinsights_sitenote_note":"","_monsterinsights_sitenote_category":0},"product_brand":[],"product_cat":[54],"product_tag":[55,56,57],"class_list":{"0":"post-759","1":"product","2":"type-product","3":"status-publish","4":"has-post-thumbnail","6":"product_cat-casques","7":"product_tag-casque","8":"product_tag-lazer","9":"product_tag-z1","11":"first","12":"outofstock","13":"sale","14":"taxable","15":"shipping-taxable","16":"purchasable","17":"product-type-simple"},"yoast_head":"<!-- This site is optimized with the Yoast SEO plugin v27.5 - https:\/\/yoast.com\/product\/yoast-seo-wordpress\/ -->\n<title>Casque Lazer Century Led Taille S 52-56 - Carbone0<\/title>\n<meta name=\"robots\" content=\"index, follow, max-snippet:-1, max-image-preview:large, max-video-preview:-1\" \/>\n<link rel=\"canonical\" href=\"https:\/\/carbone0.fr\/index.php\/produit\/casque-lazer-century-led-taille-s-52-56\/\" \/>\n<meta property=\"og:locale\" content=\"fr_FR\" \/>\n<meta property=\"og:type\" content=\"article\" \/>\n<meta property=\"og:title\" content=\"Casque Lazer Century Led Taille S 52-56 - Carbone0\" \/>\n<meta property=\"og:description\" content=\"Casque Lazer Century Led Taille S 52-56 r\u00e9f. BLC2207887406 Le casque Century est le r\u00e9sultat de 100 ans d&#8217;expertise. En int\u00e9grant toutes les connaissances de Lazer et les exigences des utilisateurs dans un seul concept, le Century devient une nouvelle r\u00e9f\u00e9rence qui n&#8217;exige aucune priorit\u00e9 entre la protection, le confort, l\u2019a\u00e9rodynamisme ou la visibilit\u00e9. Le [&hellip;]\" \/>\n<meta property=\"og:url\" content=\"https:\/\/carbone0.fr\/index.php\/produit\/casque-lazer-century-led-taille-s-52-56\/\" \/>\n<meta property=\"og:site_name\" content=\"Carbone0\" \/>\n<meta property=\"article:modified_time\" content=\"2023-11-01T17:48:37+00:00\" \/>\n<meta property=\"og:image\" content=\"https:\/\/carbone0.fr\/wp-content\/uploads\/2022\/12\/MY2020_LAZER-CENTURY-WHITE-BLACK_3-4-RIGHT_CE.jpg.thumb_.572.572.jpg\" \/>\n\t<meta property=\"og:image:width\" content=\"572\" \/>\n\t<meta property=\"og:image:height\" content=\"572\" \/>\n\t<meta property=\"og:image:type\" content=\"image\/jpeg\" \/>\n<meta name=\"twitter:card\" content=\"summary_large_image\" \/>\n<meta name=\"twitter:label1\" content=\"Dur\u00e9e de lecture estim\u00e9e\" \/>\n\t<meta name=\"twitter:data1\" content=\"1 minute\" \/>\n<script type=\"application\/ld+json\" class=\"yoast-schema-graph\">{\"@context\":\"https:\\\/\\\/schema.org\",\"@graph\":[{\"@type\":\"WebPage\",\"@id\":\"https:\\\/\\\/carbone0.fr\\\/index.php\\\/produit\\\/casque-lazer-century-led-taille-s-52-56\\\/\",\"url\":\"https:\\\/\\\/carbone0.fr\\\/index.php\\\/produit\\\/casque-lazer-century-led-taille-s-52-56\\\/\",\"name\":\"Casque Lazer Century Led Taille S 52-56 - Carbone0\",\"isPartOf\":{\"@id\":\"https:\\\/\\\/carbone0.fr\\\/#website\"},\"primaryImageOfPage\":{\"@id\":\"https:\\\/\\\/carbone0.fr\\\/index.php\\\/produit\\\/casque-lazer-century-led-taille-s-52-56\\\/#primaryimage\"},\"image\":{\"@id\":\"https:\\\/\\\/carbone0.fr\\\/index.php\\\/produit\\\/casque-lazer-century-led-taille-s-52-56\\\/#primaryimage\"},\"thumbnailUrl\":\"https:\\\/\\\/carbone0.fr\\\/wp-content\\\/uploads\\\/2022\\\/12\\\/MY2020_LAZER-CENTURY-WHITE-BLACK_3-4-RIGHT_CE.jpg.thumb_.572.572.jpg\",\"datePublished\":\"2022-12-09T15:30:03+00:00\",\"dateModified\":\"2023-11-01T17:48:37+00:00\",\"breadcrumb\":{\"@id\":\"https:\\\/\\\/carbone0.fr\\\/index.php\\\/produit\\\/casque-lazer-century-led-taille-s-52-56\\\/#breadcrumb\"},\"inLanguage\":\"fr-FR\",\"potentialAction\":[{\"@type\":\"ReadAction\",\"target\":[\"https:\\\/\\\/carbone0.fr\\\/index.php\\\/produit\\\/casque-lazer-century-led-taille-s-52-56\\\/\"]}]},{\"@type\":\"ImageObject\",\"inLanguage\":\"fr-FR\",\"@id\":\"https:\\\/\\\/carbone0.fr\\\/index.php\\\/produit\\\/casque-lazer-century-led-taille-s-52-56\\\/#primaryimage\",\"url\":\"https:\\\/\\\/carbone0.fr\\\/wp-content\\\/uploads\\\/2022\\\/12\\\/MY2020_LAZER-CENTURY-WHITE-BLACK_3-4-RIGHT_CE.jpg.thumb_.572.572.jpg\",\"contentUrl\":\"https:\\\/\\\/carbone0.fr\\\/wp-content\\\/uploads\\\/2022\\\/12\\\/MY2020_LAZER-CENTURY-WHITE-BLACK_3-4-RIGHT_CE.jpg.thumb_.572.572.jpg\",\"width\":572,\"height\":572,\"caption\":\"Casque Lazer Century\"},{\"@type\":\"BreadcrumbList\",\"@id\":\"https:\\\/\\\/carbone0.fr\\\/index.php\\\/produit\\\/casque-lazer-century-led-taille-s-52-56\\\/#breadcrumb\",\"itemListElement\":[{\"@type\":\"ListItem\",\"position\":1,\"name\":\"Accueil\",\"item\":\"https:\\\/\\\/carbone0.fr\\\/\"},{\"@type\":\"ListItem\",\"position\":2,\"name\":\"Boutique\",\"item\":\"https:\\\/\\\/carbone0.fr\\\/index.php\\\/boutique\\\/\"},{\"@type\":\"ListItem\",\"position\":3,\"name\":\"Casque Lazer Century Led Taille S 52-56\"}]},{\"@type\":\"WebSite\",\"@id\":\"https:\\\/\\\/carbone0.fr\\\/#website\",\"url\":\"https:\\\/\\\/carbone0.fr\\\/\",\"name\":\"Carbone0\",\"description\":\"LEGER-ECONOMIQUE-DURABLE\",\"publisher\":{\"@id\":\"https:\\\/\\\/carbone0.fr\\\/#organization\"},\"potentialAction\":[{\"@type\":\"SearchAction\",\"target\":{\"@type\":\"EntryPoint\",\"urlTemplate\":\"https:\\\/\\\/carbone0.fr\\\/?s={search_term_string}\"},\"query-input\":{\"@type\":\"PropertyValueSpecification\",\"valueRequired\":true,\"valueName\":\"search_term_string\"}}],\"inLanguage\":\"fr-FR\"},{\"@type\":\"Organization\",\"@id\":\"https:\\\/\\\/carbone0.fr\\\/#organization\",\"name\":\"Carbone0\",\"url\":\"https:\\\/\\\/carbone0.fr\\\/\",\"logo\":{\"@type\":\"ImageObject\",\"inLanguage\":\"fr-FR\",\"@id\":\"https:\\\/\\\/carbone0.fr\\\/#\\\/schema\\\/logo\\\/image\\\/\",\"url\":\"https:\\\/\\\/carbone0.fr\\\/wp-content\\\/uploads\\\/2025\\\/06\\\/logoLangloisConcept10carre1024_1.webp\",\"contentUrl\":\"https:\\\/\\\/carbone0.fr\\\/wp-content\\\/uploads\\\/2025\\\/06\\\/logoLangloisConcept10carre1024_1.webp\",\"width\":768,\"height\":1024,\"caption\":\"Carbone0\"},\"image\":{\"@id\":\"https:\\\/\\\/carbone0.fr\\\/#\\\/schema\\\/logo\\\/image\\\/\"},\"sameAs\":[\"https:\\\/\\\/www.instagram.com\\\/langlois_concept_caen\\\/\",\"https:\\\/\\\/www.youtube.com\\\/@Vincent_Langlois_Carbone0\"]}]}<\/script>\n<!-- \/ Yoast SEO plugin. -->","yoast_head_json":{"title":"Casque Lazer Century Led Taille S 52-56 - Carbone0","robots":{"index":"index","follow":"follow","max-snippet":"max-snippet:-1","max-image-preview":"max-image-preview:large","max-video-preview":"max-video-preview:-1"},"canonical":"https:\/\/carbone0.fr\/index.php\/produit\/casque-lazer-century-led-taille-s-52-56\/","og_locale":"fr_FR","og_type":"article","og_title":"Casque Lazer Century Led Taille S 52-56 - Carbone0","og_description":"Casque Lazer Century Led Taille S 52-56 r\u00e9f. BLC2207887406 Le casque Century est le r\u00e9sultat de 100 ans d&#8217;expertise. En int\u00e9grant toutes les connaissances de Lazer et les exigences des utilisateurs dans un seul concept, le Century devient une nouvelle r\u00e9f\u00e9rence qui n&#8217;exige aucune priorit\u00e9 entre la protection, le confort, l\u2019a\u00e9rodynamisme ou la visibilit\u00e9. Le [&hellip;]","og_url":"https:\/\/carbone0.fr\/index.php\/produit\/casque-lazer-century-led-taille-s-52-56\/","og_site_name":"Carbone0","article_modified_time":"2023-11-01T17:48:37+00:00","og_image":[{"width":572,"height":572,"url":"https:\/\/carbone0.fr\/wp-content\/uploads\/2022\/12\/MY2020_LAZER-CENTURY-WHITE-BLACK_3-4-RIGHT_CE.jpg.thumb_.572.572.jpg","type":"image\/jpeg"}],"twitter_card":"summary_large_image","twitter_misc":{"Dur\u00e9e de lecture estim\u00e9e":"1 minute"},"schema":{"@context":"https:\/\/schema.org","@graph":[{"@type":"WebPage","@id":"https:\/\/carbone0.fr\/index.php\/produit\/casque-lazer-century-led-taille-s-52-56\/","url":"https:\/\/carbone0.fr\/index.php\/produit\/casque-lazer-century-led-taille-s-52-56\/","name":"Casque Lazer Century Led Taille S 52-56 - Carbone0","isPartOf":{"@id":"https:\/\/carbone0.fr\/#website"},"primaryImageOfPage":{"@id":"https:\/\/carbone0.fr\/index.php\/produit\/casque-lazer-century-led-taille-s-52-56\/#primaryimage"},"image":{"@id":"https:\/\/carbone0.fr\/index.php\/produit\/casque-lazer-century-led-taille-s-52-56\/#primaryimage"},"thumbnailUrl":"https:\/\/carbone0.fr\/wp-content\/uploads\/2022\/12\/MY2020_LAZER-CENTURY-WHITE-BLACK_3-4-RIGHT_CE.jpg.thumb_.572.572.jpg","datePublished":"2022-12-09T15:30:03+00:00","dateModified":"2023-11-01T17:48:37+00:00","breadcrumb":{"@id":"https:\/\/carbone0.fr\/index.php\/produit\/casque-lazer-century-led-taille-s-52-56\/#breadcrumb"},"inLanguage":"fr-FR","potentialAction":[{"@type":"ReadAction","target":["https:\/\/carbone0.fr\/index.php\/produit\/casque-lazer-century-led-taille-s-52-56\/"]}]},{"@type":"ImageObject","inLanguage":"fr-FR","@id":"https:\/\/carbone0.fr\/index.php\/produit\/casque-lazer-century-led-taille-s-52-56\/#primaryimage","url":"https:\/\/carbone0.fr\/wp-content\/uploads\/2022\/12\/MY2020_LAZER-CENTURY-WHITE-BLACK_3-4-RIGHT_CE.jpg.thumb_.572.572.jpg","contentUrl":"https:\/\/carbone0.fr\/wp-content\/uploads\/2022\/12\/MY2020_LAZER-CENTURY-WHITE-BLACK_3-4-RIGHT_CE.jpg.thumb_.572.572.jpg","width":572,"height":572,"caption":"Casque Lazer Century"},{"@type":"BreadcrumbList","@id":"https:\/\/carbone0.fr\/index.php\/produit\/casque-lazer-century-led-taille-s-52-56\/#breadcrumb","itemListElement":[{"@type":"ListItem","position":1,"name":"Accueil","item":"https:\/\/carbone0.fr\/"},{"@type":"ListItem","position":2,"name":"Boutique","item":"https:\/\/carbone0.fr\/index.php\/boutique\/"},{"@type":"ListItem","position":3,"name":"Casque Lazer Century Led Taille S 52-56"}]},{"@type":"WebSite","@id":"https:\/\/carbone0.fr\/#website","url":"https:\/\/carbone0.fr\/","name":"Carbone0","description":"LEGER-ECONOMIQUE-DURABLE","publisher":{"@id":"https:\/\/carbone0.fr\/#organization"},"potentialAction":[{"@type":"SearchAction","target":{"@type":"EntryPoint","urlTemplate":"https:\/\/carbone0.fr\/?s={search_term_string}"},"query-input":{"@type":"PropertyValueSpecification","valueRequired":true,"valueName":"search_term_string"}}],"inLanguage":"fr-FR"},{"@type":"Organization","@id":"https:\/\/carbone0.fr\/#organization","name":"Carbone0","url":"https:\/\/carbone0.fr\/","logo":{"@type":"ImageObject","inLanguage":"fr-FR","@id":"https:\/\/carbone0.fr\/#\/schema\/logo\/image\/","url":"https:\/\/carbone0.fr\/wp-content\/uploads\/2025\/06\/logoLangloisConcept10carre1024_1.webp","contentUrl":"https:\/\/carbone0.fr\/wp-content\/uploads\/2025\/06\/logoLangloisConcept10carre1024_1.webp","width":768,"height":1024,"caption":"Carbone0"},"image":{"@id":"https:\/\/carbone0.fr\/#\/schema\/logo\/image\/"},"sameAs":["https:\/\/www.instagram.com\/langlois_concept_caen\/","https:\/\/www.youtube.com\/@Vincent_Langlois_Carbone0"]}]}},"jetpack_sharing_enabled":true,"_links":{"self":[{"href":"https:\/\/carbone0.fr\/index.php\/wp-json\/wp\/v2\/product\/759","targetHints":{"allow":["GET"]}}],"collection":[{"href":"https:\/\/carbone0.fr\/index.php\/wp-json\/wp\/v2\/product"}],"about":[{"href":"https:\/\/carbone0.fr\/index.php\/wp-json\/wp\/v2\/types\/product"}],"replies":[{"embeddable":true,"href":"https:\/\/carbone0.fr\/index.php\/wp-json\/wp\/v2\/comments?post=759"}],"wp:featuredmedia":[{"embeddable":true,"href":"https:\/\/carbone0.fr\/index.php\/wp-json\/wp\/v2\/media\/764"}],"wp:attachment":[{"href":"https:\/\/carbone0.fr\/index.php\/wp-json\/wp\/v2\/media?parent=759"}],"wp:term":[{"taxonomy":"product_brand","embeddable":true,"href":"https:\/\/carbone0.fr\/index.php\/wp-json\/wp\/v2\/product_brand?post=759"},{"taxonomy":"product_cat","embeddable":true,"href":"https:\/\/carbone0.fr\/index.php\/wp-json\/wp\/v2\/product_cat?post=759"},{"taxonomy":"product_tag","embeddable":true,"href":"https:\/\/carbone0.fr\/index.php\/wp-json\/wp\/v2\/product_tag?post=759"}],"curies":[{"name":"wp","href":"https:\/\/api.w.org\/{rel}","templated":true}]}}